{"id":31011,"date":"2022-06-09T10:40:51","date_gmt":"2022-06-09T08:40:51","guid":{"rendered":"https:\/\/doll.shop\/produkt\/lalka-milosci-nadia-157-cm\/"},"modified":"2026-03-11T01:57:46","modified_gmt":"2026-03-11T00:57:46","slug":"lalka-milosci-nadia-157-cm","status":"publish","type":"product","link":"https:\/\/doll.shop\/pl\/produkt\/lalka-milosci-nadia-157-cm\/","title":{"rendered":"Lalka mi\u0142o\u015bci Nadia | 157 cm"},"content":{"rendered":"","protected":false},"excerpt":{"rendered":"<p>WM Doll Nadia nie mo\u017cna si\u0119 oprze\u0107. Jest taka bezczelna i dzika, a jednocze\u015bnie wygl\u0105da tak pi\u0119knie. Gdy ju\u017c zobaczysz swoje wymarzone cia\u0142o, nie b\u0119dziesz chcia\u0142 niczego innego. Dobrze, \u017ce WM Doll Nadia b\u0119dzie z wami tak d\u0142ugo. Je\u015bli lubisz szczup\u0142e kobiety z bezczeln\u0105, kr\u0119con\u0105 fryzur\u0105, zdecydowanie nie powiniene\u015b przegapi\u0107 Nadii. Ale ma nie tylko idealne cia\u0142o. Nadia ma r\u00f3wnie\u017c naprawd\u0119 \u0142adn\u0105 twarz, kt\u00f3ra wyr\u00f3\u017cnia si\u0119 z t\u0142umu.<\/p>\n","protected":false},"featured_media":31065,"comment_status":"open","ping_status":"closed","template":"","meta":[],"product_brand":[],"product_cat":[707,747],"product_tag":[],"class_list":{"0":"post-31011","1":"product","2":"type-product","3":"status-publish","4":"has-post-thumbnail","6":"product_cat-sex-doll","7":"product_cat-wm-doll-pl","8":"pa_brand-wm-doll-pl","10":"first","11":"onbackorder","12":"taxable","13":"shipping-taxable","14":"purchasable","15":"product-type-simple"},"_links":{"self":[{"href":"https:\/\/doll.shop\/pl\/wp-json\/wp\/v2\/product\/31011","targetHints":{"allow":["GET"]}}],"collection":[{"href":"https:\/\/doll.shop\/pl\/wp-json\/wp\/v2\/product"}],"about":[{"href":"https:\/\/doll.shop\/pl\/wp-json\/wp\/v2\/types\/product"}],"replies":[{"embeddable":true,"href":"https:\/\/doll.shop\/pl\/wp-json\/wp\/v2\/comments?post=31011"}],"wp:featuredmedia":[{"embeddable":true,"href":"https:\/\/doll.shop\/pl\/wp-json\/wp\/v2\/media\/31065"}],"wp:attachment":[{"href":"https:\/\/doll.shop\/pl\/wp-json\/wp\/v2\/media?parent=31011"}],"wp:term":[{"taxonomy":"product_brand","embeddable":true,"href":"https:\/\/doll.shop\/pl\/wp-json\/wp\/v2\/product_brand?post=31011"},{"taxonomy":"product_cat","embeddable":true,"href":"https:\/\/doll.shop\/pl\/wp-json\/wp\/v2\/product_cat?post=31011"},{"taxonomy":"product_tag","embeddable":true,"href":"https:\/\/doll.shop\/pl\/wp-json\/wp\/v2\/product_tag?post=31011"}],"curies":[{"name":"wp","href":"https:\/\/api.w.org\/{rel}","templated":true}]}}