{"id":951650,"date":"2026-01-20T15:29:33","date_gmt":"2026-01-20T14:29:33","guid":{"rendered":"https:\/\/doll.shop\/o-nas\/"},"modified":"2026-01-20T16:17:29","modified_gmt":"2026-01-20T15:17:29","slug":"o-nas","status":"publish","type":"page","link":"https:\/\/doll.shop\/pl\/o-nas\/","title":{"rendered":"O nas"},"content":{"rendered":"\n<style>\n    \/* --- ZMIENNE CSS --- *\/\n    :root {\n        --ds-primary: #be123c;\n        --ds-primary-bg: #fff1f2;\n        --ds-text-dark: #1f2937;\n        --ds-text-light: #6b7280;\n        --ds-border: #e5e7eb;\n        --ds-bg-body: #f9fafb;\n        --ds-radius: 8px;\n    }\n\n    \/* --- PODSTAWOWY UK\u0141AD --- *\/\n    .ds-av-wrapper {\n        font-family: -apple-system, BlinkMacSystemFont, \"Segoe UI\", Roboto, Helvetica, Arial, sans-serif;\n        color: var(--ds-text-dark);\n        line-height: 1.6;\n        max-width: 1200px;\n        margin: 0 auto;\n        padding: 0px;\n    }\n\n    \/* --- G\u0141\u00d3WNA TRE\u015a\u0106 --- *\/\n    .ds-content {\n        background: #fff;\n        padding: 40px;\n        border: 1px solid var(--ds-border);\n        border-radius: var(--ds-radius);\n    }\n\n    .ds-content h2 { \n        margin-top: 0; \n        margin-bottom: 40px; \n        font-size: 28px; \n        color: var(--ds-text-dark);\n        text-align: center;\n    }\n    \n    .ds-article { \n        margin-bottom: 80px;\n    }\n\n    .ds-article:last-child {\n        margin-bottom: 0;\n    }\n    \n    \/* --- UK\u0141AD W RZ\u0118DACH --- *\/\n    .ds-row {\n        display: flex;\n        align-items: center;\n        gap: 60px;\n    }\n\n    .ds-row.reverse {\n        flex-direction: row-reverse;\n    }\n\n    .ds-col-text { flex: 1; }\n    .ds-col-img { flex: 1; }\n\n    .ds-article h3 { \n        font-size: 22px; \n        font-weight: 700; \n        margin-bottom: 20px; \n        display: flex; \n        align-items: center; \n        margin-top: 0;\n        color: var(--ds-text-dark);\n    }\n    \n    .ds-article h3::before { \n        content: ''; \n        display: inline-block; \n        width: 4px; \n        height: 22px; \n        background-color: var(--ds-primary); \n        margin-right: 12px; \n        border-radius: 2px; \n    }\n    \n    .ds-content p { \n        font-size: 16px; \n        color: #374151; \n        margin-bottom: 16px; \n        line-height: 1.7;\n    }\n    \n    .ds-content img {\n        width: 100%;\n        height: auto;\n        border-radius: var(--ds-radius);\n        box-shadow: 0 4px 20px rgba(0,0,0,0.08);\n        display: block;\n        transition: transform 0.3s ease;\n    }\n\n    .ds-content img:hover {\n        transform: scale(1.01);\n    }\n    \n    \/* --- MOBILE --- *\/\n    @media (max-width: 900px) {\n        .ds-content {\n            padding: 20px;\n            border: none;\n        }\n\n        .ds-content h2 {\n            font-size: 24px;\n            margin-bottom: 30px;\n            text-align: left;\n        }\n\n        .ds-article { \n            margin-bottom: 50px; \n        }\n\n        .ds-row, .ds-row.reverse {\n            flex-direction: column; \n            gap: 20px;\n        }\n\n        .ds-col-text { order: 1; }\n        .ds-col-img { order: 2; width: 100%; }\n\n        .ds-article h3 {\n            font-size: 20px;\n        }\n    }\n<\/style>\n\n<div class=\"ds-av-wrapper\">\n    <main class=\"ds-content\">\n        <h2>O Doll.shop<\/h2>\n\n        <div class=\"ds-article\">\n            <div class=\"ds-row\">\n                <div class=\"ds-col-text\">\n                    <h3>Specjalista od lalek erotycznych<\/h3>\n                    <p>Doll.shop to Twoje zaufane miejsce, je\u015bli szukasz realistycznych lalek erotycznych. Oferujemy wysokiej jako\u015bci lalki erotyczne z naszych magazyn\u00f3w w Holandii w zaskakuj\u0105co niskich cenach. Trudno znale\u017a\u0107 lalki erotyczne taniej ni\u017c u nas.<\/p>\n                <\/div>\n                <div class=\"ds-col-img\">\n                    <img decoding=\"async\" src=\"https:\/\/doll.shop\/wp-content\/uploads\/2022\/09\/uber_doll24.jpg\" alt=\"Showroom Doll.shop i specjalista\" title=\"\">\n                <\/div>\n            <\/div>\n        <\/div>\n\n        <div class=\"ds-article\">\n            <h3>Nasza historia<\/h3>\n            <p>W 2010 roku zacz\u0119li\u015bmy sprzedawa\u0107 realistyczne lalki erotyczne w Holandii. Nasz cel by\u0142 prosty: <strong>wysokiej jako\u015bci lalki erotyczne dla ka\u017cdego<\/strong>. W ci\u0105gu kilku lat mocno si\u0119 rozwin\u0119li\u015bmy i dzi\u015b jeste\u015bmy najwi\u0119kszym dostawc\u0105 w Holandii i Belgii. Dzi\u0119ki poleceniom pasjonat\u00f3w, od 2019 roku coraz wi\u0119cej klient\u00f3w z Niemiec i Francji zacz\u0119\u0142o odwiedza\u0107 nasz holenderski showroom.<\/p>\n            <p>Na pro\u015bb\u0119 niemieckich klient\u00f3w w 2020 roku postawili\u015bmy pierwsze kroki na rynku niemieckim. Od 2021 roku zatrudniamy tak\u017ce pracownik\u00f3w w Niemczech i posiadamy tam w\u0142asn\u0105 lokalizacj\u0119. Naszym celem jest dalsza ekspansja i dotarcie do kolejnych kraj\u00f3w w Europie.<\/p>\n        <\/div>\n\n        <div class=\"ds-article\">\n            <div class=\"ds-row reverse\">\n                <div class=\"ds-col-text\">\n                    <h3>Kto w\u0142a\u015bciwie kupuje lalki erotyczne?<\/h3>\n                    <p>W Doll.shop lalki erotyczne kupuj\u0105 m\u0119\u017cczy\u017ani, kobiety oraz pary. Jedni szukaj\u0105 realistycznych dozna\u0144 seksualnych, inni ceni\u0105 sobie przede wszystkim towarzystwo.<\/p>\n                    <p>Poza klientami indywidualnymi regularnie sprzedajemy lalki r\u00f3wnie\u017c firmom z bran\u017cy kreatywnej. Nasze modele trafiaj\u0105 do produkcji filmowych, muze\u00f3w oraz na wystawy. Lalki erotyczne to ju\u017c nie tylko produkt do u\u017cytku prywatnego \u2013 s\u0105 wszechstronne i mog\u0105 by\u0107 czym\u015b wi\u0119cej ni\u017c tylko partnerem do \u0142\u00f3\u017cka.<\/p>\n                <\/div>\n                <div class=\"ds-col-img\">\n                    <img decoding=\"async\" src=\"https:\/\/doll.shop\/wp-content\/uploads\/2022\/09\/Liebespuppe_Kunst.jpg\" alt=\"Lalka erotyczna w artystycznym otoczeniu\" title=\"\">\n                <\/div>\n            <\/div>\n        <\/div>\n\n        <div class=\"ds-article\">\n            <div class=\"ds-row\">\n                <div class=\"ds-col-text\">\n                    <h3>Zawsze najlepsza cena<\/h3>\n                    <p>Aby lalki mi\u0142osne by\u0142y dost\u0119pne dla ka\u017cdego, stale dbamy o efektywno\u015b\u0107 i optymalizacj\u0119 koszt\u00f3w. Kupujemy lalki erotyczne w du\u017cych ilo\u015bciach, dzi\u0119ki czemu mo\u017cemy zaoferowa\u0107 Ci zawsze najlepsz\u0105 cen\u0119 \u2013 bez kompromis\u00f3w w kwestii jako\u015bci i obs\u0142ugi.<\/p>\n                <\/div>\n                <div class=\"ds-col-img\">\n                    <img decoding=\"async\" src=\"https:\/\/doll.shop\/wp-content\/uploads\/2022\/09\/niedrigster_preis.jpg\" alt=\"Gwarancja najlepszej ceny\" title=\"\">\n                <\/div>\n            <\/div>\n        <\/div>\n\n        <div class=\"ds-article\">\n            <div class=\"ds-row reverse\">\n                <div class=\"ds-col-text\">\n                    <h3>Jako\u015b\u0107 i niezawodno\u015b\u0107<\/h3>\n                    <p>Lalka erotyczna to nie jest zwyk\u0142y produkt \u2013 chcesz mie\u0107 pewno\u015b\u0107, \u017ce dostaniesz dok\u0142adnie to, czego si\u0119 spodziewasz. Dlatego wsp\u00f3\u0142pracujemy m.in. z fundacj\u0105 WebwinkelKeur, kt\u00f3ra regularnie sprawdza, czy spe\u0142niamy wszystkie wymogi prawne i czy nasi klienci s\u0105 zadowoleni.<\/p>\n                    <p>Nasi dostawcy r\u00f3wnie\u017c s\u0105 regularnie kontrolowani, aby zagwarantowa\u0107 najwy\u017csz\u0105 jako\u015b\u0107 produkt\u00f3w.<\/p>\n                <\/div>\n                <div class=\"ds-col-img\">\n                    <img decoding=\"async\" src=\"https:\/\/doll.shop\/wp-content\/uploads\/2022\/09\/Sexpuppe_spezialist.jpg\" alt=\"Kontrola jako\u015bci lalek erotycznych\" title=\"\">\n                <\/div>\n            <\/div>\n        <\/div>\n\n        <div class=\"ds-article\">\n            <div class=\"ds-row\">\n                <div class=\"ds-col-text\">\n                    <h3>Szybka i dyskretna dostawa<\/h3>\n                    <p>Doll.shop ma zawsze co najmniej 1 000 modeli dost\u0119pnych w magazynie. Je\u015bli zam\u00f3wisz model dost\u0119pny od r\u0119ki przed godzin\u0105 14:00, cz\u0119sto mo\u017cemy wys\u0142a\u0107 zam\u00f3wienie jeszcze tego samego dnia. Dzi\u0119ki temu Twoja wymarzona towarzyszka dotrze do Ciebie w ci\u0105gu kilku dni.<\/p>\n                    <p>Na opakowaniach nie ma nazwy naszej strony, dostawcy ani produktu. Ca\u0142y proces wysy\u0142ki jest w pe\u0142ni anonimowy. Nie musisz si\u0119 martwi\u0107 ciekawskimi spojrzeniami \u2013 Twoje zam\u00f3wienie w Doll.shop jest tylko dla Ciebie.<\/p>\n                <\/div>\n                <div class=\"ds-col-img\">\n                    <img decoding=\"async\" src=\"https:\/\/doll.shop\/wp-content\/uploads\/2022\/09\/firedoll-spezialist.jpg\" alt=\"Dyskretna dostawa\" title=\"\">\n                <\/div>\n            <\/div>\n        <\/div>\n\n    <\/main>\n<\/div>\n","protected":false},"excerpt":{"rendered":"<p>O Doll.shop Specjalista od lalek erotycznych Doll.shop to Twoje zaufane miejsce, je\u015bli szukasz realistycznych lalek erotycznych. Oferujemy wysokiej jako\u015bci lalki<\/p>\n","protected":false},"author":1,"featured_media":0,"parent":0,"menu_order":0,"comment_status":"closed","ping_status":"closed","template":"","meta":{"footnotes":""},"class_list":["post-951650","page","type-page","status-publish","hentry"],"_links":{"self":[{"href":"https:\/\/doll.shop\/pl\/wp-json\/wp\/v2\/pages\/951650","targetHints":{"allow":["GET"]}}],"collection":[{"href":"https:\/\/doll.shop\/pl\/wp-json\/wp\/v2\/pages"}],"about":[{"href":"https:\/\/doll.shop\/pl\/wp-json\/wp\/v2\/types\/page"}],"author":[{"embeddable":true,"href":"https:\/\/doll.shop\/pl\/wp-json\/wp\/v2\/users\/1"}],"replies":[{"embeddable":true,"href":"https:\/\/doll.shop\/pl\/wp-json\/wp\/v2\/comments?post=951650"}],"version-history":[{"count":2,"href":"https:\/\/doll.shop\/pl\/wp-json\/wp\/v2\/pages\/951650\/revisions"}],"predecessor-version":[{"id":951669,"href":"https:\/\/doll.shop\/pl\/wp-json\/wp\/v2\/pages\/951650\/revisions\/951669"}],"wp:attachment":[{"href":"https:\/\/doll.shop\/pl\/wp-json\/wp\/v2\/media?parent=951650"}],"curies":[{"name":"wp","href":"https:\/\/api.w.org\/{rel}","templated":true}]}}