{"id":951448,"date":"2026-01-18T07:30:55","date_gmt":"2026-01-18T06:30:55","guid":{"rendered":"https:\/\/doll.shop\/baza-wiedzy\/"},"modified":"2026-01-20T09:48:28","modified_gmt":"2026-01-20T08:48:28","slug":"baza-wiedzy","status":"publish","type":"page","link":"https:\/\/doll.shop\/pl\/baza-wiedzy\/","title":{"rendered":"Baza wiedzy"},"content":{"rendered":"\n<p><code>\t<div class=\"kb-wrapper kb-hub-wrapper\">\n\t\t\n\t\t<div class=\"kb-mobile-hub-nav\">\n\t\t\t<div class=\"kb-mobile-search-wrapper\">\n\t\t\t\t<div class=\"kb-search-container mobile-search\">\n\t\t\t\t\t<svg class=\"kb-search-icon mobile-icon\" xmlns=\"[http:\/\/www.w3.org\/2000\/svg](http:\/\/www.w3.org\/2000\/svg)\" fill=\"none\" viewBox=\"0 0 24 24\" stroke=\"currentColor\">\n\t\t\t\t\t\t<path stroke-linecap=\"round\" stroke-linejoin=\"round\" stroke-width=\"2\" d=\"M21 21l-6-6m2-5a7 7 0 11-14 0 7 7 0 0114 0z\" \/>\n\t\t\t\t\t<\/svg>\n\t\t\t\t\t<input type=\"text\" class=\"kb-sidebar-search dvwz-kb-ajax-input mobile-input\" placeholder=\"Przeszukaj baz\u0119 wiedzy\u2026\" autocomplete=\"off\">\n\t\t\t\t\t<div class=\"dvwz-kb-search-results mobile-results\"><\/div>\n\t\t\t\t<\/div>\n\t\t\t<\/div>\n\t\t<\/div>\n\n\t\t<header class=\"kb-hero\">\n\t\t\t<div class=\"kb-hero-inner\">\n\t\t\t\t<div class=\"kb-hero-text\">\n\t\t\t\t\t<h1>\n\t\t\t\t\t\t<svg xmlns=\"[http:\/\/www.w3.org\/2000\/svg](http:\/\/www.w3.org\/2000\/svg)\" fill=\"none\" viewBox=\"0 0 24 24\" stroke=\"currentColor\">\n\t\t\t\t\t\t\t<path stroke-linecap=\"round\" stroke-linejoin=\"round\" stroke-width=\"2\" d=\"M12 6.253v13m0-13C10.832 5.477 9.246 5 7.5 5S4.168 5.477 3 6.253v13C4.168 18.477 5.754 18 7.5 18s3.332.477 4.5 1.253m0-13C13.168 5.477 14.754 5 16.5 5c1.747 0 3.332.477 4.5 1.253v13C19.832 18.477 18.247 18 16.5 18c-1.746 0-3.332.477-4.5 1.253\" \/>\n\t\t\t\t\t\t<\/svg>\n\t\t\t\t\t\tBaza wiedzy\t\t\t\t\t<\/h1>\n\t\t\t\t\t<p>Praktyczne informacje dotycz\u0105ce wyboru, piel\u0119gnacji i dyskretnego u\u017cytkowania lalek erotycznych.<\/p>\n\t\t\t\t<\/div>\n\t\t\t\t\n\t\t\t\t<div class=\"kb-search-container kb-desktop-only-search\">\n\t\t\t\t\t<svg class=\"kb-search-icon\" xmlns=\"[http:\/\/www.w3.org\/2000\/svg](http:\/\/www.w3.org\/2000\/svg)\" fill=\"none\" viewBox=\"0 0 24 24\" stroke=\"currentColor\"><path stroke-linecap=\"round\" stroke-linejoin=\"round\" stroke-width=\"2\" d=\"M21 21l-6-6m2-5a7 7 0 11-14 0 7 7 0 0114 0z\" \/><\/svg>\n\t\t\t\t\t<input type=\"text\" class=\"kb-shared-search dvwz-kb-ajax-input\" placeholder=\"Przeszukaj baz\u0119 wiedzy\u2026\" autocomplete=\"off\">\n\t\t\t\t\t<div class=\"dvwz-kb-search-results\"><\/div>\n\t\t\t\t<\/div>\n\t\t\t<\/div>\n\t\t<\/header>\n\n\t\t<div class=\"kb-container\">\n\t\t\t<div class=\"kb-section-label\">Tematy<\/div>\n\t\t\t<div class=\"kb-grid\">\n\t\t\t\t\t\t\t\t<div class=\"kb-card\">\n\t\t\t\t\t<div class=\"kb-card-header\">\n\t\t\t\t\t\t<div class=\"kb-card-icon\"><svg xmlns=\"[http:\/\/www.w3.org\/2000\/svg](http:\/\/www.w3.org\/2000\/svg)\" fill=\"none\" viewBox=\"0 0 24 24\" stroke=\"currentColor\"><path stroke-linecap=\"round\" stroke-linejoin=\"round\" stroke-width=\"2\" d=\"M3 7v10a2 2 0 002 2h14a2 2 0 002-2V9a2 2 0 00-2-2h-6l-2-2H5a2 2 0 00-2 2z\" \/><\/svg><\/div>\n\t\t\t\t\t\t<h3>Dyskrecja, p\u0142atno\u015b\u0107 i dostawa<\/h3>\n\t\t\t\t\t<\/div>\n\t\t\t\t\t<div class=\"kb-card-desc\"><p>Zachowujesz kontrol\u0119 nad prywatno\u015bci\u0105 i dostaw\u0105. Wyja\u015bniamy, co widzisz na pude\u0142ku, jak dzia\u0142a dostawa i \u015bledzenie oraz jakie masz mo\u017cliwo\u015bci wyboru podczas p\u0142atno\u015bci.<\/p><\/div>\n\t\t\t\t\t\t\t\t\t\t\t<ul class=\"kb-link-list\">\n\t\t\t\t\t\t\t\t\t\t\t\t\t\t\t<li class=\"\"><a href=\"https:\/\/doll.shop\/pl\/kennisbank\/czas-dostawy-i-dostawa\/\">Czas dostawy i dostawa<\/a><\/li>\n\t\t\t\t\t\t\t\t\t\t\t\t\t\t\t<li class=\"\"><a href=\"https:\/\/doll.shop\/pl\/kennisbank\/dyskretne-opakowanie\/\">Dyskretne opakowanie<\/a><\/li>\n\t\t\t\t\t\t\t\t\t\t\t\t\t\t\t<li class=\"\"><a href=\"https:\/\/doll.shop\/pl\/kennisbank\/clo-vat-i-zadnych-niespodzianek-pozniej\/\">C\u0142o, VAT i \u017cadnych niespodzianek p\u00f3\u017aniej<\/a><\/li>\n\t\t\t\t\t\t\t\t\t\t\t\t\t\t\t<li class=\"\"><a href=\"https:\/\/doll.shop\/pl\/kennisbank\/dyskretne-i-bezpieczne-platnosci\/\">Dyskretne i bezpieczne p\u0142atno\u015bci<\/a><\/li>\n\t\t\t\t\t\t\t\t\t\t\t\t\t\t\t<li class=\"\"><a href=\"https:\/\/doll.shop\/pl\/kennisbank\/dostarczanie-niestandardowych-modeli\/\">Dostarczanie niestandardowych modeli<\/a><\/li>\n\t\t\t\t\t\t\t\t\t\t\t\t\t\t\t<li class=\"kb-hidden-item\"><a href=\"https:\/\/doll.shop\/pl\/kennisbank\/prywatnosc-przed-w-trakcie-i-po-zlozeniu-zamowienia\/\">Prywatno\u015b\u0107 przed, w trakcie i po z\u0142o\u017ceniu zam\u00f3wienia<\/a><\/li>\n\t\t\t\t\t\t\t\t\t\t\t\t\t<\/ul>\n\t\t\t\t\t\t\t\t\t\t\t\t\t<button class=\"kb-show-more-btn\" data-text=\"Poka\u017c wszystkie 6 artyku\u0142y\">\n\t\t\t\t\t\t\t\tPoka\u017c wszystkie 6 artyku\u0142y\t\t\t\t\t\t\t<\/button>\n\t\t\t\t\t\t\t\t\t\t\t\t\t\t\t<\/div>\n\t\t\t\t\t\t\t\t<div class=\"kb-card\">\n\t\t\t\t\t<div class=\"kb-card-header\">\n\t\t\t\t\t\t<div class=\"kb-card-icon\"><svg xmlns=\"[http:\/\/www.w3.org\/2000\/svg](http:\/\/www.w3.org\/2000\/svg)\" fill=\"none\" viewBox=\"0 0 24 24\" stroke=\"currentColor\"><path stroke-linecap=\"round\" stroke-linejoin=\"round\" stroke-width=\"2\" d=\"M3 7v10a2 2 0 002 2h14a2 2 0 002-2V9a2 2 0 00-2-2h-6l-2-2H5a2 2 0 00-2 2z\" \/><\/svg><\/div>\n\t\t\t\t\t\t<h3>Podr\u0119cznik<\/h3>\n\t\t\t\t\t<\/div>\n\t\t\t\t\t<div class=\"kb-card-desc\"><p>Odpowiednia konserwacja wyd\u0142u\u017ca \u017cywotno\u015b\u0107 i utrzymuje wszystko \u015bwie\u017ce i pi\u0119kne. Otrzymasz jasne kroki dotycz\u0105ce czyszczenia, suszenia, przechowywania i radzenia sobie z plamami.<\/p><\/div>\n\t\t\t\t\t\t\t\t\t\t\t<ul class=\"kb-link-list\">\n\t\t\t\t\t\t\t\t\t\t\t\t\t\t\t<li class=\"\"><a href=\"https:\/\/doll.shop\/pl\/kennisbank\/rozpakowywanie-i-instalacja-po-raz-pierwszy\/\">Rozpakowywanie i instalacja po raz pierwszy<\/a><\/li>\n\t\t\t\t\t\t\t\t\t\t\t\t\t\t\t<li class=\"\"><a href=\"https:\/\/doll.shop\/pl\/kennisbank\/konserwacja-i-czyszczenie-lalki-erotycznej\/\">Konserwacja i czyszczenie lalki erotycznej<\/a><\/li>\n\t\t\t\t\t\t\t\t\t\t\t\t\t\t\t<li class=\"\"><a href=\"https:\/\/doll.shop\/pl\/kennisbank\/radzenie-sobie-z-plamami-i-przebarwieniami\/\">Radzenie sobie z plamami i przebarwieniami<\/a><\/li>\n\t\t\t\t\t\t\t\t\t\t\t\t\t<\/ul>\n\t\t\t\t\t\t\t\t\t\t\t\t\t\t\t<\/div>\n\t\t\t\t\t\t\t\t<div class=\"kb-card\">\n\t\t\t\t\t<div class=\"kb-card-header\">\n\t\t\t\t\t\t<div class=\"kb-card-icon\"><svg xmlns=\"[http:\/\/www.w3.org\/2000\/svg](http:\/\/www.w3.org\/2000\/svg)\" fill=\"none\" viewBox=\"0 0 24 24\" stroke=\"currentColor\"><path stroke-linecap=\"round\" stroke-linejoin=\"round\" stroke-width=\"2\" d=\"M3 7v10a2 2 0 002 2h14a2 2 0 002-2V9a2 2 0 00-2-2h-6l-2-2H5a2 2 0 00-2 2z\" \/><\/svg><\/div>\n\t\t\t\t\t\t<h3>Pomoc w wyborze i personalizacja<\/h3>\n\t\t\t\t\t<\/div>\n\t\t\t\t\t<div class=\"kb-card-desc\"><p>Kt\u00f3ra lalka naprawd\u0119 Ci odpowiada? Tutaj decydujesz o materiale, rozmiarze, opcjach i wyko\u0144czeniu. Szybko. Wyra\u017anie. Aby\u015b wybra\u0142 z pewno\u015bci\u0105 i nie \u017ca\u0142owa\u0142 tego p\u00f3\u017aniej.<\/p><\/div>\n\t\t\t\t\t\t\t\t\t\t\t<ul class=\"kb-link-list\">\n\t\t\t\t\t\t\t\t\t\t\t\t\t\t\t<li class=\"\"><a href=\"https:\/\/doll.shop\/pl\/kennisbank\/opcje-w-lalkach-erotycznych-co-ma-sens-a-co-nie\/\">Opcje w lalkach erotycznych: co ma sens, a co nie?<\/a><\/li>\n\t\t\t\t\t\t\t\t\t\t\t\t\t\t\t<li class=\"\"><a href=\"https:\/\/doll.shop\/pl\/kennisbank\/ktora-marka-lalek-erotycznych-ci-odpowiada\/\">Kt\u00f3ra marka lalek erotycznych Ci odpowiada?<\/a><\/li>\n\t\t\t\t\t\t\t\t\t\t\t\t\t<\/ul>\n\t\t\t\t\t\t\t\t\t\t\t\t\t\t\t<\/div>\n\t\t\t\t\t\t\t<\/div>\n\t\t<\/div>\n\t<\/div>\n\t<\/code><\/p>\n","protected":false},"excerpt":{"rendered":"","protected":false},"author":1,"featured_media":0,"parent":0,"menu_order":0,"comment_status":"closed","ping_status":"closed","template":"","meta":{"footnotes":""},"class_list":["post-951448","page","type-page","status-publish","hentry"],"_links":{"self":[{"href":"https:\/\/doll.shop\/pl\/wp-json\/wp\/v2\/pages\/951448","targetHints":{"allow":["GET"]}}],"collection":[{"href":"https:\/\/doll.shop\/pl\/wp-json\/wp\/v2\/pages"}],"about":[{"href":"https:\/\/doll.shop\/pl\/wp-json\/wp\/v2\/types\/page"}],"author":[{"embeddable":true,"href":"https:\/\/doll.shop\/pl\/wp-json\/wp\/v2\/users\/1"}],"replies":[{"embeddable":true,"href":"https:\/\/doll.shop\/pl\/wp-json\/wp\/v2\/comments?post=951448"}],"version-history":[{"count":1,"href":"https:\/\/doll.shop\/pl\/wp-json\/wp\/v2\/pages\/951448\/revisions"}],"predecessor-version":[{"id":951453,"href":"https:\/\/doll.shop\/pl\/wp-json\/wp\/v2\/pages\/951448\/revisions\/951453"}],"wp:attachment":[{"href":"https:\/\/doll.shop\/pl\/wp-json\/wp\/v2\/media?parent=951448"}],"curies":[{"name":"wp","href":"https:\/\/api.w.org\/{rel}","templated":true}]}}