{"id":30778,"date":"2022-09-27T11:55:07","date_gmt":"2022-09-27T09:55:07","guid":{"rendered":"https:\/\/doll.shop\/autentycznosc-lalek-erotycznych\/"},"modified":"2024-05-03T13:15:33","modified_gmt":"2024-05-03T11:15:33","slug":"autentycznosc-lalek-erotycznych","status":"publish","type":"page","link":"https:\/\/doll.shop\/pl\/autentycznosc-lalek-erotycznych\/","title":{"rendered":"Autentyczno\u015b\u0107 lalek erotycznych"},"content":{"rendered":"\n<p>Lalki erotyczne staj\u0105 si\u0119 obecnie coraz bardziej popularne. W rezultacie w obiegu jest niestety coraz wi\u0119cej fa\u0142szywych lalek erotycznych. Najlepiej kupowa\u0107 tylko od zweryfikowanych dealer\u00f3w i nie da\u0107 si\u0119 nabra\u0107 nieuczciwym sprzedawcom.  <\/p>\n\n<p><strong>Realistyczny koszt lalki erotycznej<\/strong> <\/p>\n\n<p>Oczywi\u015bcie nie chcesz p\u0142aci\u0107 zbyt wiele za realistyczn\u0105 lalk\u0119 erotyczn\u0105. Jednak wa\u017cne jest r\u00f3wnie\u017c, aby zda\u0107 sobie spraw\u0119, \u017ce prawie niemo\u017cliwe jest kupienie prawdziwej lalki erotycznej za mniej ni\u017c 400 euro. Lalki erotyczne s\u0105 oczywi\u015bcie dost\u0119pne do kupienia w bardzo r\u00f3\u017cnych przedzia\u0142ach cenowych. Jednak nawet lalki w najni\u017cszym przedziale cenowym b\u0119d\u0105 kosztowa\u0107 od 400 do 600 euro. Je\u015bli wi\u0119c zobaczysz lalk\u0119 erotyczn\u0105 gdzie\u015b w Internecie po ni\u017cszej cenie, prosimy o zastanowienie si\u0119 dwa razy, czy mo\u017ce to by\u0107 podr\u00f3bka. Niestety, cz\u0119sto zdarza si\u0119, \u017ce zamawiasz lalk\u0119 od nieuczciwego sprzedawcy i nigdy nie otrzymujesz warto\u015bci swoich pieni\u0119dzy. Nale\u017cy wi\u0119c zawsze uwa\u017ca\u0107 na niewiarygodne ceny lub nierealistycznie wysokie rabaty. Je\u015bli my\u015blisz, \u017ce to zbyt pi\u0119kne, aby by\u0142o prawdziwe, zazwyczaj tak jest.  <\/p>\n\n<p><strong>Wyb\u00f3r marki lalek erotycznych  <\/strong><\/p>\n\n<p>Doll.shop zawsze zaleca zakup lalki erotycznej od znanej marki w autentycznym sklepie. Najbardziej znane marki w sektorze realistycznych lalek erotycznych to WM Doll, DutchDoll, 6YE Doll i Firedoll. Wszystkie te marki maj\u0105 bardzo dobr\u0105 reputacj\u0119 i sprzedaj\u0105 tylko wysokiej jako\u015bci lalki erotyczne. Oczywi\u015bcie w sektorze lalek erotycznych istnieje niezliczona ilo\u015b\u0107 marek. Opr\u00f3cz wymienionych ju\u017c marek, mo\u017cesz oczywi\u015bcie wybra\u0107 tak\u017ce lalki innych marek. Upewnij si\u0119 tylko, \u017ce zawsze sprawdzasz, czy sprzedawca jest autentyczny.  <\/p>\n\n<p><strong>Dlaczego fa\u0142szywa lalka erotyczna nie jest tak dobra jak prawdziwa?  <\/strong><\/p>\n\n<p>Jak mo\u017cna sobie wyobrazi\u0107, istniej\u0105 ogromne r\u00f3\u017cnice mi\u0119dzy prawdziw\u0105 lalk\u0105 erotyczn\u0105 a jej kopi\u0105. Obrazy znanych marek s\u0105 cz\u0119sto wykorzystywane w fa\u0142szywych lalkach erotycznych, aby wygl\u0105da\u0142y realistycznie. Je\u015bli zobaczysz lalk\u0119 erotyczn\u0105 WM Doll na zdj\u0119ciu na fa\u0142szywej stronie internetowej, nie musi to oznacza\u0107, \u017ce faktycznie otrzymasz realistyczn\u0105 lalk\u0119 erotyczn\u0105 tej marki. Co wi\u0119cej, podrabiane lalki s\u0105 cz\u0119sto wykonane z materia\u0142\u00f3w ni\u017cszej jako\u015bci. Og\u00f3lnie rzecz bior\u0105c, wi\u0119kszo\u015b\u0107 lalek erotycznych jest wykonana z termoplastycznego elastomeru (TPE) lub silikonu. Nawet je\u015bli podr\u00f3bki s\u0105 cz\u0119sto wykonane z tego samego materia\u0142u, istniej\u0105 mi\u0119dzy nimi znacz\u0105ce r\u00f3\u017cnice. Wi\u0119kszo\u015b\u0107 kopii jest niskiej lub bardzo niskiej jako\u015bci, a g\u0142\u00f3wn\u0105 r\u00f3\u017cnic\u0105 jest jako\u015b\u0107 TPE. W wi\u0119kszo\u015bci przypadk\u00f3w wysokiej jako\u015bci TPE jest grubszy ni\u017c tani TPE. Wi\u0119kszo\u015b\u0107 kopii jest wykonana z tak cienkiego materia\u0142u, \u017ce s\u0105 one p\u00f3\u0142przezroczyste. Co wi\u0119cej, ta\u0144sze TPE nie s\u0105 tak elastyczne i mniej rozci\u0105gliwe. W rezultacie ruch twojej lalki erotycznej jest znacznie ograniczony w podr\u00f3bce, a twoje doznania seksualne b\u0119d\u0105 mniej realistyczne. Ponadto wygl\u0105d fa\u0142szywej lalki erotycznej jest mniej realistyczny ni\u017c prawdziwej lalki. Kopie prawdziwych lalek erotycznych cz\u0119sto pozwalaj\u0105 zaoszcz\u0119dzi\u0107 jak najwi\u0119cej pieni\u0119dzy. Oznacza to, \u017ce cz\u0119sto nie zwraca si\u0119 uwagi na drobne szczeg\u00f3\u0142y. W ko\u0144cu mo\u017cna wyra\u017anie zobaczy\u0107 r\u00f3\u017cnic\u0119 mi\u0119dzy prawdziw\u0105 a fa\u0142szyw\u0105 lalk\u0105 erotyczn\u0105.  <\/p>\n\n<p><strong>Jak unikn\u0105\u0107 zakupu fa\u0142szywej lalki erotycznej  <\/strong><\/p>\n\n<ol class=\"wp-block-list\">\n<li>Przeczytaj dok\u0142adnie recenzje w Google  <\/li>\n\n\n\n<li>Nie daj si\u0119 nabra\u0107 na niewiarygodnie niskie ceny<\/li>\n\n\n\n<li>Sprawd\u017a, czy do lalki erotycznej do\u0142\u0105czony jest certyfikat autentyczno\u015bci (niezb\u0119dny w przypadku lalki WM).<\/li>\n\n\n\n<li>Sprawd\u017a pisowni\u0119 i j\u0119zyk na stronie internetowej (zw\u0142aszcza w opisie produktu).<\/li>\n<\/ol>\n\n<p><strong>Certyfikat autentyczno\u015bci <\/strong><\/p>\n\n<p>Certyfikat autentyczno\u015bci to pisemna deklaracja autentyczno\u015bci realistycznej lalki erotycznej. Ta opcja nie jest dost\u0119pna dla wszystkich marek, ale bardzo cz\u0119sto marki premium, takie jak WM Doll i SE Doll, wysy\u0142aj\u0105 lalki erotyczne z certyfikatem autentyczno\u015bci. Niniejsza deklaracja autentyczno\u015bci zawiera nast\u0119puj\u0105ce informacje: Nazwa produktu, numer certyfikatu, kod produktu\/numer seryjny. W ten spos\u00f3b mo\u017cesz \u0142atwo dowiedzie\u0107 si\u0119, czy otrzyma\u0142e\u015b prawdziw\u0105 lalk\u0119 erotyczn\u0105, czy jej kopi\u0119. Je\u015bli kupujesz od sprzedawcy internetowego i nie oferuje on certyfikatu autentyczno\u015bci jednej z tych marek, zachowaj ostro\u017cno\u015b\u0107! W takim przypadku radzimy w \u017cadnym wypadku nie dokonywa\u0107 zakupu.  <\/p>\n","protected":false},"excerpt":{"rendered":"<p>Lalki erotyczne staj\u0105 si\u0119 obecnie coraz bardziej popularne. W rezultacie w obiegu jest niestety coraz wi\u0119cej fa\u0142szywych lalek erotycznych. Najlepiej<\/p>\n","protected":false},"author":2,"featured_media":0,"parent":0,"menu_order":0,"comment_status":"closed","ping_status":"closed","template":"","meta":{"footnotes":""},"class_list":["post-30778","page","type-page","status-publish","hentry"],"_links":{"self":[{"href":"https:\/\/doll.shop\/pl\/wp-json\/wp\/v2\/pages\/30778","targetHints":{"allow":["GET"]}}],"collection":[{"href":"https:\/\/doll.shop\/pl\/wp-json\/wp\/v2\/pages"}],"about":[{"href":"https:\/\/doll.shop\/pl\/wp-json\/wp\/v2\/types\/page"}],"author":[{"embeddable":true,"href":"https:\/\/doll.shop\/pl\/wp-json\/wp\/v2\/users\/2"}],"replies":[{"embeddable":true,"href":"https:\/\/doll.shop\/pl\/wp-json\/wp\/v2\/comments?post=30778"}],"version-history":[{"count":1,"href":"https:\/\/doll.shop\/pl\/wp-json\/wp\/v2\/pages\/30778\/revisions"}],"predecessor-version":[{"id":30795,"href":"https:\/\/doll.shop\/pl\/wp-json\/wp\/v2\/pages\/30778\/revisions\/30795"}],"wp:attachment":[{"href":"https:\/\/doll.shop\/pl\/wp-json\/wp\/v2\/media?parent=30778"}],"curies":[{"name":"wp","href":"https:\/\/api.w.org\/{rel}","templated":true}]}}