{"id":941845,"date":"2024-08-29T14:53:05","date_gmt":"2024-08-29T12:53:05","guid":{"rendered":"https:\/\/doll.shop\/produkt\/dutchdoll-sara-158-cm\/"},"modified":"2026-04-24T21:04:20","modified_gmt":"2026-04-24T19:04:20","slug":"dutchdoll-sara-158-cm","status":"publish","type":"product","link":"https:\/\/doll.shop\/it\/produkt\/dutchdoll-sara-158-cm\/","title":{"rendered":"DutchDoll Sara | 158 cm"},"content":{"rendered":"","protected":false},"excerpt":{"rendered":"<p>Sara \u00e8 una sex doll realistica di 158 cm con capelli biondi, occhi verdi e un bel seno.<br \/>\nGrazie all&#8217;avanzato scheletro delle mani, alla pelle morbida, all&#8217;evo-scheletro e alla mascella mobile, Sara \u00e8 realistica e pu\u00f2 imitare i movimenti naturali.<br \/>\nCon un peso inferiore ai 30 kg, Sara \u00e8 facile da spostare e potrai goderti la sua compagnia ovunque.<br \/>\nDutchDoll \u00e8 nota per l&#8217;alta qualit\u00e0 e l&#8217;attenzione ai dettagli e Sara ne \u00e8 un esempio lampante.<br \/>\nSara incarna l&#8217;impegno di DutchDoll per l&#8217;artigianato e la soddisfazione del cliente, per un&#8217;esperienza unica.    <\/p>\n","protected":false},"featured_media":940579,"comment_status":"open","ping_status":"closed","template":"","meta":[],"product_brand":[],"product_cat":[692,841],"product_tag":[],"class_list":{"0":"post-941845","1":"product","2":"type-product","3":"status-publish","4":"has-post-thumbnail","6":"product_cat-bambole-del-sesso","7":"product_cat-dutchdoll-it","8":"pa_brand-dutchdoll-it","10":"first","11":"instock","12":"taxable","13":"shipping-taxable","14":"purchasable","15":"product-type-simple"},"_links":{"self":[{"href":"https:\/\/doll.shop\/it\/wp-json\/wp\/v2\/product\/941845","targetHints":{"allow":["GET"]}}],"collection":[{"href":"https:\/\/doll.shop\/it\/wp-json\/wp\/v2\/product"}],"about":[{"href":"https:\/\/doll.shop\/it\/wp-json\/wp\/v2\/types\/product"}],"replies":[{"embeddable":true,"href":"https:\/\/doll.shop\/it\/wp-json\/wp\/v2\/comments?post=941845"}],"wp:featuredmedia":[{"embeddable":true,"href":"https:\/\/doll.shop\/it\/wp-json\/wp\/v2\/media\/940579"}],"wp:attachment":[{"href":"https:\/\/doll.shop\/it\/wp-json\/wp\/v2\/media?parent=941845"}],"wp:term":[{"taxonomy":"product_brand","embeddable":true,"href":"https:\/\/doll.shop\/it\/wp-json\/wp\/v2\/product_brand?post=941845"},{"taxonomy":"product_cat","embeddable":true,"href":"https:\/\/doll.shop\/it\/wp-json\/wp\/v2\/product_cat?post=941845"},{"taxonomy":"product_tag","embeddable":true,"href":"https:\/\/doll.shop\/it\/wp-json\/wp\/v2\/product_tag?post=941845"}],"curies":[{"name":"wp","href":"https:\/\/api.w.org\/{rel}","templated":true}]}}