{"id":941831,"date":"2024-08-29T14:55:24","date_gmt":"2024-08-29T12:55:24","guid":{"rendered":"https:\/\/doll.shop\/produkt\/dutchdoll-layla-158-cm\/"},"modified":"2026-04-24T20:36:01","modified_gmt":"2026-04-24T18:36:01","slug":"dutchdoll-layla-158-cm","status":"publish","type":"product","link":"https:\/\/doll.shop\/it\/produkt\/dutchdoll-layla-158-cm\/","title":{"rendered":"DutchDoll Layla | 158 cm"},"content":{"rendered":"","protected":false},"excerpt":{"rendered":"<p>DutchDoll Layla \u00e8 una bambola sessuale realistica di 158 cm progettata per offrire bellezza e funzionalit\u00e0. Con splendidi occhi verdi e bellissimi capelli scuri, questa irresistibile mora ha una taglia media e opzioni di lusso come lo scheletro delle mani e la tecnologia della pelle morbida per un tocco realistico. L&#8217;avanzato scheletro evo assicura movimenti fluidi, mentre la mascella mobile aggiunge ulteriore realismo. Con un peso inferiore ai 30 kg, Layla \u00e8 anche facile da maneggiare, senza compromettere l&#8217;esperienza realistica. DutchDoll \u00e8 nota per l&#8217;eccellente artigianato e l&#8217;impegno nella qualit\u00e0, che si traduce nel design di Layla in una combinazione armoniosa di elevato realismo e funzionalit\u00e0 avanzate.<\/p>\n","protected":false},"featured_media":950180,"comment_status":"open","ping_status":"closed","template":"","meta":[],"product_brand":[],"product_cat":[692,841],"product_tag":[],"class_list":{"0":"post-941831","1":"product","2":"type-product","3":"status-publish","4":"has-post-thumbnail","6":"product_cat-bambole-del-sesso","7":"product_cat-dutchdoll-it","8":"pa_brand-dutchdoll-it","10":"first","11":"instock","12":"featured","13":"taxable","14":"shipping-taxable","15":"purchasable","16":"product-type-simple"},"_links":{"self":[{"href":"https:\/\/doll.shop\/it\/wp-json\/wp\/v2\/product\/941831","targetHints":{"allow":["GET"]}}],"collection":[{"href":"https:\/\/doll.shop\/it\/wp-json\/wp\/v2\/product"}],"about":[{"href":"https:\/\/doll.shop\/it\/wp-json\/wp\/v2\/types\/product"}],"replies":[{"embeddable":true,"href":"https:\/\/doll.shop\/it\/wp-json\/wp\/v2\/comments?post=941831"}],"wp:featuredmedia":[{"embeddable":true,"href":"https:\/\/doll.shop\/it\/wp-json\/wp\/v2\/media\/950180"}],"wp:attachment":[{"href":"https:\/\/doll.shop\/it\/wp-json\/wp\/v2\/media?parent=941831"}],"wp:term":[{"taxonomy":"product_brand","embeddable":true,"href":"https:\/\/doll.shop\/it\/wp-json\/wp\/v2\/product_brand?post=941831"},{"taxonomy":"product_cat","embeddable":true,"href":"https:\/\/doll.shop\/it\/wp-json\/wp\/v2\/product_cat?post=941831"},{"taxonomy":"product_tag","embeddable":true,"href":"https:\/\/doll.shop\/it\/wp-json\/wp\/v2\/product_tag?post=941831"}],"curies":[{"name":"wp","href":"https:\/\/api.w.org\/{rel}","templated":true}]}}