{"id":941830,"date":"2024-08-29T14:53:42","date_gmt":"2024-08-29T12:53:42","guid":{"rendered":"https:\/\/doll.shop\/produkt\/dutchdoll-lilly-158-cm\/"},"modified":"2026-04-14T07:19:35","modified_gmt":"2026-04-14T05:19:35","slug":"dutchdoll-lilly-158-cm","status":"publish","type":"product","link":"https:\/\/doll.shop\/it\/produkt\/dutchdoll-lilly-158-cm\/","title":{"rendered":"DutchDoll Lilly | 158 cm"},"content":{"rendered":"","protected":false},"excerpt":{"rendered":"<p>Lilly \u00e8 una bellissima e realistica bionda di 158 cm con una taglia del seno media, progettata per offrire un&#8217;esperienza irresistibile. \u00c8 dotata di opzioni di lusso come lo scheletro delle mani, che ti permette di posizionarle in qualsiasi posizione, e la tecnologia soft skin per una sensazione realistica. Lo scheletro evo garantisce movimenti flessibili e naturali, mentre la mascella mobile offre un piacere orale extra. Con un peso inferiore ai 30 kg, Lilly \u00e8 anche molto maneggevole e facile da spostare. Ci\u00f2 che rende Lilly ancora pi\u00f9 speciale \u00e8 l&#8217;utilizzo di materiali e tecnologie di alta qualit\u00e0 da parte di DutchDoll. Il marchio \u00e8 noto per il suo impegno nell&#8217;artigianato e nell&#8217;innovazione, che si traduce in prodotti non solo realistici e funzionali, ma anche di altissima qualit\u00e0. Lilly \u00e8 una scelta eccellente per chi cerca una bambola di qualit\u00e0 superiore.      <\/p>\n","protected":false},"featured_media":940775,"comment_status":"open","ping_status":"closed","template":"","meta":[],"product_brand":[],"product_cat":[692,841],"product_tag":[],"class_list":{"0":"post-941830","1":"product","2":"type-product","3":"status-publish","4":"has-post-thumbnail","6":"product_cat-bambole-del-sesso","7":"product_cat-dutchdoll-it","8":"pa_brand-dutchdoll-it","10":"first","11":"instock","12":"taxable","13":"shipping-taxable","14":"purchasable","15":"product-type-simple"},"_links":{"self":[{"href":"https:\/\/doll.shop\/it\/wp-json\/wp\/v2\/product\/941830","targetHints":{"allow":["GET"]}}],"collection":[{"href":"https:\/\/doll.shop\/it\/wp-json\/wp\/v2\/product"}],"about":[{"href":"https:\/\/doll.shop\/it\/wp-json\/wp\/v2\/types\/product"}],"replies":[{"embeddable":true,"href":"https:\/\/doll.shop\/it\/wp-json\/wp\/v2\/comments?post=941830"}],"wp:featuredmedia":[{"embeddable":true,"href":"https:\/\/doll.shop\/it\/wp-json\/wp\/v2\/media\/940775"}],"wp:attachment":[{"href":"https:\/\/doll.shop\/it\/wp-json\/wp\/v2\/media?parent=941830"}],"wp:term":[{"taxonomy":"product_brand","embeddable":true,"href":"https:\/\/doll.shop\/it\/wp-json\/wp\/v2\/product_brand?post=941830"},{"taxonomy":"product_cat","embeddable":true,"href":"https:\/\/doll.shop\/it\/wp-json\/wp\/v2\/product_cat?post=941830"},{"taxonomy":"product_tag","embeddable":true,"href":"https:\/\/doll.shop\/it\/wp-json\/wp\/v2\/product_tag?post=941830"}],"curies":[{"name":"wp","href":"https:\/\/api.w.org\/{rel}","templated":true}]}}