{"id":941829,"date":"2024-09-17T09:09:34","date_gmt":"2024-09-17T07:09:34","guid":{"rendered":"https:\/\/doll.shop\/produkt\/dutchdoll-sophie-158-cm\/"},"modified":"2026-04-15T13:35:06","modified_gmt":"2026-04-15T11:35:06","slug":"dutchdoll-sophie-158-cm","status":"publish","type":"product","link":"https:\/\/doll.shop\/it\/produkt\/dutchdoll-sophie-158-cm\/","title":{"rendered":"Dutchdoll Sophie | 158 cm"},"content":{"rendered":"","protected":false},"excerpt":{"rendered":"<p>Ti presentiamo Sophie, una bellezza sofisticata e provocante di 158 cm, che fa parte dell&#8217;esclusiva collezione DutchDoll. Con la sua figura snella, i suoi occhi azzurri e i suoi lunghi capelli biondi, emana un fascino puro. Sophie \u00e8 dotata delle pi\u00f9 recenti opzioni premium, tra cui uno scheletro EVO+ per movimenti fluidi e flessibili e uno scheletro delle mani per tocchi realistici. La sua pelle \u00e8 estremamente naturale, grazie alla tecnologia avanzata di DutchDoll. Il punto forte \u00e8 il suo viso realistico, completo di mascella mobile, per un&#8217;esperienza orale estremamente realistica. Sophie \u00e8 la combinazione perfetta di bellezza e tecnologia, progettata per il massimo piacere.     <\/p>\n","protected":false},"featured_media":941205,"comment_status":"open","ping_status":"closed","template":"","meta":[],"product_brand":[],"product_cat":[692,841],"product_tag":[],"class_list":{"0":"post-941829","1":"product","2":"type-product","3":"status-publish","4":"has-post-thumbnail","6":"product_cat-bambole-del-sesso","7":"product_cat-dutchdoll-it","8":"pa_brand-dutchdoll-it","10":"first","11":"instock","12":"taxable","13":"shipping-taxable","14":"purchasable","15":"product-type-simple"},"_links":{"self":[{"href":"https:\/\/doll.shop\/it\/wp-json\/wp\/v2\/product\/941829","targetHints":{"allow":["GET"]}}],"collection":[{"href":"https:\/\/doll.shop\/it\/wp-json\/wp\/v2\/product"}],"about":[{"href":"https:\/\/doll.shop\/it\/wp-json\/wp\/v2\/types\/product"}],"replies":[{"embeddable":true,"href":"https:\/\/doll.shop\/it\/wp-json\/wp\/v2\/comments?post=941829"}],"wp:featuredmedia":[{"embeddable":true,"href":"https:\/\/doll.shop\/it\/wp-json\/wp\/v2\/media\/941205"}],"wp:attachment":[{"href":"https:\/\/doll.shop\/it\/wp-json\/wp\/v2\/media?parent=941829"}],"wp:term":[{"taxonomy":"product_brand","embeddable":true,"href":"https:\/\/doll.shop\/it\/wp-json\/wp\/v2\/product_brand?post=941829"},{"taxonomy":"product_cat","embeddable":true,"href":"https:\/\/doll.shop\/it\/wp-json\/wp\/v2\/product_cat?post=941829"},{"taxonomy":"product_tag","embeddable":true,"href":"https:\/\/doll.shop\/it\/wp-json\/wp\/v2\/product_tag?post=941829"}],"curies":[{"name":"wp","href":"https:\/\/api.w.org\/{rel}","templated":true}]}}