{"id":38847,"date":"2024-02-08T11:20:29","date_gmt":"2024-02-08T10:20:29","guid":{"rendered":"https:\/\/doll.shop\/produkt\/dutchdoll-luna-77-cm\/"},"modified":"2026-04-18T03:02:21","modified_gmt":"2026-04-18T01:02:21","slug":"dutchdoll-luna-77-cm","status":"publish","type":"product","link":"https:\/\/doll.shop\/it\/produkt\/dutchdoll-luna-77-cm\/","title":{"rendered":"DutchDoll Luna | 77 cm"},"content":{"rendered":"","protected":false},"excerpt":{"rendered":"<p style=\"font-weight: 400;\">DutchDoll Luna \u00e8 un busto di sex doll compatto di 77 cm con lunghi capelli ricci scuri, un bel viso e luminosi occhi azzurri. Il busto di una bambola sessuale \u00e8 privo di braccia e gambe, quindi \u00e8 pi\u00f9 leggero di una bambola sessuale completa e pi\u00f9 facile da maneggiare. Come tutti i modelli DutchDoll, Luna \u00e8 di qualit\u00e0 superiore e ti permette di provare la sensazione e il piacere di una donna vera.<\/p>\n","protected":false},"featured_media":38848,"comment_status":"open","ping_status":"closed","template":"","meta":[],"product_brand":[],"product_cat":[844],"product_tag":[],"class_list":{"0":"post-38847","1":"product","2":"type-product","3":"status-publish","4":"has-post-thumbnail","6":"product_cat-masturbatori","7":"pa_brand-dutchdoll-it","9":"first","10":"instock","11":"taxable","12":"shipping-taxable","13":"purchasable","14":"product-type-simple"},"_links":{"self":[{"href":"https:\/\/doll.shop\/it\/wp-json\/wp\/v2\/product\/38847","targetHints":{"allow":["GET"]}}],"collection":[{"href":"https:\/\/doll.shop\/it\/wp-json\/wp\/v2\/product"}],"about":[{"href":"https:\/\/doll.shop\/it\/wp-json\/wp\/v2\/types\/product"}],"replies":[{"embeddable":true,"href":"https:\/\/doll.shop\/it\/wp-json\/wp\/v2\/comments?post=38847"}],"wp:featuredmedia":[{"embeddable":true,"href":"https:\/\/doll.shop\/it\/wp-json\/wp\/v2\/media\/38848"}],"wp:attachment":[{"href":"https:\/\/doll.shop\/it\/wp-json\/wp\/v2\/media?parent=38847"}],"wp:term":[{"taxonomy":"product_brand","embeddable":true,"href":"https:\/\/doll.shop\/it\/wp-json\/wp\/v2\/product_brand?post=38847"},{"taxonomy":"product_cat","embeddable":true,"href":"https:\/\/doll.shop\/it\/wp-json\/wp\/v2\/product_cat?post=38847"},{"taxonomy":"product_tag","embeddable":true,"href":"https:\/\/doll.shop\/it\/wp-json\/wp\/v2\/product_tag?post=38847"}],"curies":[{"name":"wp","href":"https:\/\/api.w.org\/{rel}","templated":true}]}}