{"id":33839,"date":"2023-08-01T10:48:06","date_gmt":"2023-08-01T08:48:06","guid":{"rendered":"https:\/\/doll.shop\/produkt\/dutchdoll-kate-159-cm\/"},"modified":"2026-04-06T21:35:52","modified_gmt":"2026-04-06T19:35:52","slug":"dutchdoll-kate-159-cm","status":"publish","type":"product","link":"https:\/\/doll.shop\/it\/produkt\/dutchdoll-kate-159-cm\/","title":{"rendered":"DutchDoll Kate | 159 cm"},"content":{"rendered":"","protected":false},"excerpt":{"rendered":"<p>Kate assomiglia ad une vera bellezza classica. Robusta e sicura di s\u00e9, \u00e8 un&#8217;elegante mora di 159 cm con una splendida figura a clessidra e un seno grande e realistico. Il viso simmetrico, le labbra carnose e gli occhi sensuali di Kate la rendono irresistibile.<\/p>\n<p>Goditi un&#8217;esperienza realistica grazie al materiale TPE di alta qualit\u00e0 (V3.0) e ai seni morbidi e riempiti di gel per un comfort ottimale. Con lo scheletro EVO+ e lo scheletro delle dita, Kate si muove senza sforzo in qualsiasi posizione, anche tenendo in mano oggetti leggeri.<\/p>\n<p>DutchDoll\u00ae \u00e8 nota per la qualit\u00e0 e la facilit\u00e0 d&#8217;uso e con Kate offre una sex doll unica e attraente che soddisfa tutte le tue esigenze. Come marchio olandese, dal 2017 DutchDoll\u00ae si dedica alla produzione di bambole sessuali di alta qualit\u00e0 per tutti i budget. Conosci Kate e prova il massimo del piacere con la DutchDoll\u00ae.<\/p>\n","protected":false},"featured_media":33969,"comment_status":"open","ping_status":"closed","template":"","meta":[],"product_brand":[],"product_cat":[841,692],"product_tag":[],"class_list":{"0":"post-33839","1":"product","2":"type-product","3":"status-publish","4":"has-post-thumbnail","6":"product_cat-dutchdoll-it","7":"product_cat-bambole-del-sesso","8":"pa_brand-dutchdoll-it","10":"first","11":"instock","12":"taxable","13":"shipping-taxable","14":"purchasable","15":"product-type-simple"},"_links":{"self":[{"href":"https:\/\/doll.shop\/it\/wp-json\/wp\/v2\/product\/33839","targetHints":{"allow":["GET"]}}],"collection":[{"href":"https:\/\/doll.shop\/it\/wp-json\/wp\/v2\/product"}],"about":[{"href":"https:\/\/doll.shop\/it\/wp-json\/wp\/v2\/types\/product"}],"replies":[{"embeddable":true,"href":"https:\/\/doll.shop\/it\/wp-json\/wp\/v2\/comments?post=33839"}],"wp:featuredmedia":[{"embeddable":true,"href":"https:\/\/doll.shop\/it\/wp-json\/wp\/v2\/media\/33969"}],"wp:attachment":[{"href":"https:\/\/doll.shop\/it\/wp-json\/wp\/v2\/media?parent=33839"}],"wp:term":[{"taxonomy":"product_brand","embeddable":true,"href":"https:\/\/doll.shop\/it\/wp-json\/wp\/v2\/product_brand?post=33839"},{"taxonomy":"product_cat","embeddable":true,"href":"https:\/\/doll.shop\/it\/wp-json\/wp\/v2\/product_cat?post=33839"},{"taxonomy":"product_tag","embeddable":true,"href":"https:\/\/doll.shop\/it\/wp-json\/wp\/v2\/product_tag?post=33839"}],"curies":[{"name":"wp","href":"https:\/\/api.w.org\/{rel}","templated":true}]}}