{"id":33382,"date":"2023-08-01T11:24:41","date_gmt":"2023-08-01T09:24:41","guid":{"rendered":"https:\/\/doll.shop\/produkt\/dutchdoll-adele-86-cm\/"},"modified":"2026-04-17T13:32:25","modified_gmt":"2026-04-17T11:32:25","slug":"dutchdoll-adele-86-cm","status":"publish","type":"product","link":"https:\/\/doll.shop\/it\/produkt\/dutchdoll-adele-86-cm\/","title":{"rendered":"DutchDoll Adele | 86 cm"},"content":{"rendered":"","protected":false},"excerpt":{"rendered":"<p>DutchDoll\u00ae Adele \u00e8 il busto della bambola sessuale per eccellenza, per un&#8217;esperienza sessuale realistica e intensa. Con un grande seno in gel e uno scheletro realistico del busto, Adele offre un alto grado di realismo. Questo busto di sex doll di 86 cm ha capelli castani, occhi azzurri ed \u00e8 realizzato in TPE di alta qualit\u00e0.<\/p>\n<p>Goditi questo busto di bambola sessuale realistico da solo o con il tuo partner. Questo busto \u00e8 stato progettato con grande attenzione ai dettagli. I seni mobili in gel sembrano quasi come seni veri. Adele \u00e8 leggera, compatta e facile da riporre. Scegli Adele con i capelli castani o la sorella bionda Lexie. Entrambe le bambole sessuali vengono fornite con una parrucca aggiuntiva senza alcun costo addizionale.<\/p>\n<p>Scopri perch\u00e9 DutchDoll\u00ae \u00e8 il marchio olandese di bambole sessuali di alta qualit\u00e0. Il marchio brilla per il costante miglioramento della qualit\u00e0 e gli innovativi modelli e design. Ordina oggi stesso e vivi un&#8217;esperienza indimenticabile con Adele!<\/p>\n","protected":false},"featured_media":33485,"comment_status":"open","ping_status":"closed","template":"","meta":[],"product_brand":[],"product_cat":[844],"product_tag":[],"class_list":{"0":"post-33382","1":"product","2":"type-product","3":"status-publish","4":"has-post-thumbnail","6":"product_cat-masturbatori","7":"pa_brand-dutchdoll-it","9":"first","10":"instock","11":"taxable","12":"shipping-taxable","13":"purchasable","14":"product-type-simple"},"_links":{"self":[{"href":"https:\/\/doll.shop\/it\/wp-json\/wp\/v2\/product\/33382","targetHints":{"allow":["GET"]}}],"collection":[{"href":"https:\/\/doll.shop\/it\/wp-json\/wp\/v2\/product"}],"about":[{"href":"https:\/\/doll.shop\/it\/wp-json\/wp\/v2\/types\/product"}],"replies":[{"embeddable":true,"href":"https:\/\/doll.shop\/it\/wp-json\/wp\/v2\/comments?post=33382"}],"wp:featuredmedia":[{"embeddable":true,"href":"https:\/\/doll.shop\/it\/wp-json\/wp\/v2\/media\/33485"}],"wp:attachment":[{"href":"https:\/\/doll.shop\/it\/wp-json\/wp\/v2\/media?parent=33382"}],"wp:term":[{"taxonomy":"product_brand","embeddable":true,"href":"https:\/\/doll.shop\/it\/wp-json\/wp\/v2\/product_brand?post=33382"},{"taxonomy":"product_cat","embeddable":true,"href":"https:\/\/doll.shop\/it\/wp-json\/wp\/v2\/product_cat?post=33382"},{"taxonomy":"product_tag","embeddable":true,"href":"https:\/\/doll.shop\/it\/wp-json\/wp\/v2\/product_tag?post=33382"}],"curies":[{"name":"wp","href":"https:\/\/api.w.org\/{rel}","templated":true}]}}