{"id":33276,"date":"2023-08-01T10:41:17","date_gmt":"2023-08-01T08:41:17","guid":{"rendered":"https:\/\/doll.shop\/produkt\/dutchdoll-tiana-159-cm\/"},"modified":"2026-04-06T20:46:56","modified_gmt":"2026-04-06T18:46:56","slug":"dutchdoll-tiana-159-cm","status":"publish","type":"product","link":"https:\/\/doll.shop\/it\/produkt\/dutchdoll-tiana-159-cm\/","title":{"rendered":"DutchDoll Tiana | 159 cm"},"content":{"rendered":"","protected":false},"excerpt":{"rendered":"<p>Conosci DutchDoll\u00ae Tiana: la bionda voluttuosa e formosa dall&#8217;aspetto angelico che realizza tutti i tuoi desideri. Con il suo look naturale, i suoi bellissimi capelli biondi chiari e la sua coppa E, irradia serenit\u00e0 e calma. Grazie allo scheletro EVO+ di alta qualit\u00e0, allo scheletro delle dita, alla funzione stand, ai seni in gel e alla lingua, Tiana \u00e8 particolarmente lussuosa.<\/p>\n<p>Grazie al materiale TPE (V3.0) di alta qualit\u00e0, questa bambola del sesso non solo sembra una donna vera, ma offre anche comfort e piacere nei momenti di intimit\u00e0. I seni in morbido gel e la pelle elastica assicurano un&#8217;esperienza piacevole.<\/p>\n<p>Grazie allo scheletro flessibile EVO+ e al peso ridotto di soli 29 kg, Tiana pu\u00f2 essere spostata facilmente in qualsiasi posizione. Pu\u00f2 contenere anche oggetti leggeri e ha una pratica funzione di supporto.<\/p>\n<p>Ordina oggi stesso Tiana e lasciale realizzare le tue fantasie pi\u00f9 profonde. Questa bellissima bambola del sesso \u00e8 perfetta per persone di tutte le et\u00e0, quindi non esitare a portare il tuo piacere a un livello completamente nuovo con DutchDoll\u00ae Tiana.<\/p>\n","protected":false},"featured_media":33398,"comment_status":"open","ping_status":"closed","template":"","meta":[],"product_brand":[],"product_cat":[841,692],"product_tag":[],"class_list":{"0":"post-33276","1":"product","2":"type-product","3":"status-publish","4":"has-post-thumbnail","6":"product_cat-dutchdoll-it","7":"product_cat-bambole-del-sesso","8":"pa_brand-dutchdoll-it","10":"first","11":"instock","12":"taxable","13":"shipping-taxable","14":"purchasable","15":"product-type-simple"},"_links":{"self":[{"href":"https:\/\/doll.shop\/it\/wp-json\/wp\/v2\/product\/33276","targetHints":{"allow":["GET"]}}],"collection":[{"href":"https:\/\/doll.shop\/it\/wp-json\/wp\/v2\/product"}],"about":[{"href":"https:\/\/doll.shop\/it\/wp-json\/wp\/v2\/types\/product"}],"replies":[{"embeddable":true,"href":"https:\/\/doll.shop\/it\/wp-json\/wp\/v2\/comments?post=33276"}],"wp:featuredmedia":[{"embeddable":true,"href":"https:\/\/doll.shop\/it\/wp-json\/wp\/v2\/media\/33398"}],"wp:attachment":[{"href":"https:\/\/doll.shop\/it\/wp-json\/wp\/v2\/media?parent=33276"}],"wp:term":[{"taxonomy":"product_brand","embeddable":true,"href":"https:\/\/doll.shop\/it\/wp-json\/wp\/v2\/product_brand?post=33276"},{"taxonomy":"product_cat","embeddable":true,"href":"https:\/\/doll.shop\/it\/wp-json\/wp\/v2\/product_cat?post=33276"},{"taxonomy":"product_tag","embeddable":true,"href":"https:\/\/doll.shop\/it\/wp-json\/wp\/v2\/product_tag?post=33276"}],"curies":[{"name":"wp","href":"https:\/\/api.w.org\/{rel}","templated":true}]}}