{"id":32737,"date":"2022-08-07T09:53:38","date_gmt":"2022-08-07T07:53:38","guid":{"rendered":"https:\/\/doll.shop\/produkt\/wm-doll-mirthe-159-cm\/"},"modified":"2026-03-10T18:45:53","modified_gmt":"2026-03-10T17:45:53","slug":"wm-doll-mirthe-159-cm","status":"publish","type":"product","link":"https:\/\/doll.shop\/it\/produkt\/wm-doll-mirthe-159-cm\/","title":{"rendered":"WM Doll Mirthe | 159 cm"},"content":{"rendered":"","protected":false},"excerpt":{"rendered":"<p>WM Doll Mirthe assomiglia all&#8217;insegnante che hai sempre ritenuto bella quando andavi a scuola. Il bello \u00e8 che non sei pi\u00f9 a scuola e puoi conoscere Mirthe nella vita reale. Mirthe \u00e8 una bionda piuttosto piccola con un&#8217;altezza di 159 cm. Ha un viso bellissimo e sembra assolutamente ben educata. Ci\u00f2 solleva immediatamente la questione se sia cos\u00ec innocuo nella realt\u00e0. Naturalmente non vogliamo rovinarti la sorpresa, ma possiamo dirti una cosa: Mirthe pu\u00f2 anche essere diversa! Nonostante le dimensioni ridotte, questa bambola ha un seno relativamente grande, con una coppa C. Un look cos\u00ec bello e un corpo cos\u00ec sexy sono una combinazione davvero interessante. Questo rende questa bambola dell&#8217;amore di prima qualit\u00e0 una donna davvero irresistibile. Il bello \u00e8 che anche tu non devi resistere a questa grazia!<\/p>\n","protected":false},"featured_media":32795,"comment_status":"open","ping_status":"closed","template":"","meta":[],"product_brand":[],"product_cat":[694,692],"product_tag":[],"class_list":{"0":"post-32737","1":"product","2":"type-product","3":"status-publish","4":"has-post-thumbnail","6":"product_cat-bambola-wm","7":"product_cat-bambole-del-sesso","8":"pa_brand-wm-doll-it","10":"first","11":"onbackorder","12":"taxable","13":"shipping-taxable","14":"purchasable","15":"product-type-simple"},"_links":{"self":[{"href":"https:\/\/doll.shop\/it\/wp-json\/wp\/v2\/product\/32737","targetHints":{"allow":["GET"]}}],"collection":[{"href":"https:\/\/doll.shop\/it\/wp-json\/wp\/v2\/product"}],"about":[{"href":"https:\/\/doll.shop\/it\/wp-json\/wp\/v2\/types\/product"}],"replies":[{"embeddable":true,"href":"https:\/\/doll.shop\/it\/wp-json\/wp\/v2\/comments?post=32737"}],"wp:featuredmedia":[{"embeddable":true,"href":"https:\/\/doll.shop\/it\/wp-json\/wp\/v2\/media\/32795"}],"wp:attachment":[{"href":"https:\/\/doll.shop\/it\/wp-json\/wp\/v2\/media?parent=32737"}],"wp:term":[{"taxonomy":"product_brand","embeddable":true,"href":"https:\/\/doll.shop\/it\/wp-json\/wp\/v2\/product_brand?post=32737"},{"taxonomy":"product_cat","embeddable":true,"href":"https:\/\/doll.shop\/it\/wp-json\/wp\/v2\/product_cat?post=32737"},{"taxonomy":"product_tag","embeddable":true,"href":"https:\/\/doll.shop\/it\/wp-json\/wp\/v2\/product_tag?post=32737"}],"curies":[{"name":"wp","href":"https:\/\/api.w.org\/{rel}","templated":true}]}}