{"id":32566,"date":"2022-09-08T10:20:42","date_gmt":"2022-09-08T08:20:42","guid":{"rendered":"https:\/\/doll.shop\/produkt\/ak-doll-annabel-175cm\/"},"modified":"2025-12-05T12:33:29","modified_gmt":"2025-12-05T11:33:29","slug":"ak-doll-annabel-175cm","status":"publish","type":"product","link":"https:\/\/doll.shop\/it\/produkt\/ak-doll-annabel-175cm\/","title":{"rendered":"AK Doll Annabel | 175cm"},"content":{"rendered":"","protected":false},"excerpt":{"rendered":"<p>Sapevi che AK Doll produce bambole sessuali di alta qualit\u00e0 in silicone? Naturalmente anche noi di Doll.shop abbiamo questi modelli per te. Questa mora molto alta \u00e8 davvero fatta interamente di silicone. Con un&#8217;altezza di 175 cm, questa bambola dell&#8217;amore \u00e8 davvero impressionante. Inoltre, grazie al materiale utilizzato, questa bambola \u00e8 ancora pi\u00f9 realistica di una sex doll in TPE. I modelli in silicone hanno un grado di realismo davvero sorprendente. Il peso di una bambola ha generalmente una forte influenza sulla sua maneggevolezza. Nonostante le dimensioni molto grandi di questa donna, pesa solo 38 chilogrammi. Questo ha molto a che fare con il materiale della bambola (silicone), che \u00e8 pi\u00f9 leggero del TPE.<\/p>\n<p>Questa bambola dell&#8217;amore ha un viso bellissimo e un corpo da sogno. Ha un seno meraviglioso e perfettamente modellato. Ha lunghi capelli neri che le conferiscono un aspetto molto nobile. Grazie ai seni in gel di cui \u00e8 dotata questa bambola in silicone di AK Doll, il seno \u00e8 ultra-realistico. Questa bambola ha anche una corporatura snella con un ventre piatto e gambe molto lunghe, che possono rapidamente farti impazzire.<\/p>\n<p>Tutti i modelli sono forniti di serie con una parrucca rimovibile. Se desideri una parrucca impiantata, contattaci per maggiori informazioni.<\/p>\n","protected":false},"featured_media":32687,"comment_status":"open","ping_status":"closed","template":"","meta":[],"product_brand":[],"product_cat":[807,692],"product_tag":[],"class_list":{"0":"post-32566","1":"product","2":"type-product","3":"status-publish","4":"has-post-thumbnail","6":"product_cat-bambole-angel-kiss-ak-dolls","7":"product_cat-bambole-del-sesso","8":"pa_brand-ak-doll-it","10":"first","11":"onbackorder","12":"taxable","13":"shipping-taxable","14":"purchasable","15":"product-type-simple"},"_links":{"self":[{"href":"https:\/\/doll.shop\/it\/wp-json\/wp\/v2\/product\/32566","targetHints":{"allow":["GET"]}}],"collection":[{"href":"https:\/\/doll.shop\/it\/wp-json\/wp\/v2\/product"}],"about":[{"href":"https:\/\/doll.shop\/it\/wp-json\/wp\/v2\/types\/product"}],"replies":[{"embeddable":true,"href":"https:\/\/doll.shop\/it\/wp-json\/wp\/v2\/comments?post=32566"}],"wp:featuredmedia":[{"embeddable":true,"href":"https:\/\/doll.shop\/it\/wp-json\/wp\/v2\/media\/32687"}],"wp:attachment":[{"href":"https:\/\/doll.shop\/it\/wp-json\/wp\/v2\/media?parent=32566"}],"wp:term":[{"taxonomy":"product_brand","embeddable":true,"href":"https:\/\/doll.shop\/it\/wp-json\/wp\/v2\/product_brand?post=32566"},{"taxonomy":"product_cat","embeddable":true,"href":"https:\/\/doll.shop\/it\/wp-json\/wp\/v2\/product_cat?post=32566"},{"taxonomy":"product_tag","embeddable":true,"href":"https:\/\/doll.shop\/it\/wp-json\/wp\/v2\/product_tag?post=32566"}],"curies":[{"name":"wp","href":"https:\/\/api.w.org\/{rel}","templated":true}]}}