{"id":32468,"date":"2022-08-07T10:38:05","date_gmt":"2022-08-07T08:38:05","guid":{"rendered":"https:\/\/doll.shop\/produkt\/wm-doll-cornelia-164cm\/"},"modified":"2025-12-05T12:34:07","modified_gmt":"2025-12-05T11:34:07","slug":"wm-doll-cornelia-164cm","status":"publish","type":"product","link":"https:\/\/doll.shop\/it\/produkt\/wm-doll-cornelia-164cm\/","title":{"rendered":"WM Doll Cornelia | 164cm"},"content":{"rendered":"","protected":false},"excerpt":{"rendered":"<p>Ci sono molti uomini a cui piacciono le donne leggermente pi\u00f9 piccole. Anche le bambole sessuali pi\u00f9 piccole possono rappresentare un enorme vantaggio per il cliente, in quanto pesano meno e sono quindi pi\u00f9 facili da maneggiare. Ecco perch\u00e9 WM Doll offre anche molte bambole sessuali di alta qualit\u00e0 in un&#8217;ampia gamma di dimensioni. Tra queste ci sono anche alcune bambole dell&#8217;amore di 164 cm. La WM Doll Cornelia \u00e8 una di queste belle signore. Questo modello di WM Doll pu\u00f2 essere la scelta perfetta per te se ti piacciono le donne piccole. Tuttavia, non sottovalutare questa piccola bambola del sesso. Ha davvero una quantit\u00e0 incredibile di energia e la user\u00e0 per viziarti in qualsiasi momento.<\/p>\n","protected":false},"featured_media":32567,"comment_status":"open","ping_status":"closed","template":"","meta":[],"product_brand":[],"product_cat":[694,692],"product_tag":[],"class_list":{"0":"post-32468","1":"product","2":"type-product","3":"status-publish","4":"has-post-thumbnail","6":"product_cat-bambola-wm","7":"product_cat-bambole-del-sesso","8":"pa_brand-wm-doll-it","10":"first","11":"onbackorder","12":"taxable","13":"shipping-taxable","14":"purchasable","15":"product-type-simple"},"_links":{"self":[{"href":"https:\/\/doll.shop\/it\/wp-json\/wp\/v2\/product\/32468","targetHints":{"allow":["GET"]}}],"collection":[{"href":"https:\/\/doll.shop\/it\/wp-json\/wp\/v2\/product"}],"about":[{"href":"https:\/\/doll.shop\/it\/wp-json\/wp\/v2\/types\/product"}],"replies":[{"embeddable":true,"href":"https:\/\/doll.shop\/it\/wp-json\/wp\/v2\/comments?post=32468"}],"wp:featuredmedia":[{"embeddable":true,"href":"https:\/\/doll.shop\/it\/wp-json\/wp\/v2\/media\/32567"}],"wp:attachment":[{"href":"https:\/\/doll.shop\/it\/wp-json\/wp\/v2\/media?parent=32468"}],"wp:term":[{"taxonomy":"product_brand","embeddable":true,"href":"https:\/\/doll.shop\/it\/wp-json\/wp\/v2\/product_brand?post=32468"},{"taxonomy":"product_cat","embeddable":true,"href":"https:\/\/doll.shop\/it\/wp-json\/wp\/v2\/product_cat?post=32468"},{"taxonomy":"product_tag","embeddable":true,"href":"https:\/\/doll.shop\/it\/wp-json\/wp\/v2\/product_tag?post=32468"}],"curies":[{"name":"wp","href":"https:\/\/api.w.org\/{rel}","templated":true}]}}