{"id":32388,"date":"2022-09-20T10:11:30","date_gmt":"2022-09-20T08:11:30","guid":{"rendered":"https:\/\/doll.shop\/produkt\/inserto-shemale\/"},"modified":"2026-04-20T12:35:35","modified_gmt":"2026-04-20T10:35:35","slug":"inserto-shemale","status":"publish","type":"product","link":"https:\/\/doll.shop\/it\/produkt\/inserto-shemale\/","title":{"rendered":"Inserto Transessuale"},"content":{"rendered":"","protected":false},"excerpt":{"rendered":"<p>Se ti piace divertirti a letto con il tuo partner, un inserto Transessuale potrebbe essere l&#8217;opzione perfetta per te. Cos\u00ec potrai usare la tua bambola del sesso insieme. L&#8217;inserto Transessuale \u00e8 molto facile da applicare alla vagina. L&#8217;aspetto \u00e8 molto realistico e ricorda da vicino l&#8217;aspetto di un pene vero. Al momento \u00e8 disponibile solo la versione da 15 cm. Tuttavia, questo inserto \u00e8 universale e si adatta a tutte le bambole sessuali di qualsiasi marca.<\/p>\n","protected":false},"featured_media":32467,"comment_status":"open","ping_status":"closed","template":"","meta":[],"product_brand":[],"product_cat":[795],"product_tag":[],"class_list":{"0":"post-32388","1":"product","2":"type-product","3":"status-publish","4":"has-post-thumbnail","6":"product_cat-accessori-per-la-tua-bambola-gonfiabile","7":"product_shipping_class-piccolo","9":"first","10":"instock","11":"taxable","12":"shipping-taxable","13":"purchasable","14":"product-type-simple"},"_links":{"self":[{"href":"https:\/\/doll.shop\/it\/wp-json\/wp\/v2\/product\/32388","targetHints":{"allow":["GET"]}}],"collection":[{"href":"https:\/\/doll.shop\/it\/wp-json\/wp\/v2\/product"}],"about":[{"href":"https:\/\/doll.shop\/it\/wp-json\/wp\/v2\/types\/product"}],"replies":[{"embeddable":true,"href":"https:\/\/doll.shop\/it\/wp-json\/wp\/v2\/comments?post=32388"}],"wp:featuredmedia":[{"embeddable":true,"href":"https:\/\/doll.shop\/it\/wp-json\/wp\/v2\/media\/32467"}],"wp:attachment":[{"href":"https:\/\/doll.shop\/it\/wp-json\/wp\/v2\/media?parent=32388"}],"wp:term":[{"taxonomy":"product_brand","embeddable":true,"href":"https:\/\/doll.shop\/it\/wp-json\/wp\/v2\/product_brand?post=32388"},{"taxonomy":"product_cat","embeddable":true,"href":"https:\/\/doll.shop\/it\/wp-json\/wp\/v2\/product_cat?post=32388"},{"taxonomy":"product_tag","embeddable":true,"href":"https:\/\/doll.shop\/it\/wp-json\/wp\/v2\/product_tag?post=32388"}],"curies":[{"name":"wp","href":"https:\/\/api.w.org\/{rel}","templated":true}]}}