{"id":32280,"date":"2022-06-09T10:41:58","date_gmt":"2022-06-09T08:41:58","guid":{"rendered":"https:\/\/doll.shop\/produkt\/bambola-dellamore-alexis-157-cm\/"},"modified":"2025-12-05T12:35:48","modified_gmt":"2025-12-05T11:35:48","slug":"bambola-dellamore-alexis-157-cm","status":"publish","type":"product","link":"https:\/\/doll.shop\/it\/produkt\/bambola-dellamore-alexis-157-cm\/","title":{"rendered":"Alexis bambola dell&#8217;amore | 157 cm"},"content":{"rendered":"","protected":false},"excerpt":{"rendered":"<p>WM Doll Alexis \u00e8 una vera bomba sportiva con un&#8217;energia senza limiti. Pu\u00f2 rendere la tua vita molto pi\u00f9 eccitante e, grazie alla tua forma fisica, pu\u00f2 davvero servirti per ore e ore. Alexis \u00e8 relativamente piccolo e quindi facile da maneggiare. Tuttavia, non sottovalutare questa bambola dell&#8217;amore. Ha davvero tutto! Ti piacciono le brune con i capelli ricci e un corpo da sogno? Allora non perdere l&#8217;occasione e dai un&#8217;occhiata pi\u00f9 da vicino ad Alexis.<\/p>\n","protected":false},"featured_media":32403,"comment_status":"open","ping_status":"closed","template":"","meta":[],"product_brand":[],"product_cat":[692,694],"product_tag":[],"class_list":{"0":"post-32280","1":"product","2":"type-product","3":"status-publish","4":"has-post-thumbnail","6":"product_cat-bambole-del-sesso","7":"product_cat-bambola-wm","8":"pa_brand-wm-doll-it","10":"first","11":"onbackorder","12":"taxable","13":"shipping-taxable","14":"purchasable","15":"product-type-simple"},"_links":{"self":[{"href":"https:\/\/doll.shop\/it\/wp-json\/wp\/v2\/product\/32280","targetHints":{"allow":["GET"]}}],"collection":[{"href":"https:\/\/doll.shop\/it\/wp-json\/wp\/v2\/product"}],"about":[{"href":"https:\/\/doll.shop\/it\/wp-json\/wp\/v2\/types\/product"}],"replies":[{"embeddable":true,"href":"https:\/\/doll.shop\/it\/wp-json\/wp\/v2\/comments?post=32280"}],"wp:featuredmedia":[{"embeddable":true,"href":"https:\/\/doll.shop\/it\/wp-json\/wp\/v2\/media\/32403"}],"wp:attachment":[{"href":"https:\/\/doll.shop\/it\/wp-json\/wp\/v2\/media?parent=32280"}],"wp:term":[{"taxonomy":"product_brand","embeddable":true,"href":"https:\/\/doll.shop\/it\/wp-json\/wp\/v2\/product_brand?post=32280"},{"taxonomy":"product_cat","embeddable":true,"href":"https:\/\/doll.shop\/it\/wp-json\/wp\/v2\/product_cat?post=32280"},{"taxonomy":"product_tag","embeddable":true,"href":"https:\/\/doll.shop\/it\/wp-json\/wp\/v2\/product_tag?post=32280"}],"curies":[{"name":"wp","href":"https:\/\/api.w.org\/{rel}","templated":true}]}}