{"id":32092,"date":"2023-02-09T10:59:19","date_gmt":"2023-02-09T09:59:19","guid":{"rendered":"https:\/\/doll.shop\/produkt\/ak-doll-alessia-175-cm\/"},"modified":"2026-03-10T22:20:20","modified_gmt":"2026-03-10T21:20:20","slug":"ak-doll-alessia-175-cm","status":"publish","type":"product","link":"https:\/\/doll.shop\/it\/produkt\/ak-doll-alessia-175-cm\/","title":{"rendered":"AK Doll Alessia | 175 cm"},"content":{"rendered":"","protected":false},"excerpt":{"rendered":"<p>Questa bellissima bionda del marchio AK Doll si distingue per la sua figura incredibilmente atletica. Alessia ha una risata incantevole che fa impazzire ogni uomo. Con un&#8217;altezza di 175 cm, questa bambola sessuale \u00e8 piuttosto grande. Ecco perch\u00e9 AK Doll Alessia \u00e8 l&#8217;abbinamento perfetto per tutti gli uomini che amano le donne pi\u00f9 grandi. Alessia ha un seno meraviglioso e un sedere ben tonico. Le gambe lunghe e snelle e il ventre estremamente piatto sottolineano ulteriormente la sportivit\u00e0 di questa bambola dell&#8217;amore. Alessia \u00e8 realizzata interamente in silicone e quindi non solo \u00e8 di altissima qualit\u00e0, ma anche incredibilmente realistica.<\/p>\n","protected":false},"featured_media":32104,"comment_status":"open","ping_status":"closed","template":"","meta":[],"product_brand":[],"product_cat":[807,692],"product_tag":[],"class_list":{"0":"post-32092","1":"product","2":"type-product","3":"status-publish","4":"has-post-thumbnail","6":"product_cat-bambole-angel-kiss-ak-dolls","7":"product_cat-bambole-del-sesso","8":"pa_brand-ak-doll-it","10":"first","11":"onbackorder","12":"taxable","13":"shipping-taxable","14":"purchasable","15":"product-type-simple"},"_links":{"self":[{"href":"https:\/\/doll.shop\/it\/wp-json\/wp\/v2\/product\/32092","targetHints":{"allow":["GET"]}}],"collection":[{"href":"https:\/\/doll.shop\/it\/wp-json\/wp\/v2\/product"}],"about":[{"href":"https:\/\/doll.shop\/it\/wp-json\/wp\/v2\/types\/product"}],"replies":[{"embeddable":true,"href":"https:\/\/doll.shop\/it\/wp-json\/wp\/v2\/comments?post=32092"}],"wp:featuredmedia":[{"embeddable":true,"href":"https:\/\/doll.shop\/it\/wp-json\/wp\/v2\/media\/32104"}],"wp:attachment":[{"href":"https:\/\/doll.shop\/it\/wp-json\/wp\/v2\/media?parent=32092"}],"wp:term":[{"taxonomy":"product_brand","embeddable":true,"href":"https:\/\/doll.shop\/it\/wp-json\/wp\/v2\/product_brand?post=32092"},{"taxonomy":"product_cat","embeddable":true,"href":"https:\/\/doll.shop\/it\/wp-json\/wp\/v2\/product_cat?post=32092"},{"taxonomy":"product_tag","embeddable":true,"href":"https:\/\/doll.shop\/it\/wp-json\/wp\/v2\/product_tag?post=32092"}],"curies":[{"name":"wp","href":"https:\/\/api.w.org\/{rel}","templated":true}]}}