{"id":31998,"date":"2022-11-21T10:26:07","date_gmt":"2022-11-21T09:26:07","guid":{"rendered":"https:\/\/doll.shop\/produkt\/ak-doll-martha-165cm\/"},"modified":"2026-01-16T17:57:23","modified_gmt":"2026-01-16T16:57:23","slug":"ak-doll-martha-165cm","status":"publish","type":"product","link":"https:\/\/doll.shop\/it\/produkt\/ak-doll-martha-165cm\/","title":{"rendered":"AK Doll Martha | 165cm"},"content":{"rendered":"","protected":false},"excerpt":{"rendered":"<p>Questa mora alta 165 cm \u00e8 un vero e proprio richiamo visivo. Grazie alle sue dimensioni molto realistiche, questa bambola del sesso sembra indescrivibilmente reale. Ha una corporatura molto snella con gambe lunghe e attraenti. Anche la parte superiore del corpo \u00e8 molto snella, ad eccezione del seno. Ha un ventre piatto e molto atletico e un seno meraviglioso e perfettamente rotondo. Tuttavia, questa bambola non \u00e8 solo per gli amanti dei seni. Ha anche un bel sedere. Ha anche un bellissimo viso perfettamente simmetrico. Quando vedrai questa bellezza per la prima volta, probabilmente non crederai ai tuoi occhi. \u00c8 difficile immaginare che qualcuno possa avere un aspetto cos\u00ec bello nella vita reale. Puoi davvero fare tutto quello che vuoi con questa bambola sessuale AK Doll. Non importa se sei pi\u00f9 in vena di coccole a letto o se vuoi vivere le tue fantasie pi\u00f9 sfrenate con questa bambola dell&#8217;amore. Quando diciamo che tutto \u00e8 possibile, lo diciamo davvero. Puoi provare diverse posizioni durante il sesso, ma puoi anche optare per un gioco di ruolo con la bambola di AK Doll. Decidi in qualsiasi momento cosa vuoi fare con la donna dei tuoi sogni.<\/p>\n<p>Ricorda che tutti i modelli di AK Doll sono forniti di serie con una parrucca rimovibile. Se desideri una parrucca impiantata, contattaci per maggiori informazioni.<\/p>\n","protected":false},"featured_media":32042,"comment_status":"open","ping_status":"closed","template":"","meta":[],"product_brand":[],"product_cat":[807,692],"product_tag":[],"class_list":{"0":"post-31998","1":"product","2":"type-product","3":"status-publish","4":"has-post-thumbnail","6":"product_cat-bambole-angel-kiss-ak-dolls","7":"product_cat-bambole-del-sesso","8":"pa_brand-ak-doll-it","10":"first","11":"onbackorder","12":"taxable","13":"shipping-taxable","14":"purchasable","15":"product-type-simple"},"_links":{"self":[{"href":"https:\/\/doll.shop\/it\/wp-json\/wp\/v2\/product\/31998","targetHints":{"allow":["GET"]}}],"collection":[{"href":"https:\/\/doll.shop\/it\/wp-json\/wp\/v2\/product"}],"about":[{"href":"https:\/\/doll.shop\/it\/wp-json\/wp\/v2\/types\/product"}],"replies":[{"embeddable":true,"href":"https:\/\/doll.shop\/it\/wp-json\/wp\/v2\/comments?post=31998"}],"wp:featuredmedia":[{"embeddable":true,"href":"https:\/\/doll.shop\/it\/wp-json\/wp\/v2\/media\/32042"}],"wp:attachment":[{"href":"https:\/\/doll.shop\/it\/wp-json\/wp\/v2\/media?parent=31998"}],"wp:term":[{"taxonomy":"product_brand","embeddable":true,"href":"https:\/\/doll.shop\/it\/wp-json\/wp\/v2\/product_brand?post=31998"},{"taxonomy":"product_cat","embeddable":true,"href":"https:\/\/doll.shop\/it\/wp-json\/wp\/v2\/product_cat?post=31998"},{"taxonomy":"product_tag","embeddable":true,"href":"https:\/\/doll.shop\/it\/wp-json\/wp\/v2\/product_tag?post=31998"}],"curies":[{"name":"wp","href":"https:\/\/api.w.org\/{rel}","templated":true}]}}