{"id":31872,"date":"2023-02-09T11:19:43","date_gmt":"2023-02-09T10:19:43","guid":{"rendered":"https:\/\/doll.shop\/produkt\/ak-doll-maja-165cm\/"},"modified":"2025-12-05T12:29:02","modified_gmt":"2025-12-05T11:29:02","slug":"ak-doll-maja-165cm","status":"publish","type":"product","link":"https:\/\/doll.shop\/it\/produkt\/ak-doll-maja-165cm\/","title":{"rendered":"AK Doll Maja | 165cm"},"content":{"rendered":"","protected":false},"excerpt":{"rendered":"<p>Maja \u00e8 una sex doll di prima qualit\u00e0 del marchio AK Doll che sembra molto pi\u00f9 brava di quanto non sia in realt\u00e0. Se hai voglia di vivere un&#8217;avventura indimenticabile con una bella mora, devi assolutamente dare un&#8217;occhiata a questa bambola dell&#8217;amore. Maja \u00e8 alta 165 cm e pu\u00f2 quindi essere la partner perfetta per te, indipendentemente dalla tua altezza, et\u00e0 o forza. Maja ha un viso incantevole e bellissimo, con labbra meravigliose e piene che ti invitano a baciarle. Oltre a un bel viso, AK Doll Maja ha anche il corpo di una top model con un bel seno abbondante. Se scegli questa bambola del sesso, realizzata interamente in silicone, la tua vita sessuale sar\u00e0 sicuramente portata a un livello completamente nuovo.<\/p>\n","protected":false},"featured_media":31934,"comment_status":"open","ping_status":"closed","template":"","meta":[],"product_brand":[],"product_cat":[807,692],"product_tag":[],"class_list":{"0":"post-31872","1":"product","2":"type-product","3":"status-publish","4":"has-post-thumbnail","6":"product_cat-bambole-angel-kiss-ak-dolls","7":"product_cat-bambole-del-sesso","8":"pa_brand-ak-doll-it","10":"first","11":"onbackorder","12":"taxable","13":"shipping-taxable","14":"purchasable","15":"product-type-simple"},"_links":{"self":[{"href":"https:\/\/doll.shop\/it\/wp-json\/wp\/v2\/product\/31872","targetHints":{"allow":["GET"]}}],"collection":[{"href":"https:\/\/doll.shop\/it\/wp-json\/wp\/v2\/product"}],"about":[{"href":"https:\/\/doll.shop\/it\/wp-json\/wp\/v2\/types\/product"}],"replies":[{"embeddable":true,"href":"https:\/\/doll.shop\/it\/wp-json\/wp\/v2\/comments?post=31872"}],"wp:featuredmedia":[{"embeddable":true,"href":"https:\/\/doll.shop\/it\/wp-json\/wp\/v2\/media\/31934"}],"wp:attachment":[{"href":"https:\/\/doll.shop\/it\/wp-json\/wp\/v2\/media?parent=31872"}],"wp:term":[{"taxonomy":"product_brand","embeddable":true,"href":"https:\/\/doll.shop\/it\/wp-json\/wp\/v2\/product_brand?post=31872"},{"taxonomy":"product_cat","embeddable":true,"href":"https:\/\/doll.shop\/it\/wp-json\/wp\/v2\/product_cat?post=31872"},{"taxonomy":"product_tag","embeddable":true,"href":"https:\/\/doll.shop\/it\/wp-json\/wp\/v2\/product_tag?post=31872"}],"curies":[{"name":"wp","href":"https:\/\/api.w.org\/{rel}","templated":true}]}}