{"id":31565,"date":"2023-02-09T11:29:31","date_gmt":"2023-02-09T10:29:31","guid":{"rendered":"https:\/\/doll.shop\/produkt\/bambola-wm-thea-159-cm\/"},"modified":"2024-06-26T10:16:54","modified_gmt":"2024-06-26T08:16:54","slug":"bambola-wm-thea-159-cm","status":"publish","type":"product","link":"https:\/\/doll.shop\/it\/produkt\/bambola-wm-thea-159-cm\/","title":{"rendered":"Bambola WM Thea | 159 cm"},"content":{"rendered":"","protected":false},"excerpt":{"rendered":"<p>La WM Doll Thea sembra una bionda di un catalogo di moda che prende vita. Con un&#8217;altezza di 159 cm, questa bambola dell&#8217;amore \u00e8 relativamente piccola e quindi \u00e8 la scelta perfetta per tutti gli uomini che trovano attraenti le donne pi\u00f9 piccole. Thea assomiglia un po&#8217; a Cenerentola e non ha solo un bel viso, ma anche un fisico estremamente attraente e atletico. Se sei alla ricerca di una donna con un&#8217;energia senza limiti, la WM Doll Thea potrebbe essere la donna perfetta per te. Thea ha un fondo schiena a bolla perfetto e un seno meraviglioso e rotondo che farebbe sudare ogni uomo.<\/p>\n","protected":false},"featured_media":31601,"comment_status":"open","ping_status":"closed","template":"","meta":[],"product_brand":[],"product_cat":[694,692],"product_tag":[],"class_list":{"0":"post-31565","1":"product","2":"type-product","3":"status-publish","4":"has-post-thumbnail","6":"product_cat-bambola-wm","7":"product_cat-bambole-del-sesso","8":"pa_brand-wm-doll-it","10":"first","11":"onbackorder","12":"taxable","13":"shipping-taxable","14":"purchasable","15":"product-type-simple"},"_links":{"self":[{"href":"https:\/\/doll.shop\/it\/wp-json\/wp\/v2\/product\/31565","targetHints":{"allow":["GET"]}}],"collection":[{"href":"https:\/\/doll.shop\/it\/wp-json\/wp\/v2\/product"}],"about":[{"href":"https:\/\/doll.shop\/it\/wp-json\/wp\/v2\/types\/product"}],"replies":[{"embeddable":true,"href":"https:\/\/doll.shop\/it\/wp-json\/wp\/v2\/comments?post=31565"}],"wp:featuredmedia":[{"embeddable":true,"href":"https:\/\/doll.shop\/it\/wp-json\/wp\/v2\/media\/31601"}],"wp:attachment":[{"href":"https:\/\/doll.shop\/it\/wp-json\/wp\/v2\/media?parent=31565"}],"wp:term":[{"taxonomy":"product_brand","embeddable":true,"href":"https:\/\/doll.shop\/it\/wp-json\/wp\/v2\/product_brand?post=31565"},{"taxonomy":"product_cat","embeddable":true,"href":"https:\/\/doll.shop\/it\/wp-json\/wp\/v2\/product_cat?post=31565"},{"taxonomy":"product_tag","embeddable":true,"href":"https:\/\/doll.shop\/it\/wp-json\/wp\/v2\/product_tag?post=31565"}],"curies":[{"name":"wp","href":"https:\/\/api.w.org\/{rel}","templated":true}]}}