{"id":31564,"date":"2022-11-07T07:44:57","date_gmt":"2022-11-07T06:44:57","guid":{"rendered":"https:\/\/doll.shop\/produkt\/ak-doll-lilly-165cm\/"},"modified":"2026-01-16T17:57:24","modified_gmt":"2026-01-16T16:57:24","slug":"ak-doll-lilly-165cm","status":"publish","type":"product","link":"https:\/\/doll.shop\/it\/produkt\/ak-doll-lilly-165cm\/","title":{"rendered":"AK Doll Lilly | 165cm"},"content":{"rendered":"","protected":false},"excerpt":{"rendered":"<p>AK Doll \u00e8 nota per la produzione di bambole sessuali di altissima qualit\u00e0. Questa bambola dell&#8217;amore bionda con capelli lunghi e lisci \u00e8 una bellezza straordinaria che si distingue facilmente dalla massa nella vita reale. Questo modello di AK Doll \u00e8 realizzato interamente in silicone. Ovviamente la bambola sessuale appare gi\u00e0 adorabile in foto. Possiamo prometterti che rimarrai stupito quando vedrai questa bambola dal vivo per la prima volta. Ma non ha solo un bel viso. Il corpo di questa bionda \u00e8 semplicemente perfetto. Le gambe lunghe e snelle e il ventre piatto sottolineano la sportivit\u00e0 di questa grazia. Il seno perfettamente rotondo e il sedere sodo sottolineano la femminilit\u00e0 di questa bambola dell&#8217;amore.<\/p>\n<p>Tutti i modelli sono forniti di serie con una parrucca rimovibile. Se desideri una parrucca impiantata, contattaci per maggiori informazioni.<\/p>\n","protected":false},"featured_media":31630,"comment_status":"open","ping_status":"closed","template":"","meta":[],"product_brand":[],"product_cat":[807,692],"product_tag":[],"class_list":{"0":"post-31564","1":"product","2":"type-product","3":"status-publish","4":"has-post-thumbnail","6":"product_cat-bambole-angel-kiss-ak-dolls","7":"product_cat-bambole-del-sesso","8":"pa_brand-ak-doll-it","10":"first","11":"outofstock","12":"sale","13":"taxable","14":"shipping-taxable","15":"purchasable","16":"product-type-simple"},"_links":{"self":[{"href":"https:\/\/doll.shop\/it\/wp-json\/wp\/v2\/product\/31564","targetHints":{"allow":["GET"]}}],"collection":[{"href":"https:\/\/doll.shop\/it\/wp-json\/wp\/v2\/product"}],"about":[{"href":"https:\/\/doll.shop\/it\/wp-json\/wp\/v2\/types\/product"}],"replies":[{"embeddable":true,"href":"https:\/\/doll.shop\/it\/wp-json\/wp\/v2\/comments?post=31564"}],"wp:featuredmedia":[{"embeddable":true,"href":"https:\/\/doll.shop\/it\/wp-json\/wp\/v2\/media\/31630"}],"wp:attachment":[{"href":"https:\/\/doll.shop\/it\/wp-json\/wp\/v2\/media?parent=31564"}],"wp:term":[{"taxonomy":"product_brand","embeddable":true,"href":"https:\/\/doll.shop\/it\/wp-json\/wp\/v2\/product_brand?post=31564"},{"taxonomy":"product_cat","embeddable":true,"href":"https:\/\/doll.shop\/it\/wp-json\/wp\/v2\/product_cat?post=31564"},{"taxonomy":"product_tag","embeddable":true,"href":"https:\/\/doll.shop\/it\/wp-json\/wp\/v2\/product_tag?post=31564"}],"curies":[{"name":"wp","href":"https:\/\/api.w.org\/{rel}","templated":true}]}}