{"id":31391,"date":"2022-03-24T10:47:53","date_gmt":"2022-03-24T09:47:53","guid":{"rendered":"https:\/\/doll.shop\/produkt\/bambola-gonfiabile-yara-158-cm\/"},"modified":"2026-04-20T18:19:24","modified_gmt":"2026-04-20T16:19:24","slug":"bambola-gonfiabile-yara-158-cm","status":"publish","type":"product","link":"https:\/\/doll.shop\/it\/produkt\/bambola-gonfiabile-yara-158-cm\/","title":{"rendered":"EL doll Riley | 158 cm"},"content":{"rendered":"<p>RF Doll Yara \u00e8 il nostro bestseller per una ragione. Questa bambola dell&#8217;amore \u00e8 alta 158 cm e ha splendidi capelli castano scuro. Grazie alle sue dimensioni, questo modello \u00e8 facile da maneggiare. Yara ha un aspetto molto suggestivo e seducente. Una volta vista questa bellezza, non riuscirai pi\u00f9 a toglierle gli occhi di dosso.<\/p>\n<h3>I punti di forza di questa bambola del sesso:<\/h3>\n<ul>\n<li>A grandezza naturale (158 cm)<\/li>\n<li>Un marchio noto e affermato<\/li>\n<li>Il preferito dai clienti<\/li>\n<li>Incredibile rapporto qualit\u00e0-prezzo<\/li>\n<\/ul>\n<h3>Qualit\u00e0 in RF Doll<\/h3>\n<p>Tutte le bambole d&#8217;amore RF Doll sono realizzate in TPE (elastomero termoplastico), che conferisce alla pelle delle bambole una sensazione molto naturale. Per una migliore stabilit\u00e0 e una maggiore maneggevolezza, tutte le bambole RF Doll sono dotate di serie di un piede con funzione di appoggio (noto anche come piede eretto). Ogni bambola di questo marchio ha anche uno scheletro, realizzato in metallo. Questo scheletro interno \u00e8 molto stabile e robusto e fornisce alla bambola un&#8217;ulteriore stabilit\u00e0.<\/p>\n<h3>Possibilit\u00e0 sessuali con Yara<\/h3>\n<p>Yara \u00e8 una vera e propria selvaggia. Yara \u00e8 la partner sessuale perfetta per te. Se non sei in vena e vuoi solo rilassarti sul divano, non c&#8217;\u00e8 problema. Yara \u00e8 molto spontanea e far\u00e0 tutto ci\u00f2 che vorrai fare. Le tue serate non saranno certo solitarie grazie a Yara e la tua vita sessuale passer\u00e0 a un livello completamente nuovo grazie a questa attraente bambola. Ti piacerebbe che una brunetta arrapata e disponibile ti facesse un pompino per festeggiare dopo una lunga settimana di lavoro? Non \u00e8 affatto un problema! Yara pu\u00f2 soddisfare ogni tuo desiderio sessuale. Se preferisci fare sesso normale con Yara, nulla ti impedisce di farlo. \u00c8 meglio utilizzare un lubrificante a base d&#8217;acqua per un&#8217;esperienza sessuale pi\u00f9 piacevole. Ti piace di pi\u00f9 prendere qualcuno da dietro? Grazie allo scheletro metallico integrato e al piede con funzione di appoggio, questo non \u00e8 pi\u00f9 un problema. Puoi sperimentare innumerevoli posizioni. Se vuoi prendere Yara da dietro ma ti piace di pi\u00f9 il sesso anale, anche questo non \u00e8 un ostacolo. Potrai vivere tutte le tue fantasie con questa bellezza mediterranea.<\/p>\n","protected":false},"excerpt":{"rendered":"<p>EL doll Riley \u00e8 una bruna molto attraente. Ha dei bellissimi occhi nocciola e si distingue per il suo bellissimo aspetto. Non appena la guardi negli occhi, non riesci pi\u00f9 a toglierle gli occhi di dosso. Riley pesa 32 kg. \u00c8 alta 158 cm e ha degli splendidi capelli castano scuro. Se ti piacciono le brune mediterranee, devi assolutamente dare un&#8217;occhiata a Riley.     <\/p>\n","protected":false},"featured_media":952216,"comment_status":"open","ping_status":"closed","template":"","meta":[],"product_brand":[],"product_cat":[692,731],"product_tag":[],"class_list":{"0":"post-31391","1":"product","2":"type-product","3":"status-publish","4":"has-post-thumbnail","6":"product_cat-bambole-del-sesso","7":"product_cat-bambola-rf","8":"pa_brand-el-doll","10":"first","11":"instock","12":"sale","13":"featured","14":"taxable","15":"shipping-taxable","16":"purchasable","17":"product-type-simple"},"_links":{"self":[{"href":"https:\/\/doll.shop\/it\/wp-json\/wp\/v2\/product\/31391","targetHints":{"allow":["GET"]}}],"collection":[{"href":"https:\/\/doll.shop\/it\/wp-json\/wp\/v2\/product"}],"about":[{"href":"https:\/\/doll.shop\/it\/wp-json\/wp\/v2\/types\/product"}],"replies":[{"embeddable":true,"href":"https:\/\/doll.shop\/it\/wp-json\/wp\/v2\/comments?post=31391"}],"wp:featuredmedia":[{"embeddable":true,"href":"https:\/\/doll.shop\/it\/wp-json\/wp\/v2\/media\/952216"}],"wp:attachment":[{"href":"https:\/\/doll.shop\/it\/wp-json\/wp\/v2\/media?parent=31391"}],"wp:term":[{"taxonomy":"product_brand","embeddable":true,"href":"https:\/\/doll.shop\/it\/wp-json\/wp\/v2\/product_brand?post=31391"},{"taxonomy":"product_cat","embeddable":true,"href":"https:\/\/doll.shop\/it\/wp-json\/wp\/v2\/product_cat?post=31391"},{"taxonomy":"product_tag","embeddable":true,"href":"https:\/\/doll.shop\/it\/wp-json\/wp\/v2\/product_tag?post=31391"}],"curies":[{"name":"wp","href":"https:\/\/api.w.org\/{rel}","templated":true}]}}