{"id":31138,"date":"2022-04-21T14:11:21","date_gmt":"2022-04-21T12:11:21","guid":{"rendered":"https:\/\/doll.shop\/produkt\/bambola-wm-chantal-164-cm\/"},"modified":"2026-03-11T04:04:56","modified_gmt":"2026-03-11T03:04:56","slug":"bambola-wm-chantal-164-cm","status":"publish","type":"product","link":"https:\/\/doll.shop\/it\/produkt\/bambola-wm-chantal-164-cm\/","title":{"rendered":"Bambola WM Chantal | 164 cm"},"content":{"rendered":"","protected":false},"excerpt":{"rendered":"<p>WM Doll Chantal \u00e8 la bambola dell&#8217;amore premium dei tuoi sogni. Sai cosa \u00e8 fantastico: non deve rimanere intrappolata nei suoi sogni! Scegli la bambola del sesso Chantal adesso e sar\u00e0 a casa tua in pochi giorni. Con un&#8217;altezza di 164 cm, questa donna asiatica da sogno \u00e8 molto realistica.<\/p>\n","protected":false},"featured_media":31139,"comment_status":"open","ping_status":"closed","template":"","meta":[],"product_brand":[],"product_cat":[694,692],"product_tag":[],"class_list":{"0":"post-31138","1":"product","2":"type-product","3":"status-publish","4":"has-post-thumbnail","6":"product_cat-bambola-wm","7":"product_cat-bambole-del-sesso","8":"pa_brand-wm-doll-it","10":"first","11":"onbackorder","12":"taxable","13":"shipping-taxable","14":"purchasable","15":"product-type-simple"},"_links":{"self":[{"href":"https:\/\/doll.shop\/it\/wp-json\/wp\/v2\/product\/31138","targetHints":{"allow":["GET"]}}],"collection":[{"href":"https:\/\/doll.shop\/it\/wp-json\/wp\/v2\/product"}],"about":[{"href":"https:\/\/doll.shop\/it\/wp-json\/wp\/v2\/types\/product"}],"replies":[{"embeddable":true,"href":"https:\/\/doll.shop\/it\/wp-json\/wp\/v2\/comments?post=31138"}],"wp:featuredmedia":[{"embeddable":true,"href":"https:\/\/doll.shop\/it\/wp-json\/wp\/v2\/media\/31139"}],"wp:attachment":[{"href":"https:\/\/doll.shop\/it\/wp-json\/wp\/v2\/media?parent=31138"}],"wp:term":[{"taxonomy":"product_brand","embeddable":true,"href":"https:\/\/doll.shop\/it\/wp-json\/wp\/v2\/product_brand?post=31138"},{"taxonomy":"product_cat","embeddable":true,"href":"https:\/\/doll.shop\/it\/wp-json\/wp\/v2\/product_cat?post=31138"},{"taxonomy":"product_tag","embeddable":true,"href":"https:\/\/doll.shop\/it\/wp-json\/wp\/v2\/product_tag?post=31138"}],"curies":[{"name":"wp","href":"https:\/\/api.w.org\/{rel}","templated":true}]}}