{"id":31085,"date":"2022-06-09T10:38:51","date_gmt":"2022-06-09T08:38:51","guid":{"rendered":"https:\/\/doll.shop\/produkt\/bambola-dellamore-jessica-157-cm\/"},"modified":"2025-12-05T12:36:24","modified_gmt":"2025-12-05T11:36:24","slug":"bambola-dellamore-jessica-157-cm","status":"publish","type":"product","link":"https:\/\/doll.shop\/it\/produkt\/bambola-dellamore-jessica-157-cm\/","title":{"rendered":"Jessica bambola dell&#8217;amore | 157 cm"},"content":{"rendered":"","protected":false},"excerpt":{"rendered":"<p>La bambola WM Jessica \u00e8 un vero e proprio richiamo per gli occhi. Questa bionda \u00e8 un vero angelo. L&#8217;unica domanda \u00e8 come sia Jessica nella vita reale. Non aspettare oltre e scoprilo subito! Se trovi attraenti le donne bionde, devi assolutamente dare un&#8217;occhiata a questa bambola dell&#8217;amore di prima qualit\u00e0. Sei pronto per una nuova avventura nella tua vita? Allora dai subito un&#8217;occhiata a Doll.shop!<\/p>\n","protected":false},"featured_media":31168,"comment_status":"open","ping_status":"closed","template":"","meta":[],"product_brand":[],"product_cat":[692,694],"product_tag":[],"class_list":{"0":"post-31085","1":"product","2":"type-product","3":"status-publish","4":"has-post-thumbnail","6":"product_cat-bambole-del-sesso","7":"product_cat-bambola-wm","8":"pa_brand-wm-doll-it","10":"first","11":"onbackorder","12":"taxable","13":"shipping-taxable","14":"purchasable","15":"product-type-simple"},"_links":{"self":[{"href":"https:\/\/doll.shop\/it\/wp-json\/wp\/v2\/product\/31085","targetHints":{"allow":["GET"]}}],"collection":[{"href":"https:\/\/doll.shop\/it\/wp-json\/wp\/v2\/product"}],"about":[{"href":"https:\/\/doll.shop\/it\/wp-json\/wp\/v2\/types\/product"}],"replies":[{"embeddable":true,"href":"https:\/\/doll.shop\/it\/wp-json\/wp\/v2\/comments?post=31085"}],"wp:featuredmedia":[{"embeddable":true,"href":"https:\/\/doll.shop\/it\/wp-json\/wp\/v2\/media\/31168"}],"wp:attachment":[{"href":"https:\/\/doll.shop\/it\/wp-json\/wp\/v2\/media?parent=31085"}],"wp:term":[{"taxonomy":"product_brand","embeddable":true,"href":"https:\/\/doll.shop\/it\/wp-json\/wp\/v2\/product_brand?post=31085"},{"taxonomy":"product_cat","embeddable":true,"href":"https:\/\/doll.shop\/it\/wp-json\/wp\/v2\/product_cat?post=31085"},{"taxonomy":"product_tag","embeddable":true,"href":"https:\/\/doll.shop\/it\/wp-json\/wp\/v2\/product_tag?post=31085"}],"curies":[{"name":"wp","href":"https:\/\/api.w.org\/{rel}","templated":true}]}}