{"id":30990,"date":"2022-04-22T08:13:49","date_gmt":"2022-04-22T06:13:49","guid":{"rendered":"https:\/\/doll.shop\/produkt\/wm-doll-jill-172-cm\/"},"modified":"2025-12-05T12:37:01","modified_gmt":"2025-12-05T11:37:01","slug":"wm-doll-jill-172-cm","status":"publish","type":"product","link":"https:\/\/doll.shop\/it\/produkt\/wm-doll-jill-172-cm\/","title":{"rendered":"WM Doll Jill | 172 cm"},"content":{"rendered":"","protected":false},"excerpt":{"rendered":"<p>WM Doll Jill \u00e8 un&#8217;incantevole ragazza asiatica che addolcir\u00e0 la tua vita. Con i suoi 172 cm di altezza, Jill \u00e8 perfetta per chi ama le donne alte. Jill ha un fisico perfetto e snello e un seno relativamente piccolo. Non esitare troppo e conosci questa donna da sogno, non te ne pentirai! Si prega di notare che questo modello viene fornito in un colore di pelle leggermente abbronzato. Nelle foto Jill appare anche con una parrucca impiantata. Tuttavia, viene inviato con una parrucca rimovibile.<\/p>\n","protected":false},"featured_media":31032,"comment_status":"open","ping_status":"closed","template":"","meta":[],"product_brand":[],"product_cat":[694,692],"product_tag":[],"class_list":{"0":"post-30990","1":"product","2":"type-product","3":"status-publish","4":"has-post-thumbnail","6":"product_cat-bambola-wm","7":"product_cat-bambole-del-sesso","8":"pa_brand-wm-doll-it","10":"first","11":"onbackorder","12":"taxable","13":"shipping-taxable","14":"purchasable","15":"product-type-simple"},"_links":{"self":[{"href":"https:\/\/doll.shop\/it\/wp-json\/wp\/v2\/product\/30990","targetHints":{"allow":["GET"]}}],"collection":[{"href":"https:\/\/doll.shop\/it\/wp-json\/wp\/v2\/product"}],"about":[{"href":"https:\/\/doll.shop\/it\/wp-json\/wp\/v2\/types\/product"}],"replies":[{"embeddable":true,"href":"https:\/\/doll.shop\/it\/wp-json\/wp\/v2\/comments?post=30990"}],"wp:featuredmedia":[{"embeddable":true,"href":"https:\/\/doll.shop\/it\/wp-json\/wp\/v2\/media\/31032"}],"wp:attachment":[{"href":"https:\/\/doll.shop\/it\/wp-json\/wp\/v2\/media?parent=30990"}],"wp:term":[{"taxonomy":"product_brand","embeddable":true,"href":"https:\/\/doll.shop\/it\/wp-json\/wp\/v2\/product_brand?post=30990"},{"taxonomy":"product_cat","embeddable":true,"href":"https:\/\/doll.shop\/it\/wp-json\/wp\/v2\/product_cat?post=30990"},{"taxonomy":"product_tag","embeddable":true,"href":"https:\/\/doll.shop\/it\/wp-json\/wp\/v2\/product_tag?post=30990"}],"curies":[{"name":"wp","href":"https:\/\/api.w.org\/{rel}","templated":true}]}}