{"id":30948,"date":"2022-04-21T13:57:42","date_gmt":"2022-04-21T11:57:42","guid":{"rendered":"https:\/\/doll.shop\/produkt\/wm-doll-cato-166-cm\/"},"modified":"2025-12-05T12:37:41","modified_gmt":"2025-12-05T11:37:41","slug":"wm-doll-cato-166-cm","status":"publish","type":"product","link":"https:\/\/doll.shop\/it\/produkt\/wm-doll-cato-166-cm\/","title":{"rendered":"WM Doll Cato | 166 cm"},"content":{"rendered":"","protected":false},"excerpt":{"rendered":"<p>WM Doll Cato \u00e8 una mora davvero affascinante. Questa donna meravigliosa si distingue per la sua acconciatura selvaggia e riccia. \u00c8 cos\u00ec bella in un certo modo. La domanda \u00e8: cosa fa scattare Cato nella vita reale? Questo dipende molto da te, perch\u00e9 Cato \u00e8 davvero adattabile e vuole solo accontentarti. Conosci subito questa modella e goditi la sua figura perfetta e il suo bellissimo seno pieno.<\/p>\n","protected":false},"featured_media":30950,"comment_status":"open","ping_status":"closed","template":"","meta":[],"product_brand":[],"product_cat":[694,692],"product_tag":[],"class_list":{"0":"post-30948","1":"product","2":"type-product","3":"status-publish","4":"has-post-thumbnail","6":"product_cat-bambola-wm","7":"product_cat-bambole-del-sesso","8":"pa_brand-wm-doll-it","10":"first","11":"onbackorder","12":"taxable","13":"shipping-taxable","14":"purchasable","15":"product-type-simple"},"_links":{"self":[{"href":"https:\/\/doll.shop\/it\/wp-json\/wp\/v2\/product\/30948","targetHints":{"allow":["GET"]}}],"collection":[{"href":"https:\/\/doll.shop\/it\/wp-json\/wp\/v2\/product"}],"about":[{"href":"https:\/\/doll.shop\/it\/wp-json\/wp\/v2\/types\/product"}],"replies":[{"embeddable":true,"href":"https:\/\/doll.shop\/it\/wp-json\/wp\/v2\/comments?post=30948"}],"wp:featuredmedia":[{"embeddable":true,"href":"https:\/\/doll.shop\/it\/wp-json\/wp\/v2\/media\/30950"}],"wp:attachment":[{"href":"https:\/\/doll.shop\/it\/wp-json\/wp\/v2\/media?parent=30948"}],"wp:term":[{"taxonomy":"product_brand","embeddable":true,"href":"https:\/\/doll.shop\/it\/wp-json\/wp\/v2\/product_brand?post=30948"},{"taxonomy":"product_cat","embeddable":true,"href":"https:\/\/doll.shop\/it\/wp-json\/wp\/v2\/product_cat?post=30948"},{"taxonomy":"product_tag","embeddable":true,"href":"https:\/\/doll.shop\/it\/wp-json\/wp\/v2\/product_tag?post=30948"}],"curies":[{"name":"wp","href":"https:\/\/api.w.org\/{rel}","templated":true}]}}