{"id":30863,"date":"2022-09-27T11:55:07","date_gmt":"2022-09-27T09:55:07","guid":{"rendered":"https:\/\/doll.shop\/autenticita-delle-bambole-gonfiabili\/"},"modified":"2024-05-03T13:15:31","modified_gmt":"2024-05-03T11:15:31","slug":"autenticita-delle-bambole-gonfiabili","status":"publish","type":"page","link":"https:\/\/doll.shop\/it\/autenticita-delle-bambole-gonfiabili\/","title":{"rendered":"Autenticit\u00e0 delle bambole gonfiabili"},"content":{"rendered":"\n<p>Le bambole del sesso stanno diventando sempre pi\u00f9 popolari al giorno d&#8217;oggi. Di conseguenza, purtroppo, ci sono sempre pi\u00f9 bambole sessuali false in circolazione. L&#8217;ideale \u00e8 acquistare solo da un rivenditore verificato e non lasciarsi ingannare da rivenditori fraudolenti.  <\/p>\n\n<p><strong>Costo realistico di una bambola gonfiabile<\/strong> <\/p>\n\n<p>Naturalmente, non vuoi pagare troppo per la tua bambola gonfiabile. Tuttavia, \u00e8 anche importante rendersi conto che \u00e8 quasi impossibile acquistare una vera bambola gonfiabile a meno di 400 euro. Le bambole sessuali sono ovviamente disponibili per l&#8217;acquisto in fasce di prezzo molto diverse. Tuttavia, anche le bambole della fascia di prezzo pi\u00f9 bassa costeranno tra i 400 e i 600 euro. Quindi, se vedi una bambola gonfiabile da qualche parte online a un prezzo pi\u00f9 conveniente, ti chiediamo di pensare due volte se potrebbe essere un falso. Purtroppo capita spesso di ordinare una bambola da un rivenditore fraudolento e di non ricevere mai i soldi spesi. Quindi diffida sempre dei prezzi incredibili o degli sconti irrealisticamente alti. Se pensi che sia troppo bello per essere vero, di solito \u00e8 cos\u00ec.  <\/p>\n\n<p><strong>Scelta della marca di bambole gonfiabili  <\/strong><\/p>\n\n<p>Doll.shop ti consiglia sempre di acquistare una bambola gonfiabile di un marchio noto presso un rivenditore autentico. I marchi pi\u00f9 noti nel settore delle bambole gonfiabili sono WM Doll, DutchDoll, 6YE Doll e Firedoll. Tutti questi marchi hanno un&#8217;ottima reputazione e vendono solo bambole sessuali di alta qualit\u00e0. Naturalmente, esistono innumerevoli marchi nel settore delle bambole gonfiabili. Oltre alle marche gi\u00e0 elencate, puoi ovviamente scegliere anche bambole di altre marche. Assicurati di controllare sempre che il rivenditore sia autentico.  <\/p>\n\n<p><strong>Perch\u00e9 una bambola gonfiabile finta non \u00e8 buona come una vera?  <\/strong><\/p>\n\n<p>Come puoi gi\u00e0 immaginare, ci sono enormi differenze tra una vera bambola gonfiabile e una copia. Le immagini di marchi famosi vengono spesso utilizzate per le bambole gonfiabili false per farle sembrare reali. Se vedi una bambola gonfiabile WM Doll in una foto su un sito web fraudolento, non significa necessariamente che riceverai una bambola gonfiabile realistica di questo marchio. Inoltre, una bambola contraffatta \u00e8 spesso realizzata con materiali di qualit\u00e0 inferiore. In generale, la maggior parte delle bambole gonfiabili \u00e8 realizzata in elastomero termoplastico (TPE) o in silicone. Anche se le contraffazioni sono spesso realizzate con lo stesso materiale, ci sono notevoli differenze. La maggior parte delle copie \u00e8 di qualit\u00e0 da scarsa a molto scarsa, con la differenza principale nella qualit\u00e0 del TPE. Nella maggior parte dei casi, il TPE di alta qualit\u00e0 \u00e8 pi\u00f9 spesso del TPE economico. La maggior parte delle copie \u00e8 realizzata con un materiale cos\u00ec sottile da essere traslucido. Inoltre, il TPE pi\u00f9 economico non \u00e8 altrettanto flessibile e meno elastico. Di conseguenza, i movimenti della bambola del sesso sono notevolmente limitati in un falso e la tua esperienza sessuale sar\u00e0 meno realistica. Inoltre, l&#8217;aspetto di una bambola gonfiabile finta \u00e8 meno realistico di quello di una bambola vera. Le copie di bambole sessuali reali spesso permettono di risparmiare il pi\u00f9 possibile. Questo significa che spesso manca l&#8217;attenzione ai piccoli dettagli. Alla fine, puoi vedere chiaramente la differenza tra una bambola gonfiabile vera e una falsa.  <\/p>\n\n<p><strong>Come evitare di acquistare una bambola gonfiabile falsa  <\/strong><\/p>\n\n<ol class=\"wp-block-list\">\n<li>Leggi attentamente le recensioni su Google  <\/li>\n\n\n\n<li>Non lasciarti ingannare dai prezzi incredibilmente bassi<\/li>\n\n\n\n<li>Controlla se la bambola gonfiabile \u00e8 dotata di un certificato di autenticit\u00e0 (essenziale per le WM Doll).<\/li>\n\n\n\n<li>Controlla l&#8217;ortografia e la lingua del sito web (soprattutto nella descrizione del prodotto).<\/li>\n<\/ol>\n\n<p><strong>Certificato di autenticit\u00e0 <\/strong><\/p>\n\n<p>Un certificato di autenticit\u00e0 \u00e8 una dichiarazione scritta dell&#8217;autenticit\u00e0 di una bambola gonfiabile. Questa opzione non \u00e8 disponibile per tutti i marchi, ma \u00e8 molto comune per i marchi premium come WM Doll e SE Doll inviare le bambole sessuali con un certificato di autenticit\u00e0. La presente dichiarazione di autenticit\u00e0 contiene le seguenti informazioni: Nome del prodotto, numero di certificato, codice prodotto\/numero di serie. In questo modo potrai scoprire facilmente se hai ricevuto una vera bambola gonfiabile o una copia. Se acquisti da un rivenditore online che non ti offre un certificato di autenticit\u00e0 per uno di questi marchi, fai attenzione! In questo caso, ti consigliamo di non effettuare comunque l&#8217;acquisto.  <\/p>\n","protected":false},"excerpt":{"rendered":"<p>Le bambole del sesso stanno diventando sempre pi\u00f9 popolari al giorno d&#8217;oggi. Di conseguenza, purtroppo, ci sono sempre pi\u00f9 bambole<\/p>\n","protected":false},"author":2,"featured_media":0,"parent":0,"menu_order":0,"comment_status":"closed","ping_status":"closed","template":"","meta":{"footnotes":""},"class_list":["post-30863","page","type-page","status-publish","hentry"],"_links":{"self":[{"href":"https:\/\/doll.shop\/it\/wp-json\/wp\/v2\/pages\/30863","targetHints":{"allow":["GET"]}}],"collection":[{"href":"https:\/\/doll.shop\/it\/wp-json\/wp\/v2\/pages"}],"about":[{"href":"https:\/\/doll.shop\/it\/wp-json\/wp\/v2\/types\/page"}],"author":[{"embeddable":true,"href":"https:\/\/doll.shop\/it\/wp-json\/wp\/v2\/users\/2"}],"replies":[{"embeddable":true,"href":"https:\/\/doll.shop\/it\/wp-json\/wp\/v2\/comments?post=30863"}],"version-history":[{"count":1,"href":"https:\/\/doll.shop\/it\/wp-json\/wp\/v2\/pages\/30863\/revisions"}],"predecessor-version":[{"id":30873,"href":"https:\/\/doll.shop\/it\/wp-json\/wp\/v2\/pages\/30863\/revisions\/30873"}],"wp:attachment":[{"href":"https:\/\/doll.shop\/it\/wp-json\/wp\/v2\/media?parent=30863"}],"curies":[{"name":"wp","href":"https:\/\/api.w.org\/{rel}","templated":true}]}}