{"id":952426,"date":"2026-04-09T14:32:10","date_gmt":"2026-04-09T12:32:10","guid":{"rendered":"https:\/\/doll.shop\/produkt\/el-poupee-mila-158-cm\/"},"modified":"2026-04-09T14:49:23","modified_gmt":"2026-04-09T12:49:23","slug":"el-poupee-mila-158-cm","status":"publish","type":"product","link":"https:\/\/doll.shop\/fr\/produit\/el-poupee-mila-158-cm\/","title":{"rendered":"EL doll Mila | 158 cm"},"content":{"rendered":"","protected":false},"excerpt":{"rendered":"<p>EL doll Mila est une brune sexy au regard doux. Cette s\u00e9duisante poup\u00e9e sexuelle a des cheveux ch\u00e2tain clair et des yeux chauds et expressifs qui attirent instantan\u00e9ment l&rsquo;attention. Son visage sophistiqu\u00e9 et ses courbes corn\u00e9es font d&rsquo;elle une v\u00e9ritable attraction. Mila mesure 158 cm et p\u00e8se 32 kilogrammes, ce qui lui assure des proportions r\u00e9alistes et \u00e9quilibr\u00e9es. Son corps \u00e9l\u00e9gant est encore mis en valeur par sa belle poitrine au bonnet C, qui lui conf\u00e8re une silhouette f\u00e9minine et naturelle. Pour les amateurs de brunes charmantes au regard doux, Mila m\u00e9rite sans aucun doute d&rsquo;\u00eatre admir\u00e9e.     <\/p>\n","protected":false},"featured_media":952407,"comment_status":"open","ping_status":"closed","template":"","meta":[],"product_brand":[],"product_cat":[577],"product_tag":[],"class_list":{"0":"post-952426","1":"product","2":"type-product","3":"status-publish","4":"has-post-thumbnail","6":"product_cat-poupees-sexuelles","7":"pa_brand-el-doll","9":"first","10":"instock","11":"sale","12":"taxable","13":"shipping-taxable","14":"purchasable","15":"product-type-simple"},"_links":{"self":[{"href":"https:\/\/doll.shop\/fr\/wp-json\/wp\/v2\/product\/952426","targetHints":{"allow":["GET"]}}],"collection":[{"href":"https:\/\/doll.shop\/fr\/wp-json\/wp\/v2\/product"}],"about":[{"href":"https:\/\/doll.shop\/fr\/wp-json\/wp\/v2\/types\/product"}],"replies":[{"embeddable":true,"href":"https:\/\/doll.shop\/fr\/wp-json\/wp\/v2\/comments?post=952426"}],"wp:featuredmedia":[{"embeddable":true,"href":"https:\/\/doll.shop\/fr\/wp-json\/wp\/v2\/media\/952407"}],"wp:attachment":[{"href":"https:\/\/doll.shop\/fr\/wp-json\/wp\/v2\/media?parent=952426"}],"wp:term":[{"taxonomy":"product_brand","embeddable":true,"href":"https:\/\/doll.shop\/fr\/wp-json\/wp\/v2\/product_brand?post=952426"},{"taxonomy":"product_cat","embeddable":true,"href":"https:\/\/doll.shop\/fr\/wp-json\/wp\/v2\/product_cat?post=952426"},{"taxonomy":"product_tag","embeddable":true,"href":"https:\/\/doll.shop\/fr\/wp-json\/wp\/v2\/product_tag?post=952426"}],"curies":[{"name":"wp","href":"https:\/\/api.w.org\/{rel}","templated":true}]}}