{"id":947925,"date":"2025-09-16T12:48:04","date_gmt":"2025-09-16T10:48:04","guid":{"rendered":"https:\/\/doll.shop\/?post_type=product&#038;p=947925"},"modified":"2026-04-22T12:31:10","modified_gmt":"2026-04-22T10:31:10","slug":"sexdoll-ava-158-cm","status":"publish","type":"product","link":"https:\/\/doll.shop\/fr\/produit\/sexdoll-ava-158-cm\/","title":{"rendered":"EL doll Sasha | 158 cm"},"content":{"rendered":"","protected":false},"excerpt":{"rendered":"<p>La poup\u00e9e EL Sasha est une \u00e9l\u00e9gante beaut\u00e9 blonde de 158 cm \u00e0 la silhouette fine et f\u00e9minine et \u00e0 l&rsquo;allure douce et naturelle. Sa peau claire et ses cheveux d&rsquo;un blond \u00e9clatant lui donnent une allure fra\u00eeche et classique qui s\u00e9duit imm\u00e9diatement. Avec son magnifique bonnet C et ses proportions raffin\u00e9es, Sasha est \u00e0 la fois sensuelle et accessible.  <\/p>\n","protected":false},"featured_media":951035,"comment_status":"open","ping_status":"closed","template":"","meta":[],"product_brand":[],"product_cat":[615],"product_tag":[],"class_list":{"0":"post-947925","1":"product","2":"type-product","3":"status-publish","4":"has-post-thumbnail","6":"product_cat-rf-doll","8":"first","9":"instock","10":"sale","11":"taxable","12":"shipping-taxable","13":"purchasable","14":"product-type-simple"},"_links":{"self":[{"href":"https:\/\/doll.shop\/fr\/wp-json\/wp\/v2\/product\/947925","targetHints":{"allow":["GET"]}}],"collection":[{"href":"https:\/\/doll.shop\/fr\/wp-json\/wp\/v2\/product"}],"about":[{"href":"https:\/\/doll.shop\/fr\/wp-json\/wp\/v2\/types\/product"}],"replies":[{"embeddable":true,"href":"https:\/\/doll.shop\/fr\/wp-json\/wp\/v2\/comments?post=947925"}],"wp:featuredmedia":[{"embeddable":true,"href":"https:\/\/doll.shop\/fr\/wp-json\/wp\/v2\/media\/951035"}],"wp:attachment":[{"href":"https:\/\/doll.shop\/fr\/wp-json\/wp\/v2\/media?parent=947925"}],"wp:term":[{"taxonomy":"product_brand","embeddable":true,"href":"https:\/\/doll.shop\/fr\/wp-json\/wp\/v2\/product_brand?post=947925"},{"taxonomy":"product_cat","embeddable":true,"href":"https:\/\/doll.shop\/fr\/wp-json\/wp\/v2\/product_cat?post=947925"},{"taxonomy":"product_tag","embeddable":true,"href":"https:\/\/doll.shop\/fr\/wp-json\/wp\/v2\/product_tag?post=947925"}],"curies":[{"name":"wp","href":"https:\/\/api.w.org\/{rel}","templated":true}]}}