{"id":947916,"date":"2025-09-16T09:50:29","date_gmt":"2025-09-16T07:50:29","guid":{"rendered":"https:\/\/doll.shop\/?post_type=product&p=947916"},"modified":"2026-04-10T07:34:20","modified_gmt":"2026-04-10T05:34:20","slug":"firedoll-stella-156-cm","status":"publish","type":"product","link":"https:\/\/doll.shop\/fr\/produit\/firedoll-stella-156-cm\/","title":{"rendered":"Firedoll Stella | 156 cm"},"content":{"rendered":"","protected":false},"excerpt":{"rendered":"<p>RF Doll Stella est une blonde sophistiqu\u00e9e de 156 cm \u00e0 la silhouette \u00e9l\u00e9gante et f\u00e9minine et \u00e0 l&rsquo;allure douce et accueillante. Sa peau claire et ses cheveux blonds lustr\u00e9s lui donnent une allure fra\u00eeche et \u00e9l\u00e9gante. Avec son bonnet C naturel et ses courbes \u00e9quilibr\u00e9es, Stella d\u00e9gage \u00e0 la fois classe et sensualit\u00e9.  <\/p>\n","protected":false},"featured_media":947539,"comment_status":"open","ping_status":"closed","template":"","meta":[],"product_brand":[],"product_cat":[612],"product_tag":[],"class_list":{"0":"post-947916","1":"product","2":"type-product","3":"status-publish","4":"has-post-thumbnail","6":"product_cat-firedoll","8":"first","9":"instock","10":"sale","11":"taxable","12":"shipping-taxable","13":"purchasable","14":"product-type-simple"},"_links":{"self":[{"href":"https:\/\/doll.shop\/fr\/wp-json\/wp\/v2\/product\/947916","targetHints":{"allow":["GET"]}}],"collection":[{"href":"https:\/\/doll.shop\/fr\/wp-json\/wp\/v2\/product"}],"about":[{"href":"https:\/\/doll.shop\/fr\/wp-json\/wp\/v2\/types\/product"}],"replies":[{"embeddable":true,"href":"https:\/\/doll.shop\/fr\/wp-json\/wp\/v2\/comments?post=947916"}],"wp:featuredmedia":[{"embeddable":true,"href":"https:\/\/doll.shop\/fr\/wp-json\/wp\/v2\/media\/947539"}],"wp:attachment":[{"href":"https:\/\/doll.shop\/fr\/wp-json\/wp\/v2\/media?parent=947916"}],"wp:term":[{"taxonomy":"product_brand","embeddable":true,"href":"https:\/\/doll.shop\/fr\/wp-json\/wp\/v2\/product_brand?post=947916"},{"taxonomy":"product_cat","embeddable":true,"href":"https:\/\/doll.shop\/fr\/wp-json\/wp\/v2\/product_cat?post=947916"},{"taxonomy":"product_tag","embeddable":true,"href":"https:\/\/doll.shop\/fr\/wp-json\/wp\/v2\/product_tag?post=947916"}],"curies":[{"name":"wp","href":"https:\/\/api.w.org\/{rel}","templated":true}]}}