{"id":947911,"date":"2025-09-16T09:09:35","date_gmt":"2025-09-16T07:09:35","guid":{"rendered":"https:\/\/doll.shop\/?post_type=product&p=947911"},"modified":"2026-04-22T13:05:30","modified_gmt":"2026-04-22T11:05:30","slug":"firedoll-camila-156-cm","status":"publish","type":"product","link":"https:\/\/doll.shop\/fr\/produit\/firedoll-camila-156-cm\/","title":{"rendered":"Firedoll Camila | 156 cm"},"content":{"rendered":"","protected":false},"excerpt":{"rendered":"<p>Camila est une beaut\u00e9 br\u00e9silienne de 156 cm avec un bonnet D naturel et un look enjou\u00e9. Sa peau douce en TPE est tr\u00e8s r\u00e9aliste, tandis que son squelette en m\u00e9tal assure des mouvements fluides et stables. Avec trois ouvertures r\u00e9alistes, Camila offre une exp\u00e9rience polyvalente et intense que vous n&rsquo;\u00eates pas pr\u00eat d&rsquo;oublier.  <\/p>\n","protected":false},"featured_media":947311,"comment_status":"open","ping_status":"closed","template":"","meta":[],"product_brand":[],"product_cat":[612],"product_tag":[],"class_list":{"0":"post-947911","1":"product","2":"type-product","3":"status-publish","4":"has-post-thumbnail","6":"product_cat-firedoll","8":"first","9":"instock","10":"sale","11":"taxable","12":"shipping-taxable","13":"purchasable","14":"product-type-simple"},"_links":{"self":[{"href":"https:\/\/doll.shop\/fr\/wp-json\/wp\/v2\/product\/947911","targetHints":{"allow":["GET"]}}],"collection":[{"href":"https:\/\/doll.shop\/fr\/wp-json\/wp\/v2\/product"}],"about":[{"href":"https:\/\/doll.shop\/fr\/wp-json\/wp\/v2\/types\/product"}],"replies":[{"embeddable":true,"href":"https:\/\/doll.shop\/fr\/wp-json\/wp\/v2\/comments?post=947911"}],"wp:featuredmedia":[{"embeddable":true,"href":"https:\/\/doll.shop\/fr\/wp-json\/wp\/v2\/media\/947311"}],"wp:attachment":[{"href":"https:\/\/doll.shop\/fr\/wp-json\/wp\/v2\/media?parent=947911"}],"wp:term":[{"taxonomy":"product_brand","embeddable":true,"href":"https:\/\/doll.shop\/fr\/wp-json\/wp\/v2\/product_brand?post=947911"},{"taxonomy":"product_cat","embeddable":true,"href":"https:\/\/doll.shop\/fr\/wp-json\/wp\/v2\/product_cat?post=947911"},{"taxonomy":"product_tag","embeddable":true,"href":"https:\/\/doll.shop\/fr\/wp-json\/wp\/v2\/product_tag?post=947911"}],"curies":[{"name":"wp","href":"https:\/\/api.w.org\/{rel}","templated":true}]}}