{"id":947292,"date":"2025-09-11T16:13:17","date_gmt":"2025-09-11T14:13:17","guid":{"rendered":"https:\/\/doll.shop\/?post_type=product&p=947292"},"modified":"2026-03-11T03:37:04","modified_gmt":"2026-03-11T02:37:04","slug":"set-de-soins-complet-dutchdoll","status":"publish","type":"product","link":"https:\/\/doll.shop\/fr\/produit\/set-de-soins-complet-dutchdoll\/","title":{"rendered":"Set de soins complet DutchDoll"},"content":{"rendered":"","protected":false},"excerpt":{"rendered":"<p><span data-teams=\"true\">Le lubrifiant <strong>\u00e0 base d&rsquo;eau, la poudre d&rsquo;entretien<\/strong> et le <strong>nettoyant intime<\/strong> <strong>DutchDoll<\/strong> fonctionnent comme une simple routine d&rsquo;entretien. Vous commencez par le lubrifiant \u00e0 base d&rsquo;eau. Il est transparent, l\u00e9ger et naturel, et il est sans danger pour le TPE et le silicone. Il convient \u00e9galement aux pr\u00e9servatifs en latex, ce qui vous permet de jouir en toute tranquillit\u00e9. Apr\u00e8s utilisation, nettoyez avec le nettoyant intime sans savon. Doux pour les parties les plus intimes, il nettoie en profondeur et respecte la mati\u00e8re. Laissez ensuite s\u00e9cher compl\u00e8tement et saupoudrez la poudre d&rsquo;entretien. La poudre absorbe l&rsquo;humidit\u00e9 r\u00e9siduelle, emp\u00eache l&rsquo;adh\u00e9rence et permet \u00e0 la peau de votre poup\u00e9e ou de votre masturbateur d&rsquo;\u00eatre \u00e0 nouveau soyeuse et lisse. Pr\u00eat pour la prochaine s\u00e9ance.        <\/span><\/p>\n","protected":false},"featured_media":948410,"comment_status":"open","ping_status":"closed","template":"","meta":[],"product_brand":[],"product_cat":[617],"product_tag":[],"class_list":{"0":"post-947292","1":"product","2":"type-product","3":"status-publish","4":"has-post-thumbnail","6":"product_cat-accessoires","7":"product_shipping_class-small-fr","9":"first","10":"instock","11":"sale","12":"taxable","13":"shipping-taxable","14":"purchasable","15":"product-type-simple"},"_links":{"self":[{"href":"https:\/\/doll.shop\/fr\/wp-json\/wp\/v2\/product\/947292","targetHints":{"allow":["GET"]}}],"collection":[{"href":"https:\/\/doll.shop\/fr\/wp-json\/wp\/v2\/product"}],"about":[{"href":"https:\/\/doll.shop\/fr\/wp-json\/wp\/v2\/types\/product"}],"replies":[{"embeddable":true,"href":"https:\/\/doll.shop\/fr\/wp-json\/wp\/v2\/comments?post=947292"}],"wp:featuredmedia":[{"embeddable":true,"href":"https:\/\/doll.shop\/fr\/wp-json\/wp\/v2\/media\/948410"}],"wp:attachment":[{"href":"https:\/\/doll.shop\/fr\/wp-json\/wp\/v2\/media?parent=947292"}],"wp:term":[{"taxonomy":"product_brand","embeddable":true,"href":"https:\/\/doll.shop\/fr\/wp-json\/wp\/v2\/product_brand?post=947292"},{"taxonomy":"product_cat","embeddable":true,"href":"https:\/\/doll.shop\/fr\/wp-json\/wp\/v2\/product_cat?post=947292"},{"taxonomy":"product_tag","embeddable":true,"href":"https:\/\/doll.shop\/fr\/wp-json\/wp\/v2\/product_tag?post=947292"}],"curies":[{"name":"wp","href":"https:\/\/api.w.org\/{rel}","templated":true}]}}