{"id":942815,"date":"2024-09-17T09:12:55","date_gmt":"2024-09-17T07:12:55","guid":{"rendered":"https:\/\/doll.shop\/produkt\/dutchdoll-isabella-158-cm\/"},"modified":"2026-04-15T12:07:29","modified_gmt":"2026-04-15T10:07:29","slug":"dutchdoll-isabella-158-cm","status":"publish","type":"product","link":"https:\/\/doll.shop\/fr\/produit\/dutchdoll-isabella-158-cm\/","title":{"rendered":"DutchDoll Isabella &#8211; 158 cm"},"content":{"rendered":"","protected":false},"excerpt":{"rendered":"<p>Faites connaissance avec Isabella, une beaut\u00e9 svelte de 158 cm au regard doux et s\u00e9duisant. Ses yeux bleus envo\u00fbtants et ses longs cheveux bruns lui conf\u00e8rent un charme irr\u00e9sistible. Isabella est une poup\u00e9e hollandaise haut de gamme, \u00e9quip\u00e9e d&rsquo;options de luxe pour une exp\u00e9rience r\u00e9aliste ultime. Le squelette EVO+ permet des mouvements naturels, tandis que sa peau plus vraie que nature est douce et raffin\u00e9e. Gr\u00e2ce \u00e0 son squelette manuel et \u00e0 son visage d\u00e9taill\u00e9 et expressif, dot\u00e9 d&rsquo;une m\u00e2choire mobile, Isabella offre un niveau de r\u00e9alisme in\u00e9gal\u00e9, m\u00eame lors d&rsquo;activit\u00e9s buccales. Ajoutez cette poup\u00e9e \u00e9l\u00e9gante et de grande qualit\u00e9 \u00e0 votre collection et d\u00e9couvrez la perfection DutchDoll.<\/p>\n","protected":false},"featured_media":941331,"comment_status":"open","ping_status":"closed","template":"","meta":[],"product_brand":[],"product_cat":[577,613],"product_tag":[],"class_list":{"0":"post-942815","1":"product","2":"type-product","3":"status-publish","4":"has-post-thumbnail","6":"product_cat-poupees-sexuelles","7":"product_cat-dutchdoll","8":"pa_brand-dutchdoll-fr","10":"first","11":"instock","12":"taxable","13":"shipping-taxable","14":"purchasable","15":"product-type-simple"},"_links":{"self":[{"href":"https:\/\/doll.shop\/fr\/wp-json\/wp\/v2\/product\/942815","targetHints":{"allow":["GET"]}}],"collection":[{"href":"https:\/\/doll.shop\/fr\/wp-json\/wp\/v2\/product"}],"about":[{"href":"https:\/\/doll.shop\/fr\/wp-json\/wp\/v2\/types\/product"}],"replies":[{"embeddable":true,"href":"https:\/\/doll.shop\/fr\/wp-json\/wp\/v2\/comments?post=942815"}],"wp:featuredmedia":[{"embeddable":true,"href":"https:\/\/doll.shop\/fr\/wp-json\/wp\/v2\/media\/941331"}],"wp:attachment":[{"href":"https:\/\/doll.shop\/fr\/wp-json\/wp\/v2\/media?parent=942815"}],"wp:term":[{"taxonomy":"product_brand","embeddable":true,"href":"https:\/\/doll.shop\/fr\/wp-json\/wp\/v2\/product_brand?post=942815"},{"taxonomy":"product_cat","embeddable":true,"href":"https:\/\/doll.shop\/fr\/wp-json\/wp\/v2\/product_cat?post=942815"},{"taxonomy":"product_tag","embeddable":true,"href":"https:\/\/doll.shop\/fr\/wp-json\/wp\/v2\/product_tag?post=942815"}],"curies":[{"name":"wp","href":"https:\/\/api.w.org\/{rel}","templated":true}]}}