{"id":942625,"date":"2024-08-29T14:49:49","date_gmt":"2024-08-29T12:49:49","guid":{"rendered":"https:\/\/doll.shop\/produkt\/dutchdoll-jade-158-cm\/"},"modified":"2026-04-20T14:37:21","modified_gmt":"2026-04-20T12:37:21","slug":"dutchdoll-jade-158-cm","status":"publish","type":"product","link":"https:\/\/doll.shop\/fr\/produit\/dutchdoll-jade-158-cm\/","title":{"rendered":"DutchDoll Jade | 158 cm"},"content":{"rendered":"","protected":false},"excerpt":{"rendered":"<p>DutchDoll Jade est une poup\u00e9e sexuelle r\u00e9aliste de 158 cm aux cheveux blonds clairs et aux yeux verts.<br \/>\nElle a une peau douce et soyeuse, des seins parfaitement form\u00e9s et des options luxueuses comme un squelette de main, une peau douce, un \u00e9vo-squelette et une m\u00e2choire mobile pour une exp\u00e9rience plus vraie que nature.<br \/>\nAvec son poids l\u00e9ger de moins de 30 kg, elle est facile \u00e0 d\u00e9placer.<br \/>\nJade allie une esth\u00e9tique sophistiqu\u00e9e \u00e0 une grande facilit\u00e9 d&rsquo;utilisation pour une exp\u00e9rience inoubliable.   <\/p>\n","protected":false},"featured_media":940388,"comment_status":"open","ping_status":"closed","template":"","meta":[],"product_brand":[],"product_cat":[577,613],"product_tag":[],"class_list":{"0":"post-942625","1":"product","2":"type-product","3":"status-publish","4":"has-post-thumbnail","6":"product_cat-poupees-sexuelles","7":"product_cat-dutchdoll","8":"pa_brand-dutchdoll-fr","10":"first","11":"instock","12":"taxable","13":"shipping-taxable","14":"purchasable","15":"product-type-simple"},"_links":{"self":[{"href":"https:\/\/doll.shop\/fr\/wp-json\/wp\/v2\/product\/942625","targetHints":{"allow":["GET"]}}],"collection":[{"href":"https:\/\/doll.shop\/fr\/wp-json\/wp\/v2\/product"}],"about":[{"href":"https:\/\/doll.shop\/fr\/wp-json\/wp\/v2\/types\/product"}],"replies":[{"embeddable":true,"href":"https:\/\/doll.shop\/fr\/wp-json\/wp\/v2\/comments?post=942625"}],"wp:featuredmedia":[{"embeddable":true,"href":"https:\/\/doll.shop\/fr\/wp-json\/wp\/v2\/media\/940388"}],"wp:attachment":[{"href":"https:\/\/doll.shop\/fr\/wp-json\/wp\/v2\/media?parent=942625"}],"wp:term":[{"taxonomy":"product_brand","embeddable":true,"href":"https:\/\/doll.shop\/fr\/wp-json\/wp\/v2\/product_brand?post=942625"},{"taxonomy":"product_cat","embeddable":true,"href":"https:\/\/doll.shop\/fr\/wp-json\/wp\/v2\/product_cat?post=942625"},{"taxonomy":"product_tag","embeddable":true,"href":"https:\/\/doll.shop\/fr\/wp-json\/wp\/v2\/product_tag?post=942625"}],"curies":[{"name":"wp","href":"https:\/\/api.w.org\/{rel}","templated":true}]}}