{"id":942617,"date":"2024-08-29T14:53:05","date_gmt":"2024-08-29T12:53:05","guid":{"rendered":"https:\/\/doll.shop\/produkt\/dutchdoll-sara-158-cm\/"},"modified":"2026-04-22T02:06:55","modified_gmt":"2026-04-22T00:06:55","slug":"dutchdoll-sara-158-cm","status":"publish","type":"product","link":"https:\/\/doll.shop\/fr\/produit\/dutchdoll-sara-158-cm\/","title":{"rendered":"DutchDoll Sara | 158 cm"},"content":{"rendered":"","protected":false},"excerpt":{"rendered":"<p>Sara est une poup\u00e9e sexuelle r\u00e9aliste de 158 cm aux cheveux blonds, aux yeux verts et \u00e0 la poitrine magnifique. Gr\u00e2ce au squelette avanc\u00e9 de la main, \u00e0 la peau souple, \u00e0 l&rsquo;\u00e9vosquelette et \u00e0 la m\u00e2choire mobile, elle est plus vraie que nature et peut imiter les mouvements naturels. Pesant moins de 30 kg, Sara est facile \u00e0 d\u00e9placer et vous appr\u00e9cierez sa compagnie partout. DutchDoll est connu pour sa grande qualit\u00e9 et son souci du d\u00e9tail, et Sara en est un excellent exemple. Elle incarne l&rsquo;engagement de DutchDoll en mati\u00e8re d&rsquo;artisanat et de satisfaction du client, pour une exp\u00e9rience unique.<\/p>\n","protected":false},"featured_media":940577,"comment_status":"open","ping_status":"closed","template":"","meta":[],"product_brand":[],"product_cat":[577,613],"product_tag":[],"class_list":{"0":"post-942617","1":"product","2":"type-product","3":"status-publish","4":"has-post-thumbnail","6":"product_cat-poupees-sexuelles","7":"product_cat-dutchdoll","8":"pa_brand-dutchdoll-fr","10":"first","11":"instock","12":"taxable","13":"shipping-taxable","14":"purchasable","15":"product-type-simple"},"_links":{"self":[{"href":"https:\/\/doll.shop\/fr\/wp-json\/wp\/v2\/product\/942617","targetHints":{"allow":["GET"]}}],"collection":[{"href":"https:\/\/doll.shop\/fr\/wp-json\/wp\/v2\/product"}],"about":[{"href":"https:\/\/doll.shop\/fr\/wp-json\/wp\/v2\/types\/product"}],"replies":[{"embeddable":true,"href":"https:\/\/doll.shop\/fr\/wp-json\/wp\/v2\/comments?post=942617"}],"wp:featuredmedia":[{"embeddable":true,"href":"https:\/\/doll.shop\/fr\/wp-json\/wp\/v2\/media\/940577"}],"wp:attachment":[{"href":"https:\/\/doll.shop\/fr\/wp-json\/wp\/v2\/media?parent=942617"}],"wp:term":[{"taxonomy":"product_brand","embeddable":true,"href":"https:\/\/doll.shop\/fr\/wp-json\/wp\/v2\/product_brand?post=942617"},{"taxonomy":"product_cat","embeddable":true,"href":"https:\/\/doll.shop\/fr\/wp-json\/wp\/v2\/product_cat?post=942617"},{"taxonomy":"product_tag","embeddable":true,"href":"https:\/\/doll.shop\/fr\/wp-json\/wp\/v2\/product_tag?post=942617"}],"curies":[{"name":"wp","href":"https:\/\/api.w.org\/{rel}","templated":true}]}}