{"id":942612,"date":"2024-08-29T14:55:24","date_gmt":"2024-08-29T12:55:24","guid":{"rendered":"https:\/\/doll.shop\/produkt\/dutchdoll-layla-158-cm\/"},"modified":"2026-04-22T02:06:49","modified_gmt":"2026-04-22T00:06:49","slug":"dutchdoll-layla-158-cm","status":"publish","type":"product","link":"https:\/\/doll.shop\/fr\/produit\/dutchdoll-layla-158-cm\/","title":{"rendered":"DutchDoll Layla | 158 cm"},"content":{"rendered":"","protected":false},"excerpt":{"rendered":"<p>DutchDoll Layla est une poup\u00e9e sexuelle r\u00e9aliste de 158 cm con\u00e7ue pour offrir \u00e0 la fois beaut\u00e9 et fonctionnalit\u00e9.<br \/>\nCette irr\u00e9sistible brune aux superbes yeux verts et aux magnifiques cheveux noirs est dot\u00e9e d&rsquo;un bonnet de taille moyenne et d&rsquo;options de luxe telles que le squelette de la main et la technologie de la peau douce pour un toucher plus vrai que nature.<br \/>\nL&rsquo;\u00e9vo-squelette avanc\u00e9 garantit des mouvements fluides, tandis que la m\u00e2choire mobile ajoute au r\u00e9alisme.<br \/>\nPesant moins de 30 kg, Layla est \u00e9galement facile \u00e0 manipuler, sans sacrifier le r\u00e9alisme de l&rsquo;exp\u00e9rience.<br \/>\nDutchDoll est connu pour son excellent savoir-faire et son engagement en faveur de la qualit\u00e9, ce qui se traduit dans le design de Layla par une combinaison harmonieuse de r\u00e9alisme et de fonctionnalit\u00e9.<\/p>\n","protected":false},"featured_media":950187,"comment_status":"open","ping_status":"closed","template":"","meta":[],"product_brand":[],"product_cat":[577,613],"product_tag":[],"class_list":{"0":"post-942612","1":"product","2":"type-product","3":"status-publish","4":"has-post-thumbnail","6":"product_cat-poupees-sexuelles","7":"product_cat-dutchdoll","8":"pa_brand-dutchdoll-fr","10":"first","11":"instock","12":"featured","13":"taxable","14":"shipping-taxable","15":"purchasable","16":"product-type-simple"},"_links":{"self":[{"href":"https:\/\/doll.shop\/fr\/wp-json\/wp\/v2\/product\/942612","targetHints":{"allow":["GET"]}}],"collection":[{"href":"https:\/\/doll.shop\/fr\/wp-json\/wp\/v2\/product"}],"about":[{"href":"https:\/\/doll.shop\/fr\/wp-json\/wp\/v2\/types\/product"}],"replies":[{"embeddable":true,"href":"https:\/\/doll.shop\/fr\/wp-json\/wp\/v2\/comments?post=942612"}],"wp:featuredmedia":[{"embeddable":true,"href":"https:\/\/doll.shop\/fr\/wp-json\/wp\/v2\/media\/950187"}],"wp:attachment":[{"href":"https:\/\/doll.shop\/fr\/wp-json\/wp\/v2\/media?parent=942612"}],"wp:term":[{"taxonomy":"product_brand","embeddable":true,"href":"https:\/\/doll.shop\/fr\/wp-json\/wp\/v2\/product_brand?post=942612"},{"taxonomy":"product_cat","embeddable":true,"href":"https:\/\/doll.shop\/fr\/wp-json\/wp\/v2\/product_cat?post=942612"},{"taxonomy":"product_tag","embeddable":true,"href":"https:\/\/doll.shop\/fr\/wp-json\/wp\/v2\/product_tag?post=942612"}],"curies":[{"name":"wp","href":"https:\/\/api.w.org\/{rel}","templated":true}]}}