{"id":941887,"date":"2024-08-29T14:16:20","date_gmt":"2024-08-29T12:16:20","guid":{"rendered":"https:\/\/doll.shop\/produkt\/dutchdoll-rosie-161-cm\/"},"modified":"2026-04-16T08:06:57","modified_gmt":"2026-04-16T06:06:57","slug":"dutchdoll-rosie-161-cm","status":"publish","type":"product","link":"https:\/\/doll.shop\/fr\/produit\/dutchdoll-rosie-161-cm\/","title":{"rendered":"DutchDoll Rosie | 161 cm"},"content":{"rendered":"","protected":false},"excerpt":{"rendered":"<p>Rosie est une superbe poup\u00e9e sexuelle de 161 cm qui vous captivera instantan\u00e9ment avec ses yeux bleus radieux et ses magnifiques cheveux roses. Cette poup\u00e9e extraordinaire de la c\u00e9l\u00e8bre marque DutchDoll a \u00e9t\u00e9 con\u00e7ue avec le souci du d\u00e9tail. Les courbes \u00e9l\u00e9gantes de Rosie et son r\u00e9alisme exceptionnel vous feront vivre une exp\u00e9rience sans pareille. Chaque d\u00e9tail a \u00e9t\u00e9 soigneusement con\u00e7u pour offrir un \u00e9quilibre parfait entre beaut\u00e9 et sensualit\u00e9. DutchDoll est r\u00e9put\u00e9 pour la qualit\u00e9 et l&rsquo;authenticit\u00e9 de ses produits, et Rosie en est l&rsquo;exemple parfait. Laissez-vous s\u00e9duire par son charme irr\u00e9sistible et d\u00e9couvrez par vous-m\u00eame la qualit\u00e9 sup\u00e9rieure qui fait la r\u00e9putation de DutchDoll.     <\/p>\n","protected":false},"featured_media":939980,"comment_status":"open","ping_status":"closed","template":"","meta":[],"product_brand":[],"product_cat":[577,613],"product_tag":[],"class_list":{"0":"post-941887","1":"product","2":"type-product","3":"status-publish","4":"has-post-thumbnail","6":"product_cat-poupees-sexuelles","7":"product_cat-dutchdoll","8":"pa_brand-dutchdoll-fr","10":"first","11":"instock","12":"taxable","13":"shipping-taxable","14":"purchasable","15":"product-type-simple"},"_links":{"self":[{"href":"https:\/\/doll.shop\/fr\/wp-json\/wp\/v2\/product\/941887","targetHints":{"allow":["GET"]}}],"collection":[{"href":"https:\/\/doll.shop\/fr\/wp-json\/wp\/v2\/product"}],"about":[{"href":"https:\/\/doll.shop\/fr\/wp-json\/wp\/v2\/types\/product"}],"replies":[{"embeddable":true,"href":"https:\/\/doll.shop\/fr\/wp-json\/wp\/v2\/comments?post=941887"}],"wp:featuredmedia":[{"embeddable":true,"href":"https:\/\/doll.shop\/fr\/wp-json\/wp\/v2\/media\/939980"}],"wp:attachment":[{"href":"https:\/\/doll.shop\/fr\/wp-json\/wp\/v2\/media?parent=941887"}],"wp:term":[{"taxonomy":"product_brand","embeddable":true,"href":"https:\/\/doll.shop\/fr\/wp-json\/wp\/v2\/product_brand?post=941887"},{"taxonomy":"product_cat","embeddable":true,"href":"https:\/\/doll.shop\/fr\/wp-json\/wp\/v2\/product_cat?post=941887"},{"taxonomy":"product_tag","embeddable":true,"href":"https:\/\/doll.shop\/fr\/wp-json\/wp\/v2\/product_tag?post=941887"}],"curies":[{"name":"wp","href":"https:\/\/api.w.org\/{rel}","templated":true}]}}