{"id":941881,"date":"2024-08-29T14:09:22","date_gmt":"2024-08-29T12:09:22","guid":{"rendered":"https:\/\/doll.shop\/produkt\/dutchdoll-hannah-161-cm\/"},"modified":"2026-04-16T08:37:06","modified_gmt":"2026-04-16T06:37:06","slug":"dutchdoll-hannah-161-cm","status":"publish","type":"product","link":"https:\/\/doll.shop\/fr\/produit\/dutchdoll-hannah-161-cm\/","title":{"rendered":"DutchDoll Hannah | 161 cm"},"content":{"rendered":"","protected":false},"excerpt":{"rendered":"<p>Hannah est une poup\u00e9e sexuelle r\u00e9aliste de 161 cm, avec de belles cheveux blonds et des yeux bleus p\u00e9tillants. Sa silhouette l\u00e9g\u00e8rement pulpeuse respire la f\u00e9minit\u00e9, tandis que son apparence fra\u00eeche et jeune cr\u00e9e une combinaison irr\u00e9sistible d&rsquo;\u00e9l\u00e9gance et de s\u00e9duction. Elle est id\u00e9ale pour ceux qui recherchent une exp\u00e9rience de plus r\u00e9aliste, gr\u00e2ce \u00e0 une apparence et des d\u00e9tails soigneusement con\u00e7us pour r\u00e9pondre \u00e0 vos besoins.  <\/p>\n","protected":false},"featured_media":939532,"comment_status":"open","ping_status":"closed","template":"","meta":[],"product_brand":[],"product_cat":[577,613],"product_tag":[],"class_list":{"0":"post-941881","1":"product","2":"type-product","3":"status-publish","4":"has-post-thumbnail","6":"product_cat-poupees-sexuelles","7":"product_cat-dutchdoll","8":"pa_brand-dutchdoll-fr","10":"first","11":"instock","12":"taxable","13":"shipping-taxable","14":"purchasable","15":"product-type-simple"},"_links":{"self":[{"href":"https:\/\/doll.shop\/fr\/wp-json\/wp\/v2\/product\/941881","targetHints":{"allow":["GET"]}}],"collection":[{"href":"https:\/\/doll.shop\/fr\/wp-json\/wp\/v2\/product"}],"about":[{"href":"https:\/\/doll.shop\/fr\/wp-json\/wp\/v2\/types\/product"}],"replies":[{"embeddable":true,"href":"https:\/\/doll.shop\/fr\/wp-json\/wp\/v2\/comments?post=941881"}],"wp:featuredmedia":[{"embeddable":true,"href":"https:\/\/doll.shop\/fr\/wp-json\/wp\/v2\/media\/939532"}],"wp:attachment":[{"href":"https:\/\/doll.shop\/fr\/wp-json\/wp\/v2\/media?parent=941881"}],"wp:term":[{"taxonomy":"product_brand","embeddable":true,"href":"https:\/\/doll.shop\/fr\/wp-json\/wp\/v2\/product_brand?post=941881"},{"taxonomy":"product_cat","embeddable":true,"href":"https:\/\/doll.shop\/fr\/wp-json\/wp\/v2\/product_cat?post=941881"},{"taxonomy":"product_tag","embeddable":true,"href":"https:\/\/doll.shop\/fr\/wp-json\/wp\/v2\/product_tag?post=941881"}],"curies":[{"name":"wp","href":"https:\/\/api.w.org\/{rel}","templated":true}]}}