{"id":30524,"date":"2024-02-26T15:53:13","date_gmt":"2024-02-26T14:53:13","guid":{"rendered":"https:\/\/doll.shop\/produkt\/wm-doll-lais-156-cm\/"},"modified":"2026-03-11T10:19:06","modified_gmt":"2026-03-11T09:19:06","slug":"wm-doll-lais-156-cm","status":"publish","type":"product","link":"https:\/\/doll.shop\/fr\/produit\/wm-doll-lais-156-cm\/","title":{"rendered":"WM Doll Lais | 156 cm"},"content":{"rendered":"","protected":false},"excerpt":{"rendered":"<p>WM Doll Lais, la s\u00e9duction ultime en \u00e9lastom\u00e8re ultra premium (TPE). Elle offre un r\u00e9alisme et des ouvertures corporelles \u00e9troites pour des sensations intenses. Son squelette interne solide et son pied \u00e0 fonction d&rsquo;appui permettent de changer de position sans effort et m\u00eame de se tenir debout. Les seins en gel procurent une sensation de naturel in\u00e9gal\u00e9e. Avec un certificat d&rsquo;authenticit\u00e9 et un emballage discret, vous \u00eates assur\u00e9s de la durabilit\u00e9 et de la qualit\u00e9, tout en gardant un anonymat \u00e9l\u00e9gant. Que d\u00e9sirez-vous d&rsquo;autre ?<\/p>\n","protected":false},"featured_media":30471,"comment_status":"open","ping_status":"closed","template":"","meta":[],"product_brand":[],"product_cat":[577,601],"product_tag":[],"class_list":{"0":"post-30524","1":"product","2":"type-product","3":"status-publish","4":"has-post-thumbnail","6":"product_cat-poupees-sexuelles","7":"product_cat-wm-doll","8":"pa_brand-wm-doll-fr","10":"first","11":"onbackorder","12":"taxable","13":"shipping-taxable","14":"purchasable","15":"product-type-simple"},"_links":{"self":[{"href":"https:\/\/doll.shop\/fr\/wp-json\/wp\/v2\/product\/30524","targetHints":{"allow":["GET"]}}],"collection":[{"href":"https:\/\/doll.shop\/fr\/wp-json\/wp\/v2\/product"}],"about":[{"href":"https:\/\/doll.shop\/fr\/wp-json\/wp\/v2\/types\/product"}],"replies":[{"embeddable":true,"href":"https:\/\/doll.shop\/fr\/wp-json\/wp\/v2\/comments?post=30524"}],"wp:featuredmedia":[{"embeddable":true,"href":"https:\/\/doll.shop\/fr\/wp-json\/wp\/v2\/media\/30471"}],"wp:attachment":[{"href":"https:\/\/doll.shop\/fr\/wp-json\/wp\/v2\/media?parent=30524"}],"wp:term":[{"taxonomy":"product_brand","embeddable":true,"href":"https:\/\/doll.shop\/fr\/wp-json\/wp\/v2\/product_brand?post=30524"},{"taxonomy":"product_cat","embeddable":true,"href":"https:\/\/doll.shop\/fr\/wp-json\/wp\/v2\/product_cat?post=30524"},{"taxonomy":"product_tag","embeddable":true,"href":"https:\/\/doll.shop\/fr\/wp-json\/wp\/v2\/product_tag?post=30524"}],"curies":[{"name":"wp","href":"https:\/\/api.w.org\/{rel}","templated":true}]}}