{"id":30522,"date":"2024-02-26T15:11:18","date_gmt":"2024-02-26T14:11:18","guid":{"rendered":"https:\/\/doll.shop\/produkt\/wm-doll-marie-claire-156-cm\/"},"modified":"2026-03-11T10:57:03","modified_gmt":"2026-03-11T09:57:03","slug":"wm-doll-marie-claire-156-cm","status":"publish","type":"product","link":"https:\/\/doll.shop\/fr\/produit\/wm-doll-marie-claire-156-cm\/","title":{"rendered":"WM Doll Marie-Claire | 156 cm"},"content":{"rendered":"","protected":false},"excerpt":{"rendered":"<p>Voici Marie-Claire de WM Doll, une s\u00e9duisante brune de 156 cm aux courbes magnifiques. Ses hanches pleines, ses cuisses fermes, ses fesses rondes et ses gros seins invitent \u00e0 des contacts sulfureux. Fabriqu\u00e9e en \u00e9lastom\u00e8re thermoplastique (TPE) d\u00e9licieusement doux, Marie-Claire est plus vraie que nature. Dot\u00e9e d&rsquo;un squelette solide de premi\u00e8re qualit\u00e9, elle est mobile de la t\u00eate aux pieds et peut s&rsquo;asseoir, s&rsquo;allonger et se tenir debout. Qu&rsquo;est-ce que vous attendez ? D\u00e9couvrez le luxe intense de Marie-Claire !<\/p>\n","protected":false},"featured_media":30358,"comment_status":"open","ping_status":"closed","template":"","meta":[],"product_brand":[],"product_cat":[577,601],"product_tag":[],"class_list":{"0":"post-30522","1":"product","2":"type-product","3":"status-publish","4":"has-post-thumbnail","6":"product_cat-poupees-sexuelles","7":"product_cat-wm-doll","8":"pa_brand-wm-doll-fr","10":"first","11":"onbackorder","12":"taxable","13":"shipping-taxable","14":"purchasable","15":"product-type-simple"},"_links":{"self":[{"href":"https:\/\/doll.shop\/fr\/wp-json\/wp\/v2\/product\/30522","targetHints":{"allow":["GET"]}}],"collection":[{"href":"https:\/\/doll.shop\/fr\/wp-json\/wp\/v2\/product"}],"about":[{"href":"https:\/\/doll.shop\/fr\/wp-json\/wp\/v2\/types\/product"}],"replies":[{"embeddable":true,"href":"https:\/\/doll.shop\/fr\/wp-json\/wp\/v2\/comments?post=30522"}],"wp:featuredmedia":[{"embeddable":true,"href":"https:\/\/doll.shop\/fr\/wp-json\/wp\/v2\/media\/30358"}],"wp:attachment":[{"href":"https:\/\/doll.shop\/fr\/wp-json\/wp\/v2\/media?parent=30522"}],"wp:term":[{"taxonomy":"product_brand","embeddable":true,"href":"https:\/\/doll.shop\/fr\/wp-json\/wp\/v2\/product_brand?post=30522"},{"taxonomy":"product_cat","embeddable":true,"href":"https:\/\/doll.shop\/fr\/wp-json\/wp\/v2\/product_cat?post=30522"},{"taxonomy":"product_tag","embeddable":true,"href":"https:\/\/doll.shop\/fr\/wp-json\/wp\/v2\/product_tag?post=30522"}],"curies":[{"name":"wp","href":"https:\/\/api.w.org\/{rel}","templated":true}]}}