{"id":27305,"date":"2022-09-20T10:11:30","date_gmt":"2022-09-20T08:11:30","guid":{"rendered":"https:\/\/doll.shop\/produkt\/shemale-insert\/"},"modified":"2026-04-20T12:35:35","modified_gmt":"2026-04-20T10:35:35","slug":"shemale-insert","status":"publish","type":"product","link":"https:\/\/doll.shop\/fr\/produit\/shemale-insert\/","title":{"rendered":"Shemale insert"},"content":{"rendered":"","protected":false},"excerpt":{"rendered":"<p>Si vous aimez vous amuser au lit avec votre partenaire, un Shemale Insert pourrait \u00eatre l&rsquo;option parfaite pour vous. Vous pouvez ainsi utiliser ensemble votre poup\u00e9e sexuelle. L&rsquo;insert Shemale se fixe tr\u00e8s facilement sur le vagin. Son aspect est tr\u00e8s r\u00e9aliste et ressemble fortement \u00e0 l&rsquo;aspect d&rsquo;un vrai p\u00e9nis. Actuellement, seule la variante de 15 cm est disponible en stock. Cet insert est toutefois universel et convient \u00e0 toutes les poup\u00e9es sexuelles, quelle que soit leur marque.<\/p>\n","protected":false},"featured_media":21024,"comment_status":"open","ping_status":"closed","template":"","meta":[],"product_brand":[],"product_cat":[617],"product_tag":[],"class_list":{"0":"post-27305","1":"product","2":"type-product","3":"status-publish","4":"has-post-thumbnail","6":"product_cat-accessoires","7":"product_shipping_class-small-fr","9":"first","10":"instock","11":"taxable","12":"shipping-taxable","13":"purchasable","14":"product-type-simple"},"_links":{"self":[{"href":"https:\/\/doll.shop\/fr\/wp-json\/wp\/v2\/product\/27305","targetHints":{"allow":["GET"]}}],"collection":[{"href":"https:\/\/doll.shop\/fr\/wp-json\/wp\/v2\/product"}],"about":[{"href":"https:\/\/doll.shop\/fr\/wp-json\/wp\/v2\/types\/product"}],"replies":[{"embeddable":true,"href":"https:\/\/doll.shop\/fr\/wp-json\/wp\/v2\/comments?post=27305"}],"wp:featuredmedia":[{"embeddable":true,"href":"https:\/\/doll.shop\/fr\/wp-json\/wp\/v2\/media\/21024"}],"wp:attachment":[{"href":"https:\/\/doll.shop\/fr\/wp-json\/wp\/v2\/media?parent=27305"}],"wp:term":[{"taxonomy":"product_brand","embeddable":true,"href":"https:\/\/doll.shop\/fr\/wp-json\/wp\/v2\/product_brand?post=27305"},{"taxonomy":"product_cat","embeddable":true,"href":"https:\/\/doll.shop\/fr\/wp-json\/wp\/v2\/product_cat?post=27305"},{"taxonomy":"product_tag","embeddable":true,"href":"https:\/\/doll.shop\/fr\/wp-json\/wp\/v2\/product_tag?post=27305"}],"curies":[{"name":"wp","href":"https:\/\/api.w.org\/{rel}","templated":true}]}}