{"id":27304,"date":"2022-09-20T10:46:40","date_gmt":"2022-09-20T08:46:40","guid":{"rendered":"https:\/\/doll.shop\/produkt\/tenue-sexy-avec-bijoux\/"},"modified":"2026-03-11T09:54:30","modified_gmt":"2026-03-11T08:54:30","slug":"tenue-sexy-avec-bijoux","status":"publish","type":"product","link":"https:\/\/doll.shop\/fr\/produit\/tenue-sexy-avec-bijoux\/","title":{"rendered":"Tenue sexy avec bijoux"},"content":{"rendered":"","protected":false},"excerpt":{"rendered":"<p>Doll.shop vous offre la possibilit\u00e9 d&rsquo;habiller votre poup\u00e9e sexuelle pour diff\u00e9rentes occasions. Cette &lsquo; tenue sexy &lsquo; est un v\u00eatement magnifique et s\u00e9duisant. Cette tenue a \u00e9t\u00e9 sp\u00e9cialement cr\u00e9\u00e9e pour les poup\u00e9es, de sorte qu&rsquo;elle conviendra certainement parfaitement \u00e0 votre poup\u00e9e sexuelle. De plus, cette tenue va comme un gant \u00e0 de nombreux mod\u00e8les diff\u00e9rents.<\/p>\n<p>Cette tenue se compose de trois pi\u00e8ces : une petite jupe, un haut et des bijoux.<\/p>\n","protected":false},"featured_media":21190,"comment_status":"open","ping_status":"closed","template":"","meta":[],"product_brand":[],"product_cat":[617],"product_tag":[],"class_list":{"0":"post-27304","1":"product","2":"type-product","3":"status-publish","4":"has-post-thumbnail","6":"product_cat-accessoires","7":"product_shipping_class-small-fr","9":"first","10":"outofstock","11":"taxable","12":"shipping-taxable","13":"purchasable","14":"product-type-simple"},"_links":{"self":[{"href":"https:\/\/doll.shop\/fr\/wp-json\/wp\/v2\/product\/27304","targetHints":{"allow":["GET"]}}],"collection":[{"href":"https:\/\/doll.shop\/fr\/wp-json\/wp\/v2\/product"}],"about":[{"href":"https:\/\/doll.shop\/fr\/wp-json\/wp\/v2\/types\/product"}],"replies":[{"embeddable":true,"href":"https:\/\/doll.shop\/fr\/wp-json\/wp\/v2\/comments?post=27304"}],"wp:featuredmedia":[{"embeddable":true,"href":"https:\/\/doll.shop\/fr\/wp-json\/wp\/v2\/media\/21190"}],"wp:attachment":[{"href":"https:\/\/doll.shop\/fr\/wp-json\/wp\/v2\/media?parent=27304"}],"wp:term":[{"taxonomy":"product_brand","embeddable":true,"href":"https:\/\/doll.shop\/fr\/wp-json\/wp\/v2\/product_brand?post=27304"},{"taxonomy":"product_cat","embeddable":true,"href":"https:\/\/doll.shop\/fr\/wp-json\/wp\/v2\/product_cat?post=27304"},{"taxonomy":"product_tag","embeddable":true,"href":"https:\/\/doll.shop\/fr\/wp-json\/wp\/v2\/product_tag?post=27304"}],"curies":[{"name":"wp","href":"https:\/\/api.w.org\/{rel}","templated":true}]}}