{"id":27303,"date":"2022-09-20T10:49:59","date_gmt":"2022-09-20T08:49:59","guid":{"rendered":"https:\/\/doll.shop\/produkt\/sous-vetements-pour-une-poupee-sexuelle\/"},"modified":"2026-03-11T09:09:43","modified_gmt":"2026-03-11T08:09:43","slug":"sous-vetements-pour-une-poupee-sexuelle","status":"publish","type":"product","link":"https:\/\/doll.shop\/fr\/produit\/sous-vetements-pour-une-poupee-sexuelle\/","title":{"rendered":"Sous-v\u00eatements pour une poup\u00e9e sexuelle"},"content":{"rendered":"","protected":false},"excerpt":{"rendered":"<p>De nombreuses femmes d\u00e9pensent beaucoup d&rsquo;argent pour de la belle lingerie, et ce n&rsquo;est pas sans raison. Un beau soutien-gorge peut mettre les seins d&rsquo;une femme, et aussi ceux d&rsquo;une poup\u00e9e sexuelle, beaucoup plus en valeur. Vous imaginez ces beaux sous-v\u00eatements sur votre poup\u00e9e d&rsquo;amour ? Si vous avez envie de passer des moments romantiques \u00e0 deux avec votre poup\u00e9e, vous devriez en tout cas r\u00e9fl\u00e9chir plus attentivement \u00e0 l&rsquo;achat de ces sous-v\u00eatements.<\/p>\n","protected":false},"featured_media":939271,"comment_status":"open","ping_status":"closed","template":"","meta":[],"product_brand":[],"product_cat":[617],"product_tag":[],"class_list":{"0":"post-27303","1":"product","2":"type-product","3":"status-publish","4":"has-post-thumbnail","6":"product_cat-accessoires","7":"product_shipping_class-small-fr","9":"first","10":"outofstock","11":"taxable","12":"shipping-taxable","13":"purchasable","14":"product-type-simple"},"_links":{"self":[{"href":"https:\/\/doll.shop\/fr\/wp-json\/wp\/v2\/product\/27303","targetHints":{"allow":["GET"]}}],"collection":[{"href":"https:\/\/doll.shop\/fr\/wp-json\/wp\/v2\/product"}],"about":[{"href":"https:\/\/doll.shop\/fr\/wp-json\/wp\/v2\/types\/product"}],"replies":[{"embeddable":true,"href":"https:\/\/doll.shop\/fr\/wp-json\/wp\/v2\/comments?post=27303"}],"wp:featuredmedia":[{"embeddable":true,"href":"https:\/\/doll.shop\/fr\/wp-json\/wp\/v2\/media\/939271"}],"wp:attachment":[{"href":"https:\/\/doll.shop\/fr\/wp-json\/wp\/v2\/media?parent=27303"}],"wp:term":[{"taxonomy":"product_brand","embeddable":true,"href":"https:\/\/doll.shop\/fr\/wp-json\/wp\/v2\/product_brand?post=27303"},{"taxonomy":"product_cat","embeddable":true,"href":"https:\/\/doll.shop\/fr\/wp-json\/wp\/v2\/product_cat?post=27303"},{"taxonomy":"product_tag","embeddable":true,"href":"https:\/\/doll.shop\/fr\/wp-json\/wp\/v2\/product_tag?post=27303"}],"curies":[{"name":"wp","href":"https:\/\/api.w.org\/{rel}","templated":true}]}}