{"id":27292,"date":"2023-02-09T11:19:43","date_gmt":"2023-02-09T10:19:43","guid":{"rendered":"https:\/\/doll.shop\/produkt\/ak-doll-maja-165cm\/"},"modified":"2026-03-10T23:26:24","modified_gmt":"2026-03-10T22:26:24","slug":"ak-doll-maja-165cm","status":"publish","type":"product","link":"https:\/\/doll.shop\/fr\/produit\/ak-doll-maja-165cm\/","title":{"rendered":"AK Doll Maja | 165cm"},"content":{"rendered":"","protected":false},"excerpt":{"rendered":"<p>Maja est une poup\u00e9e sexuelle premium de la marque AK Doll, qui a l&rsquo;air bien plus sage qu&rsquo;elle ne l&rsquo;est en r\u00e9alit\u00e9. Si vous avez envie d&rsquo;une aventure inoubliable avec une belle brune, vous devriez absolument examiner cette poup\u00e9e d&rsquo;amour de plus pr\u00e8s. Maja mesure 165 cm et peut donc \u00eatre la partenaire parfaite pour vous, quels que soient votre taille, votre \u00e2ge ou votre force. Maja a un visage enchanteur et magnifique avec des l\u00e8vres merveilleuses et pleines qui vous invitent \u00e0 l&#8217;embrasser. En plus de son joli visage, AK Doll Maja a \u00e9galement un corps de top-mod\u00e8le avec de beaux seins rebondis. Si vous optez pour cette poup\u00e9e sexuelle, enti\u00e8rement en silicone, votre vie sexuelle atteindra \u00e0 coup s\u00fbr un tout autre niveau.<\/p>\n","protected":false},"featured_media":23636,"comment_status":"open","ping_status":"closed","template":"","meta":[],"product_brand":[],"product_cat":[610,577],"product_tag":[],"class_list":{"0":"post-27292","1":"product","2":"type-product","3":"status-publish","4":"has-post-thumbnail","6":"product_cat-angel-kiss-dolls-ak-dolls","7":"product_cat-poupees-sexuelles","8":"pa_brand-ak-doll-fr","10":"first","11":"onbackorder","12":"taxable","13":"shipping-taxable","14":"purchasable","15":"product-type-simple"},"_links":{"self":[{"href":"https:\/\/doll.shop\/fr\/wp-json\/wp\/v2\/product\/27292","targetHints":{"allow":["GET"]}}],"collection":[{"href":"https:\/\/doll.shop\/fr\/wp-json\/wp\/v2\/product"}],"about":[{"href":"https:\/\/doll.shop\/fr\/wp-json\/wp\/v2\/types\/product"}],"replies":[{"embeddable":true,"href":"https:\/\/doll.shop\/fr\/wp-json\/wp\/v2\/comments?post=27292"}],"wp:featuredmedia":[{"embeddable":true,"href":"https:\/\/doll.shop\/fr\/wp-json\/wp\/v2\/media\/23636"}],"wp:attachment":[{"href":"https:\/\/doll.shop\/fr\/wp-json\/wp\/v2\/media?parent=27292"}],"wp:term":[{"taxonomy":"product_brand","embeddable":true,"href":"https:\/\/doll.shop\/fr\/wp-json\/wp\/v2\/product_brand?post=27292"},{"taxonomy":"product_cat","embeddable":true,"href":"https:\/\/doll.shop\/fr\/wp-json\/wp\/v2\/product_cat?post=27292"},{"taxonomy":"product_tag","embeddable":true,"href":"https:\/\/doll.shop\/fr\/wp-json\/wp\/v2\/product_tag?post=27292"}],"curies":[{"name":"wp","href":"https:\/\/api.w.org\/{rel}","templated":true}]}}