{"id":27291,"date":"2023-02-09T10:59:19","date_gmt":"2023-02-09T09:59:19","guid":{"rendered":"https:\/\/doll.shop\/produkt\/ak-doll-alessia-175-cm\/"},"modified":"2026-03-10T22:20:20","modified_gmt":"2026-03-10T21:20:20","slug":"ak-doll-alessia-175-cm","status":"publish","type":"product","link":"https:\/\/doll.shop\/fr\/produit\/ak-doll-alessia-175-cm\/","title":{"rendered":"AK Doll Alessia | 175 cm"},"content":{"rendered":"","protected":false},"excerpt":{"rendered":"<p>Cette belle blonde de la marque AK Doll se fait remarquer par sa silhouette incroyablement sportive. Alessia a un rire charmant qui rendra tous les hommes fous. Avec une taille de 175 cm, cette poup\u00e9e sexuelle est plut\u00f4t grande. C&rsquo;est pourquoi AK Doll Alessia est le match parfait pour tous les hommes qui aiment les femmes plus grandes. Alessia a des seins magnifiques et des fesses bien dessin\u00e9es. Ses jambes longues et fines et son ventre extr\u00eamement plat soulignent encore la sportivit\u00e9 de cette poup\u00e9e d&rsquo;amour. Alessia est enti\u00e8rement fabriqu\u00e9e en silicone, ce qui la rend non seulement de tr\u00e8s haute qualit\u00e9, mais aussi incroyablement r\u00e9aliste.<\/p>\n","protected":false},"featured_media":23634,"comment_status":"open","ping_status":"closed","template":"","meta":[],"product_brand":[],"product_cat":[610,577],"product_tag":[],"class_list":{"0":"post-27291","1":"product","2":"type-product","3":"status-publish","4":"has-post-thumbnail","6":"product_cat-angel-kiss-dolls-ak-dolls","7":"product_cat-poupees-sexuelles","8":"pa_brand-ak-doll-fr","10":"first","11":"onbackorder","12":"taxable","13":"shipping-taxable","14":"purchasable","15":"product-type-simple"},"_links":{"self":[{"href":"https:\/\/doll.shop\/fr\/wp-json\/wp\/v2\/product\/27291","targetHints":{"allow":["GET"]}}],"collection":[{"href":"https:\/\/doll.shop\/fr\/wp-json\/wp\/v2\/product"}],"about":[{"href":"https:\/\/doll.shop\/fr\/wp-json\/wp\/v2\/types\/product"}],"replies":[{"embeddable":true,"href":"https:\/\/doll.shop\/fr\/wp-json\/wp\/v2\/comments?post=27291"}],"wp:featuredmedia":[{"embeddable":true,"href":"https:\/\/doll.shop\/fr\/wp-json\/wp\/v2\/media\/23634"}],"wp:attachment":[{"href":"https:\/\/doll.shop\/fr\/wp-json\/wp\/v2\/media?parent=27291"}],"wp:term":[{"taxonomy":"product_brand","embeddable":true,"href":"https:\/\/doll.shop\/fr\/wp-json\/wp\/v2\/product_brand?post=27291"},{"taxonomy":"product_cat","embeddable":true,"href":"https:\/\/doll.shop\/fr\/wp-json\/wp\/v2\/product_cat?post=27291"},{"taxonomy":"product_tag","embeddable":true,"href":"https:\/\/doll.shop\/fr\/wp-json\/wp\/v2\/product_tag?post=27291"}],"curies":[{"name":"wp","href":"https:\/\/api.w.org\/{rel}","templated":true}]}}