{"id":27290,"date":"2022-12-12T10:25:24","date_gmt":"2022-12-12T09:25:24","guid":{"rendered":"https:\/\/doll.shop\/produkt\/ak-doll-thea-175-cm\/"},"modified":"2026-03-11T01:14:30","modified_gmt":"2026-03-11T00:14:30","slug":"ak-doll-thea-175-cm","status":"publish","type":"product","link":"https:\/\/doll.shop\/fr\/produit\/ak-doll-thea-175-cm\/","title":{"rendered":"AK Doll Thea | 175 cm"},"content":{"rendered":"","protected":false},"excerpt":{"rendered":"<p>Doll.shop vous pr\u00e9sente la poup\u00e9e AK Doll Thea, une poup\u00e9e haut de gamme tr\u00e8s particuli\u00e8re. Si vous ne cherchez que le meilleur du meilleur, vous ne devriez en aucun cas laisser passer cette magnifique brune. <\/p>\n<p>Cette poup\u00e9e d&rsquo;amour est tr\u00e8s impressionnante avec une taille de 175 cm. Elle est donc la partenaire id\u00e9ale pour tous les amateurs de femmes de grande taille. Thea a des jambes longues et fines qui rendent rapidement fou. De plus, cette brune a un corps de r\u00eave. Elle a des beaux et gros seins ainsi qu&rsquo;un beau derri\u00e8re sportif. De plus, AK Doll Thea est g\u00e9n\u00e9ralement tr\u00e8s mince et ne pr\u00e9sente des rondeurs f\u00e9minines qu&rsquo;aux endroits appropri\u00e9s. Thea a une couleur de peau tr\u00e8s claire, ce qui lui donne un aspect tr\u00e8s noble. Cette poup\u00e9e d&rsquo;amour de la marque AK Doll n&rsquo;a pas seulement un corps parfait, mais aussi un visage tr\u00e8s doux et beau. Imaginez les moments agr\u00e9ables et romantiques que vous pourrez passer avec Thea lors du d\u00eener. De plus, vous pouvez encore laisser libre cours \u00e0 votre imagination et r\u00e9aliser tous vos d\u00e9sirs sexuels avec cette femme de r\u00eave.<\/p>\n","protected":false},"featured_media":22656,"comment_status":"open","ping_status":"closed","template":"","meta":[],"product_brand":[],"product_cat":[610,577],"product_tag":[],"class_list":{"0":"post-27290","1":"product","2":"type-product","3":"status-publish","4":"has-post-thumbnail","6":"product_cat-angel-kiss-dolls-ak-dolls","7":"product_cat-poupees-sexuelles","8":"pa_brand-ak-doll-fr","10":"first","11":"onbackorder","12":"taxable","13":"shipping-taxable","14":"purchasable","15":"product-type-simple"},"_links":{"self":[{"href":"https:\/\/doll.shop\/fr\/wp-json\/wp\/v2\/product\/27290","targetHints":{"allow":["GET"]}}],"collection":[{"href":"https:\/\/doll.shop\/fr\/wp-json\/wp\/v2\/product"}],"about":[{"href":"https:\/\/doll.shop\/fr\/wp-json\/wp\/v2\/types\/product"}],"replies":[{"embeddable":true,"href":"https:\/\/doll.shop\/fr\/wp-json\/wp\/v2\/comments?post=27290"}],"wp:featuredmedia":[{"embeddable":true,"href":"https:\/\/doll.shop\/fr\/wp-json\/wp\/v2\/media\/22656"}],"wp:attachment":[{"href":"https:\/\/doll.shop\/fr\/wp-json\/wp\/v2\/media?parent=27290"}],"wp:term":[{"taxonomy":"product_brand","embeddable":true,"href":"https:\/\/doll.shop\/fr\/wp-json\/wp\/v2\/product_brand?post=27290"},{"taxonomy":"product_cat","embeddable":true,"href":"https:\/\/doll.shop\/fr\/wp-json\/wp\/v2\/product_cat?post=27290"},{"taxonomy":"product_tag","embeddable":true,"href":"https:\/\/doll.shop\/fr\/wp-json\/wp\/v2\/product_tag?post=27290"}],"curies":[{"name":"wp","href":"https:\/\/api.w.org\/{rel}","templated":true}]}}