{"id":27285,"date":"2022-09-08T10:20:42","date_gmt":"2022-09-08T08:20:42","guid":{"rendered":"https:\/\/doll.shop\/produkt\/ak-doll-annabel-175cm\/"},"modified":"2026-03-10T23:15:12","modified_gmt":"2026-03-10T22:15:12","slug":"ak-doll-annabel-175cm","status":"publish","type":"product","link":"https:\/\/doll.shop\/fr\/produit\/ak-doll-annabel-175cm\/","title":{"rendered":"AK Doll Annabel | 175cm"},"content":{"rendered":"","protected":false},"excerpt":{"rendered":"<p>Saviez-vous qu&rsquo;AK Doll fabrique des poup\u00e9es de luxe en silicone ? Bien s\u00fbr, nous avons aussi des mod\u00e8les de ce type pour vous chez Doll.shop. Cette tr\u00e8s grande brune est vraiment enti\u00e8rement en silicone. Avec une taille de 175 cm, cette poup\u00e9e d&rsquo;amour est vraiment impressionnante. De plus, gr\u00e2ce au mat\u00e9riau utilis\u00e9, cette poup\u00e9e est encore plus r\u00e9aliste qu&rsquo;une poup\u00e9e sexuelle en TPE. Les mod\u00e8les en silicone ont un degr\u00e9 de r\u00e9alisme vraiment \u00e9tonnant. Le poids d&rsquo;une poup\u00e9e a g\u00e9n\u00e9ralement une forte influence sur la facilit\u00e9 de manipulation. En d\u00e9pit de la tr\u00e8s grande taille de cette dame, elle ne p\u00e8se que 38 kilos. Cela est fortement li\u00e9 au mat\u00e9riau de la poup\u00e9e (silicone), car ce mat\u00e9riau est l\u00e9g\u00e8rement plus l\u00e9ger que le TPE.<\/p>\n<p>Cette poup\u00e9e d&rsquo;amour a un tr\u00e8s beau visage et un corps de r\u00eave. Elle a des seins magnifiques et parfaitement form\u00e9s. Elle a de longs cheveux noirs qui lui donnent un aspect tr\u00e8s noble. Gr\u00e2ce \u00e0 ses seins en gel, cette poup\u00e9e en silicone d&rsquo;AK Doll donne une sensation ultra r\u00e9aliste de la poitrine. De plus, cette poup\u00e9e a un physique \u00e9lanc\u00e9 avec un ventre plat et des jambes tr\u00e8s longues qui peuvent vite rendre fou.<\/p>\n<p>Veuillez noter que nous livrons tous les mod\u00e8les avec une perruque amovible par d\u00e9faut. Si vous souhaitez une perruque implant\u00e9e, veuillez nous contacter pour plus d&rsquo;information.<\/p>\n","protected":false},"featured_media":22048,"comment_status":"open","ping_status":"closed","template":"","meta":[],"product_brand":[],"product_cat":[610,577],"product_tag":[],"class_list":{"0":"post-27285","1":"product","2":"type-product","3":"status-publish","4":"has-post-thumbnail","6":"product_cat-angel-kiss-dolls-ak-dolls","7":"product_cat-poupees-sexuelles","8":"pa_brand-ak-doll-fr","10":"first","11":"onbackorder","12":"taxable","13":"shipping-taxable","14":"purchasable","15":"product-type-simple"},"_links":{"self":[{"href":"https:\/\/doll.shop\/fr\/wp-json\/wp\/v2\/product\/27285","targetHints":{"allow":["GET"]}}],"collection":[{"href":"https:\/\/doll.shop\/fr\/wp-json\/wp\/v2\/product"}],"about":[{"href":"https:\/\/doll.shop\/fr\/wp-json\/wp\/v2\/types\/product"}],"replies":[{"embeddable":true,"href":"https:\/\/doll.shop\/fr\/wp-json\/wp\/v2\/comments?post=27285"}],"wp:featuredmedia":[{"embeddable":true,"href":"https:\/\/doll.shop\/fr\/wp-json\/wp\/v2\/media\/22048"}],"wp:attachment":[{"href":"https:\/\/doll.shop\/fr\/wp-json\/wp\/v2\/media?parent=27285"}],"wp:term":[{"taxonomy":"product_brand","embeddable":true,"href":"https:\/\/doll.shop\/fr\/wp-json\/wp\/v2\/product_brand?post=27285"},{"taxonomy":"product_cat","embeddable":true,"href":"https:\/\/doll.shop\/fr\/wp-json\/wp\/v2\/product_cat?post=27285"},{"taxonomy":"product_tag","embeddable":true,"href":"https:\/\/doll.shop\/fr\/wp-json\/wp\/v2\/product_tag?post=27285"}],"curies":[{"name":"wp","href":"https:\/\/api.w.org\/{rel}","templated":true}]}}