{"id":27284,"date":"2022-08-12T08:31:38","date_gmt":"2022-08-12T06:31:38","guid":{"rendered":"https:\/\/doll.shop\/produkt\/ak-doll-serena-175cm\/"},"modified":"2026-03-11T01:33:37","modified_gmt":"2026-03-11T00:33:37","slug":"ak-doll-serena-175cm","status":"publish","type":"product","link":"https:\/\/doll.shop\/fr\/produit\/ak-doll-serena-175cm\/","title":{"rendered":"AK Doll Serena | 175cm"},"content":{"rendered":"","protected":false},"excerpt":{"rendered":"<p>Cette poup\u00e9e d&rsquo;amour de la marque AK Doll a un visage magnifique et un corps tout simplement parfait de mannequin de fitness. Elle a de magnifiques seins parfaitement form\u00e9s. Gr\u00e2ce aux seins en gel dont est dot\u00e9e cette poup\u00e9e en silicone, la sensation des seins est ultra r\u00e9aliste. De plus, cette poup\u00e9e a un physique \u00e9lanc\u00e9 avec un ventre plat et des jambes tr\u00e8s longues qui peuvent vite rendre fou. Si vous avez envie d&rsquo;une aventure, vous devriez absolument faire la connaissance de cette dame parfaite !<\/p>\n<p>Veuillez noter que nous livrons tous les mod\u00e8les avec une perruque amovible par d\u00e9faut. Si vous souhaitez une perruque implant\u00e9e, veuillez nous contacter pour plus d&rsquo;informations.<\/p>\n","protected":false},"featured_media":21960,"comment_status":"open","ping_status":"closed","template":"","meta":[],"product_brand":[],"product_cat":[610,577],"product_tag":[],"class_list":{"0":"post-27284","1":"product","2":"type-product","3":"status-publish","4":"has-post-thumbnail","6":"product_cat-angel-kiss-dolls-ak-dolls","7":"product_cat-poupees-sexuelles","8":"pa_brand-ak-doll-fr","10":"first","11":"onbackorder","12":"taxable","13":"shipping-taxable","14":"purchasable","15":"product-type-simple"},"_links":{"self":[{"href":"https:\/\/doll.shop\/fr\/wp-json\/wp\/v2\/product\/27284","targetHints":{"allow":["GET"]}}],"collection":[{"href":"https:\/\/doll.shop\/fr\/wp-json\/wp\/v2\/product"}],"about":[{"href":"https:\/\/doll.shop\/fr\/wp-json\/wp\/v2\/types\/product"}],"replies":[{"embeddable":true,"href":"https:\/\/doll.shop\/fr\/wp-json\/wp\/v2\/comments?post=27284"}],"wp:featuredmedia":[{"embeddable":true,"href":"https:\/\/doll.shop\/fr\/wp-json\/wp\/v2\/media\/21960"}],"wp:attachment":[{"href":"https:\/\/doll.shop\/fr\/wp-json\/wp\/v2\/media?parent=27284"}],"wp:term":[{"taxonomy":"product_brand","embeddable":true,"href":"https:\/\/doll.shop\/fr\/wp-json\/wp\/v2\/product_brand?post=27284"},{"taxonomy":"product_cat","embeddable":true,"href":"https:\/\/doll.shop\/fr\/wp-json\/wp\/v2\/product_cat?post=27284"},{"taxonomy":"product_tag","embeddable":true,"href":"https:\/\/doll.shop\/fr\/wp-json\/wp\/v2\/product_tag?post=27284"}],"curies":[{"name":"wp","href":"https:\/\/api.w.org\/{rel}","templated":true}]}}