{"id":27281,"date":"2022-11-21T10:26:07","date_gmt":"2022-11-21T09:26:07","guid":{"rendered":"https:\/\/doll.shop\/produkt\/ak-doll-martha-165cm\/"},"modified":"2026-03-11T00:23:42","modified_gmt":"2026-03-10T23:23:42","slug":"ak-doll-martha-165cm","status":"publish","type":"product","link":"https:\/\/doll.shop\/fr\/produit\/ak-doll-martha-165cm\/","title":{"rendered":"AK Doll Martha | 165cm"},"content":{"rendered":"","protected":false},"excerpt":{"rendered":"<p>Cette brune mesure 165 cm et attire tous les regards. Gr\u00e2ce \u00e0 sa taille tr\u00e8s r\u00e9aliste, cette poup\u00e9e sexuelle a l&rsquo;air indescriptiblement vraie. Elle a un corps tr\u00e8s mince avec des jambes longues et actrices. Le haut de son corps est \u00e9galement tr\u00e8s mince, \u00e0 l&rsquo;exception de ses seins. Elle a un ventre plat et tr\u00e8s sportif et de magnifiques seins parfaitement ronds. Mais cette poup\u00e9e n&rsquo;est pas seulement destin\u00e9e aux amateurs de poitrine. Elle a aussi un beau cul. Elle a \u00e9galement un beau visage parfaitement sym\u00e9trique. Si vous voyez cette beaut\u00e9 pour la premi\u00e8re fois, vous n&rsquo;en croirez probablement pas vos yeux. Il est difficile d&rsquo;imaginer qu&rsquo;une personne puisse \u00eatre aussi belle en vrai. Vous pouvez vraiment faire tout ce dont vous avez envie avec cette poup\u00e9e sexuelle de la marque AK Doll. Peu importe que vous soyez plut\u00f4t d&rsquo;humeur \u00e0 faire des c\u00e2lins au lit ou que vous souhaitiez r\u00e9aliser vos fantasmes les plus fous avec cette poup\u00e9e d&rsquo;amour. Quand nous disons que tout est possible, nous le pensons vraiment. Vous pouvez essayer diff\u00e9rentes positions pendant les rapports sexuels, mais vous pouvez aussi opter pour un jeu de r\u00f4le avec la poup\u00e9e d&rsquo;AK Doll. Vous d\u00e9cidez \u00e0 tout moment de ce que vous faites ensemble avec la femme de vos r\u00eaves.<\/p>\n<p>Veuillez noter que tous les mod\u00e8les d&rsquo;AK Doll sont livr\u00e9s en standard avec une perruque amovible. Si vous souhaitez une perruque implant\u00e9e, veuillez nous contacter pour plus d&rsquo;informations.<\/p>\n","protected":false},"featured_media":22208,"comment_status":"open","ping_status":"closed","template":"","meta":[],"product_brand":[],"product_cat":[610,577],"product_tag":[],"class_list":{"0":"post-27281","1":"product","2":"type-product","3":"status-publish","4":"has-post-thumbnail","6":"product_cat-angel-kiss-dolls-ak-dolls","7":"product_cat-poupees-sexuelles","8":"pa_brand-ak-doll-fr","10":"first","11":"onbackorder","12":"taxable","13":"shipping-taxable","14":"purchasable","15":"product-type-simple"},"_links":{"self":[{"href":"https:\/\/doll.shop\/fr\/wp-json\/wp\/v2\/product\/27281","targetHints":{"allow":["GET"]}}],"collection":[{"href":"https:\/\/doll.shop\/fr\/wp-json\/wp\/v2\/product"}],"about":[{"href":"https:\/\/doll.shop\/fr\/wp-json\/wp\/v2\/types\/product"}],"replies":[{"embeddable":true,"href":"https:\/\/doll.shop\/fr\/wp-json\/wp\/v2\/comments?post=27281"}],"wp:featuredmedia":[{"embeddable":true,"href":"https:\/\/doll.shop\/fr\/wp-json\/wp\/v2\/media\/22208"}],"wp:attachment":[{"href":"https:\/\/doll.shop\/fr\/wp-json\/wp\/v2\/media?parent=27281"}],"wp:term":[{"taxonomy":"product_brand","embeddable":true,"href":"https:\/\/doll.shop\/fr\/wp-json\/wp\/v2\/product_brand?post=27281"},{"taxonomy":"product_cat","embeddable":true,"href":"https:\/\/doll.shop\/fr\/wp-json\/wp\/v2\/product_cat?post=27281"},{"taxonomy":"product_tag","embeddable":true,"href":"https:\/\/doll.shop\/fr\/wp-json\/wp\/v2\/product_tag?post=27281"}],"curies":[{"name":"wp","href":"https:\/\/api.w.org\/{rel}","templated":true}]}}